{"id":14027,"date":"2021-09-20T13:23:35","date_gmt":"2021-09-20T11:23:35","guid":{"rendered":"https:\/\/campingriotus.net\/image-gallery\/"},"modified":"2021-09-20T13:23:35","modified_gmt":"2021-09-20T11:23:35","slug":"image-gallery","status":"publish","type":"page","link":"https:\/\/campingriotus.net\/en\/image-gallery\/","title":{"rendered":"Image Gallery"},"content":{"rendered":"<p>[et_pb_section fb_built=&#8221;1&#8243; prev_background_color=&#8221;#ffffff&#8221; _builder_version=&#8221;3.22&#8243; background_color=&#8221;#009b00&#8243; background_position=&#8221;bottom_center&#8221; background_blend=&#8221;overlay&#8221; custom_margin=&#8221;5px||&#8221; custom_padding=&#8221;80px||0||false|false&#8221; top_divider_style=&#8221;wave2&#8243; locked=&#8221;off&#8221; global_colors_info=&#8221;{}&#8221;][et_pb_row _builder_version=&#8221;3.25&#8243; custom_padding=&#8221;0|0px|0|0px|false|false&#8221; global_colors_info=&#8221;{}&#8221;][et_pb_column type=&#8221;4_4&#8243; _builder_version=&#8221;3.25&#8243; custom_padding=&#8221;|||&#8221; global_colors_info=&#8221;{}&#8221; custom_padding__hover=&#8221;|||&#8221;][et_pb_text _builder_version=&#8221;3.27.4&#8243; text_font=&#8221;||||||||&#8221; header_font=&#8221;||||||||&#8221; header_font_size=&#8221;40px&#8221; background_layout=&#8221;dark&#8221; text_text_shadow_style=&#8221;preset5&#8243; text_text_shadow_horizontal_length=&#8221;0.2em&#8221; text_text_shadow_vertical_length=&#8221;0.26em&#8221; text_text_shadow_blur_strength=&#8221;0.2em&#8221; global_colors_info=&#8221;{}&#8221;]<\/p>\n<h1>Image Gallery<\/h1>\n<p>[\/et_pb_text][\/et_pb_column][\/et_pb_row][\/et_pb_section][et_pb_section fb_built=&#8221;1&#8243; prev_background_color=&#8221;#009b00&#8243; _builder_version=&#8221;3.22&#8243; custom_padding=&#8221;80px|0px|0|0px|false|false&#8221; top_divider_style=&#8221;wave2&#8243; top_divider_flip=&#8221;vertical|horizontal&#8221; global_colors_info=&#8221;{}&#8221;][et_pb_row use_custom_gutter=&#8221;on&#8221; gutter_width=&#8221;2&#8243; _builder_version=&#8221;3.25&#8243; custom_padding=&#8221;31px|0px|0|0px|false|false&#8221; global_colors_info=&#8221;{}&#8221;][et_pb_column type=&#8221;4_4&#8243; _builder_version=&#8221;3.25&#8243; custom_padding=&#8221;|||&#8221; global_colors_info=&#8221;{}&#8221; custom_padding__hover=&#8221;|||&#8221;][et_pb_text _builder_version=&#8221;3.27.4&#8243; text_font=&#8221;||||||||&#8221; custom_margin=&#8221;||10px&#8221; global_colors_info=&#8221;{}&#8221;]<\/p>\n<h2>ENVIRONMENT<\/h2>\n<p>[\/et_pb_text][et_pb_divider divider_weight=&#8221;5px&#8221; _builder_version=&#8221;3.18.9&#8243; max_width=&#8221;10%&#8221; custom_margin=&#8221;||10px&#8221; locked=&#8221;off&#8221; global_colors_info=&#8221;{}&#8221;]<\/p>\n<p>\u00a0 <strong><em>\u201cBuena parte de los sue\u00f1os de tu vida s\u00f3lo los vas a roncar\u201d<\/em><\/strong>, me dec\u00eda un sabio amigo en una ocasi\u00f3n. <strong><em>\u201cPero no todos\u201d<\/em><\/strong> le contest\u00e9. <\/p>\n<p><strong>Una certeza:<\/strong> este entorno de fant\u00e1stico se merec\u00eda un camping como este, y un gran punto de locura dio con nosotros (emigrantes) en este terriblemente maravilloso proyecto de vida en un rec\u00f3ndito de valle de la Sierra del Segura. <\/p>\n<p>Una clara apuesta por el trato familiar, evitar las masificaciones y dar calidad y calidez a quien nos visita es el ADN de este proyecto. <\/p>\n<p>La eficiencia energ\u00e9tica y el compromiso con nuestro entorno tambi\u00e9n forma parte de nuestra filosof\u00eda, as\u00ed como la apuesta por el turismo activo, generando actividades de todo tipo durante las cuatro estaciones del a\u00f1o y ofreciendo al visitante la posibilidad de realizar actividades de aventura y educaci\u00f3n medio ambiental.<\/p>\n<p>[\/et_pb_divider][et_pb_gallery gallery_ids=&#8221;437,438,439,440,441,442,443,444,445,446,447,448,449,450&#8243; posts_number=&#8221;8&#8243; dbdb_version=&#8221;3.6.1&#8243; show_title_and_caption=&#8221;off&#8221; _builder_version=&#8221;3.19.5&#8243; global_colors_info=&#8221;{}&#8221;][\/et_pb_gallery][\/et_pb_column][\/et_pb_row][\/et_pb_section][et_pb_section fb_built=&#8221;1&#8243; prev_background_color=&#8221;#ffffff&#8221; next_background_color=&#8221;#ffffff&#8221; _builder_version=&#8221;3.22&#8243; background_color=&#8221;rgba(0,155,0,0.19)&#8221; custom_padding=&#8221;100px|0px|78px|0px|false|false&#8221; top_divider_style=&#8221;wave2&#8243; top_divider_flip=&#8221;horizontal&#8221; bottom_divider_style=&#8221;wave2&#8243; bottom_divider_flip=&#8221;vertical&#8221; global_colors_info=&#8221;{}&#8221;][et_pb_row use_custom_gutter=&#8221;on&#8221; gutter_width=&#8221;2&#8243; _builder_version=&#8221;3.25&#8243; custom_padding=&#8221;31px|0px|0|0px|false|false&#8221; global_colors_info=&#8221;{}&#8221;][et_pb_column type=&#8221;4_4&#8243; _builder_version=&#8221;3.25&#8243; custom_padding=&#8221;|||&#8221; global_colors_info=&#8221;{}&#8221; custom_padding__hover=&#8221;|||&#8221;][et_pb_text _builder_version=&#8221;3.27.4&#8243; text_font=&#8221;||||||||&#8221; custom_margin=&#8221;||10px&#8221; global_colors_info=&#8221;{}&#8221;]<\/p>\n<h2>CAMPSITE<\/h2>\n<p>[\/et_pb_text][et_pb_divider color=&#8221;#009b00&#8243; divider_weight=&#8221;5px&#8221; _builder_version=&#8221;3.19.5&#8243; max_width=&#8221;10%&#8221; custom_margin=&#8221;||10px&#8221; locked=&#8221;off&#8221; global_colors_info=&#8221;{}&#8221;]<\/p>\n<p>\u00a0 <strong><em>\u201cBuena parte de los sue\u00f1os de tu vida s\u00f3lo los vas a roncar\u201d<\/em><\/strong>, me dec\u00eda un sabio amigo en una ocasi\u00f3n. <strong><em>\u201cPero no todos\u201d<\/em><\/strong> le contest\u00e9. <\/p>\n<p><strong>Una certeza:<\/strong> este entorno de fant\u00e1stico se merec\u00eda un camping como este, y un gran punto de locura dio con nosotros (emigrantes) en este terriblemente maravilloso proyecto de vida en un rec\u00f3ndito de valle de la Sierra del Segura. <\/p>\n<p>Una clara apuesta por el trato familiar, evitar las masificaciones y dar calidad y calidez a quien nos visita es el ADN de este proyecto. <\/p>\n<p>La eficiencia energ\u00e9tica y el compromiso con nuestro entorno tambi\u00e9n forma parte de nuestra filosof\u00eda, as\u00ed como la apuesta por el turismo activo, generando actividades de todo tipo durante las cuatro estaciones del a\u00f1o y ofreciendo al visitante la posibilidad de realizar actividades de aventura y educaci\u00f3n medio ambiental.<\/p>\n<p>[\/et_pb_divider][et_pb_gallery gallery_ids=&#8221;454,455,456,457,458,459,460,461,462,463,464,465,466,467,468,469,470,471,472,473,474,475,476,477,478,479,480,481,482,483,484,485,486,487,488,489,490,491,492,493&#8243; posts_number=&#8221;12&#8243; dbdb_version=&#8221;3.6.1&#8243; show_title_and_caption=&#8221;off&#8221; _builder_version=&#8221;3.19.5&#8243; global_colors_info=&#8221;{}&#8221;][\/et_pb_gallery][\/et_pb_column][\/et_pb_row][\/et_pb_section][et_pb_section fb_built=&#8221;1&#8243; _builder_version=&#8221;3.22&#8243; custom_padding=&#8221;41px|0px|0|0px|false|false&#8221; top_divider_flip=&#8221;vertical|horizontal&#8221; global_colors_info=&#8221;{}&#8221;][et_pb_row use_custom_gutter=&#8221;on&#8221; gutter_width=&#8221;2&#8243; _builder_version=&#8221;3.25&#8243; global_colors_info=&#8221;{}&#8221;][et_pb_column type=&#8221;4_4&#8243; _builder_version=&#8221;3.25&#8243; custom_padding=&#8221;|||&#8221; global_colors_info=&#8221;{}&#8221; custom_padding__hover=&#8221;|||&#8221;][et_pb_text _builder_version=&#8221;3.27.4&#8243; text_font=&#8221;||||||||&#8221; custom_margin=&#8221;||10px&#8221; global_colors_info=&#8221;{}&#8221;]<\/p>\n<h2>RURAL HOUSES<\/h2>\n<p>[\/et_pb_text][et_pb_divider divider_weight=&#8221;5px&#8221; _builder_version=&#8221;3.18.9&#8243; max_width=&#8221;10%&#8221; custom_margin=&#8221;||10px&#8221; locked=&#8221;off&#8221; global_colors_info=&#8221;{}&#8221;]<\/p>\n<p>\u00a0 <strong><em>\u201cBuena parte de los sue\u00f1os de tu vida s\u00f3lo los vas a roncar\u201d<\/em><\/strong>, me dec\u00eda un sabio amigo en una ocasi\u00f3n. <strong><em>\u201cPero no todos\u201d<\/em><\/strong> le contest\u00e9. <\/p>\n<p><strong>Una certeza:<\/strong> este entorno de fant\u00e1stico se merec\u00eda un camping como este, y un gran punto de locura dio con nosotros (emigrantes) en este terriblemente maravilloso proyecto de vida en un rec\u00f3ndito de valle de la Sierra del Segura. <\/p>\n<p>Una clara apuesta por el trato familiar, evitar las masificaciones y dar calidad y calidez a quien nos visita es el ADN de este proyecto. <\/p>\n<p>La eficiencia energ\u00e9tica y el compromiso con nuestro entorno tambi\u00e9n forma parte de nuestra filosof\u00eda, as\u00ed como la apuesta por el turismo activo, generando actividades de todo tipo durante las cuatro estaciones del a\u00f1o y ofreciendo al visitante la posibilidad de realizar actividades de aventura y educaci\u00f3n medio ambiental.<\/p>\n<p>[\/et_pb_divider][et_pb_gallery gallery_ids=&#8221;504,503,505,498,499,500,501,502&#8243; posts_number=&#8221;8&#8243; dbdb_version=&#8221;3.6.1&#8243; show_title_and_caption=&#8221;off&#8221; _builder_version=&#8221;3.19.5&#8243; global_colors_info=&#8221;{}&#8221;][\/et_pb_gallery][\/et_pb_column][\/et_pb_row][\/et_pb_section]<\/p>\n","protected":false},"excerpt":{"rendered":"<p>Image GalleryENVIRONMENT\u00a0 \u201cBuena parte de los sue\u00f1os de tu vida s\u00f3lo los vas a roncar\u201d, me dec\u00eda un sabio amigo en una ocasi\u00f3n. \u201cPero no todos\u201d le contest\u00e9. Una certeza: este entorno de fant\u00e1stico se merec\u00eda un camping como este, y un gran punto de locura dio con nosotros (emigrantes) en este terriblemente maravilloso proyecto [&hellip;]<\/p>\n","protected":false},"author":1,"featured_media":0,"parent":0,"menu_order":0,"comment_status":"closed","ping_status":"closed","template":"","meta":{"_acf_changed":false,"_et_pb_use_builder":"on","_et_pb_old_content":"","_et_gb_content_width":"","footnotes":""},"class_list":["post-14027","page","type-page","status-publish","hentry"],"acf":[],"yoast_head":"<!-- This site is optimized with the Yoast SEO plugin v27.4 - https:\/\/yoast.com\/product\/yoast-seo-wordpress\/ -->\n<title>Gallery of images of the wonderful environment around the Sierra del Segura in Yeste<\/title>\n<meta name=\"description\" content=\"Images of some of the wonderful places that you can find in the Sierra del Segura - Yeste and our campsite, Visit us\" \/>\n<meta name=\"robots\" content=\"index, follow, max-snippet:-1, max-image-preview:large, max-video-preview:-1\" \/>\n<link rel=\"canonical\" href=\"https:\/\/campingriotus.net\/en\/image-gallery\/\" \/>\n<meta property=\"og:locale\" content=\"en_US\" \/>\n<meta property=\"og:type\" content=\"article\" \/>\n<meta property=\"og:title\" content=\"Gallery of images of the wonderful environment around the Sierra del Segura in Yeste\" \/>\n<meta property=\"og:description\" content=\"Images of some of the wonderful places that you can find in the Sierra del Segura - Yeste and our campsite, Visit us\" \/>\n<meta property=\"og:url\" content=\"https:\/\/campingriotus.net\/en\/image-gallery\/\" \/>\n<meta property=\"og:site_name\" content=\"CAMPING RIO TUS\" \/>\n<meta name=\"twitter:card\" content=\"summary_large_image\" \/>\n<meta name=\"twitter:label1\" content=\"Est. reading time\" \/>\n\t<meta name=\"twitter:data1\" content=\"5 minutes\" \/>\n<script type=\"application\/ld+json\" class=\"yoast-schema-graph\">{\"@context\":\"https:\\\/\\\/schema.org\",\"@graph\":[{\"@type\":\"WebPage\",\"@id\":\"https:\\\/\\\/campingriotus.net\\\/en\\\/image-gallery\\\/\",\"url\":\"https:\\\/\\\/campingriotus.net\\\/en\\\/image-gallery\\\/\",\"name\":\"Gallery of images of the wonderful environment around the Sierra del Segura in Yeste\",\"isPartOf\":{\"@id\":\"https:\\\/\\\/campingriotus.net\\\/en\\\/#website\"},\"datePublished\":\"2021-09-20T11:23:35+00:00\",\"description\":\"Images of some of the wonderful places that you can find in the Sierra del Segura - Yeste and our campsite, Visit us\",\"breadcrumb\":{\"@id\":\"https:\\\/\\\/campingriotus.net\\\/en\\\/image-gallery\\\/#breadcrumb\"},\"inLanguage\":\"en-US\",\"potentialAction\":[{\"@type\":\"ReadAction\",\"target\":[\"https:\\\/\\\/campingriotus.net\\\/en\\\/image-gallery\\\/\"]}]},{\"@type\":\"BreadcrumbList\",\"@id\":\"https:\\\/\\\/campingriotus.net\\\/en\\\/image-gallery\\\/#breadcrumb\",\"itemListElement\":[{\"@type\":\"ListItem\",\"position\":1,\"name\":\"Portada\",\"item\":\"https:\\\/\\\/campingriotus.net\\\/en\\\/\"},{\"@type\":\"ListItem\",\"position\":2,\"name\":\"Image Gallery\"}]},{\"@type\":\"WebSite\",\"@id\":\"https:\\\/\\\/campingriotus.net\\\/en\\\/#website\",\"url\":\"https:\\\/\\\/campingriotus.net\\\/en\\\/\",\"name\":\"CAMPING RIO TUS\",\"description\":\"CAMPING RIO TUS\",\"publisher\":{\"@id\":\"https:\\\/\\\/campingriotus.net\\\/en\\\/#organization\"},\"potentialAction\":[{\"@type\":\"SearchAction\",\"target\":{\"@type\":\"EntryPoint\",\"urlTemplate\":\"https:\\\/\\\/campingriotus.net\\\/en\\\/?s={search_term_string}\"},\"query-input\":{\"@type\":\"PropertyValueSpecification\",\"valueRequired\":true,\"valueName\":\"search_term_string\"}}],\"inLanguage\":\"en-US\"},{\"@type\":\"Organization\",\"@id\":\"https:\\\/\\\/campingriotus.net\\\/en\\\/#organization\",\"name\":\"CAMPING RIO TUS S.L.\",\"url\":\"https:\\\/\\\/campingriotus.net\\\/en\\\/\",\"logo\":{\"@type\":\"ImageObject\",\"inLanguage\":\"en-US\",\"@id\":\"https:\\\/\\\/campingriotus.net\\\/en\\\/#\\\/schema\\\/logo\\\/image\\\/\",\"url\":\"https:\\\/\\\/campingriotus.net\\\/wp-content\\\/uploads\\\/2018\\\/12\\\/camping-rio-tus-logo.png\",\"contentUrl\":\"https:\\\/\\\/campingriotus.net\\\/wp-content\\\/uploads\\\/2018\\\/12\\\/camping-rio-tus-logo.png\",\"width\":382,\"height\":247,\"caption\":\"CAMPING RIO TUS S.L.\"},\"image\":{\"@id\":\"https:\\\/\\\/campingriotus.net\\\/en\\\/#\\\/schema\\\/logo\\\/image\\\/\"}}]}<\/script>\n<!-- \/ Yoast SEO plugin. -->","yoast_head_json":{"title":"Gallery of images of the wonderful environment around the Sierra del Segura in Yeste","description":"Images of some of the wonderful places that you can find in the Sierra del Segura - Yeste and our campsite, Visit us","robots":{"index":"index","follow":"follow","max-snippet":"max-snippet:-1","max-image-preview":"max-image-preview:large","max-video-preview":"max-video-preview:-1"},"canonical":"https:\/\/campingriotus.net\/en\/image-gallery\/","og_locale":"en_US","og_type":"article","og_title":"Gallery of images of the wonderful environment around the Sierra del Segura in Yeste","og_description":"Images of some of the wonderful places that you can find in the Sierra del Segura - Yeste and our campsite, Visit us","og_url":"https:\/\/campingriotus.net\/en\/image-gallery\/","og_site_name":"CAMPING RIO TUS","twitter_card":"summary_large_image","twitter_misc":{"Est. reading time":"5 minutes"},"schema":{"@context":"https:\/\/schema.org","@graph":[{"@type":"WebPage","@id":"https:\/\/campingriotus.net\/en\/image-gallery\/","url":"https:\/\/campingriotus.net\/en\/image-gallery\/","name":"Gallery of images of the wonderful environment around the Sierra del Segura in Yeste","isPartOf":{"@id":"https:\/\/campingriotus.net\/en\/#website"},"datePublished":"2021-09-20T11:23:35+00:00","description":"Images of some of the wonderful places that you can find in the Sierra del Segura - Yeste and our campsite, Visit us","breadcrumb":{"@id":"https:\/\/campingriotus.net\/en\/image-gallery\/#breadcrumb"},"inLanguage":"en-US","potentialAction":[{"@type":"ReadAction","target":["https:\/\/campingriotus.net\/en\/image-gallery\/"]}]},{"@type":"BreadcrumbList","@id":"https:\/\/campingriotus.net\/en\/image-gallery\/#breadcrumb","itemListElement":[{"@type":"ListItem","position":1,"name":"Portada","item":"https:\/\/campingriotus.net\/en\/"},{"@type":"ListItem","position":2,"name":"Image Gallery"}]},{"@type":"WebSite","@id":"https:\/\/campingriotus.net\/en\/#website","url":"https:\/\/campingriotus.net\/en\/","name":"CAMPING RIO TUS","description":"CAMPING RIO TUS","publisher":{"@id":"https:\/\/campingriotus.net\/en\/#organization"},"potentialAction":[{"@type":"SearchAction","target":{"@type":"EntryPoint","urlTemplate":"https:\/\/campingriotus.net\/en\/?s={search_term_string}"},"query-input":{"@type":"PropertyValueSpecification","valueRequired":true,"valueName":"search_term_string"}}],"inLanguage":"en-US"},{"@type":"Organization","@id":"https:\/\/campingriotus.net\/en\/#organization","name":"CAMPING RIO TUS S.L.","url":"https:\/\/campingriotus.net\/en\/","logo":{"@type":"ImageObject","inLanguage":"en-US","@id":"https:\/\/campingriotus.net\/en\/#\/schema\/logo\/image\/","url":"https:\/\/campingriotus.net\/wp-content\/uploads\/2018\/12\/camping-rio-tus-logo.png","contentUrl":"https:\/\/campingriotus.net\/wp-content\/uploads\/2018\/12\/camping-rio-tus-logo.png","width":382,"height":247,"caption":"CAMPING RIO TUS S.L."},"image":{"@id":"https:\/\/campingriotus.net\/en\/#\/schema\/logo\/image\/"}}]}},"_links":{"self":[{"href":"https:\/\/campingriotus.net\/en\/wp-json\/wp\/v2\/pages\/14027","targetHints":{"allow":["GET"]}}],"collection":[{"href":"https:\/\/campingriotus.net\/en\/wp-json\/wp\/v2\/pages"}],"about":[{"href":"https:\/\/campingriotus.net\/en\/wp-json\/wp\/v2\/types\/page"}],"author":[{"embeddable":true,"href":"https:\/\/campingriotus.net\/en\/wp-json\/wp\/v2\/users\/1"}],"replies":[{"embeddable":true,"href":"https:\/\/campingriotus.net\/en\/wp-json\/wp\/v2\/comments?post=14027"}],"version-history":[{"count":2,"href":"https:\/\/campingriotus.net\/en\/wp-json\/wp\/v2\/pages\/14027\/revisions"}],"predecessor-version":[{"id":14029,"href":"https:\/\/campingriotus.net\/en\/wp-json\/wp\/v2\/pages\/14027\/revisions\/14029"}],"wp:attachment":[{"href":"https:\/\/campingriotus.net\/en\/wp-json\/wp\/v2\/media?parent=14027"}],"curies":[{"name":"wp","href":"https:\/\/api.w.org\/{rel}","templated":true}]}}