{"id":13562,"date":"2021-09-15T17:47:20","date_gmt":"2021-09-15T15:47:20","guid":{"rendered":"https:\/\/campingriotus.net\/conocenos\/"},"modified":"2021-09-20T11:33:37","modified_gmt":"2021-09-20T09:33:37","slug":"conocenos","status":"publish","type":"page","link":"https:\/\/campingriotus.net\/fr\/conocenos\/","title":{"rendered":"Con\u00f3cenos"},"content":{"rendered":"<p>[et_pb_section fb_built=\u00a0\u00bb1&Prime; prev_background_color=\u00a0\u00bb#ffffff\u00a0\u00bb _builder_version=\u00a0\u00bb3.22&Prime; background_color=\u00a0\u00bb#009b00&Prime; background_position=\u00a0\u00bbbottom_center\u00a0\u00bb background_blend=\u00a0\u00bboverlay\u00a0\u00bb custom_margin=\u00a0\u00bb5px||\u00a0\u00bb custom_padding=\u00a0\u00bb80px||0||false|false\u00a0\u00bb top_divider_style=\u00a0\u00bbwave2&Prime; locked=\u00a0\u00bboff\u00a0\u00bb][et_pb_row _builder_version=\u00a0\u00bb3.25&Prime; custom_padding=\u00a0\u00bb0|0px|0|0px|false|false\u00a0\u00bb][et_pb_column type=\u00a0\u00bb4_4&Prime; _builder_version=\u00a0\u00bb3.25&Prime; custom_padding=\u00a0\u00bb|||\u00a0\u00bb custom_padding__hover=\u00a0\u00bb|||\u00a0\u00bb][et_pb_text _builder_version=\u00a0\u00bb3.27.4&Prime; text_font=\u00a0\u00bb||||||||\u00a0\u00bb header_font=\u00a0\u00bb||||||||\u00a0\u00bb header_font_size=\u00a0\u00bb40px\u00a0\u00bb background_layout=\u00a0\u00bbdark\u00a0\u00bb text_text_shadow_style=\u00a0\u00bbpreset5&Prime; text_text_shadow_horizontal_length=\u00a0\u00bb0.2em\u00a0\u00bb text_text_shadow_vertical_length=\u00a0\u00bb0.26em\u00a0\u00bb text_text_shadow_blur_strength=\u00a0\u00bb0.2em\u00a0\u00bb]<\/p>\n<h1>\u00c0 NOTRE SUJET<\/h1>\n<p>[\/et_pb_text][\/et_pb_column][\/et_pb_row][\/et_pb_section][et_pb_section fb_built=\u00a0\u00bb1&Prime; prev_background_color=\u00a0\u00bb#009b00&Prime; _builder_version=\u00a0\u00bb3.22&Prime; custom_padding=\u00a0\u00bb100px|0px|62px|0px|false|false\u00a0\u00bb top_divider_style=\u00a0\u00bbwave2&Prime; top_divider_flip=\u00a0\u00bbvertical|horizontal\u00a0\u00bb][et_pb_row column_structure=\u00a0\u00bb1_2,1_2&Prime; _builder_version=\u00a0\u00bb3.25&Prime;][et_pb_column type=\u00a0\u00bb1_2&Prime; _builder_version=\u00a0\u00bb3.25&Prime; custom_padding=\u00a0\u00bb|||\u00a0\u00bb custom_padding__hover=\u00a0\u00bb|||\u00a0\u00bb][et_pb_text _builder_version=\u00a0\u00bb3.27.4&Prime; text_font=\u00a0\u00bb||||||||\u00a0\u00bb custom_margin=\u00a0\u00bb||10px\u00a0\u00bb]<\/p>\n<h2>NOTRE PHISOLOPHIE<\/h2>\n<p>[\/et_pb_text][et_pb_divider divider_weight=\u00a0\u00bb5px\u00a0\u00bb _builder_version=\u00a0\u00bb3.18.9&Prime; max_width=\u00a0\u00bb10%\u00a0\u00bb custom_margin=\u00a0\u00bb||10px\u00a0\u00bb locked=\u00a0\u00bboff\u00a0\u00bb]<\/p>\n<p>\u00a0 <strong><em>\u201cBuena parte de los sue\u00f1os de tu vida s\u00f3lo los vas a roncar\u201d<\/em><\/strong>, me dec\u00eda un sabio amigo en una ocasi\u00f3n. <strong><em>\u201cPero no todos\u201d<\/em><\/strong> le contest\u00e9. <\/p>\n<p><strong>Una certeza:<\/strong> este entorno de fant\u00e1stico se merec\u00eda un camping como este, y un gran punto de locura dio con nosotros (emigrantes) en este terriblemente maravilloso proyecto de vida en un rec\u00f3ndito de valle de la Sierra del Segura. <\/p>\n<p>Una clara apuesta por el trato familiar, evitar las masificaciones y dar calidad y calidez a quien nos visita es el ADN de este proyecto. <\/p>\n<p>La eficiencia energ\u00e9tica y el compromiso con nuestro entorno tambi\u00e9n forma parte de nuestra filosof\u00eda, as\u00ed como la apuesta por el turismo activo, generando actividades de todo tipo durante las cuatro estaciones del a\u00f1o y ofreciendo al visitante la posibilidad de realizar actividades de aventura y educaci\u00f3n medio ambiental.<\/p>\n<p>[\/et_pb_divider][et_pb_text _builder_version=\u00a0\u00bb3.27.4&Prime; text_font=\u00a0\u00bb||||||||\u00a0\u00bb text_font_size=\u00a0\u00bb18px\u00a0\u00bb]<\/p>\n<p><strong><em>\u201cUne bonne partie de tes r\u00eaves ne seront que \u00e7a, des r\u00eaves!\u201d<\/em><\/strong> me disait un jour un ami sage. J\u2019avais r\u00e9pondu <strong><em>\u201cPas tous!\u201d<\/em><\/strong>.<\/p>\n<p><strong>Une certitude<\/strong>: cet environnement \u00e9blouissant de beaut\u00e9 m\u00e9ritait un camping comme le n\u00f4tre et nouveaux arrivants ici, nous avons \u00e9t\u00e9 touch\u00e9s par un grain de folie mat\u00e9rialis\u00e9 dans un projet de vie merveilleux dans un coin cach\u00e9 de la vall\u00e9e de la Sierra del Segura.<\/p>\n<p>Un choix d\u00e9cid\u00e9 pour l\u2019accueil familial, de qualit\u00e9 et chaleureux, de ceux qui nous visitent est l\u2019essence m\u00eame de notre projet qui pr\u00e9tend \u00e9viter les massifications.<\/p>\n<p>L\u2019efficience \u00e9nerg\u00e9tique et l\u2019environnement forment partie de notre philosophie ainsi que le choix d\u2019un tourisme actif, g\u00e9n\u00e9rateur de toutes sortesd\u2019activit\u00e9s au fil de l\u2019ann\u00e9e et offrant au visiteur la possibilit\u00e9 d\u2019activit\u00e9s d\u2019aventure et d\u2019\u00e9ducation environnementale.<\/p>\n<p>[\/et_pb_text][\/et_pb_column][et_pb_column type=\u00a0\u00bb1_2&Prime; _builder_version=\u00a0\u00bb3.25&Prime; custom_padding=\u00a0\u00bb|||\u00a0\u00bb custom_padding__hover=\u00a0\u00bb|||\u00a0\u00bb][et_pb_image src=\u00a0\u00bbhttps:\/\/campingriotus.net\/wp-content\/uploads\/2021\/08\/conocenos-camping-rio-tus.jpg\u00a0\u00bb align_tablet=\u00a0\u00bbcenter\u00a0\u00bb align_phone=\u00a0\u00bb\u00a0\u00bb align_last_edited=\u00a0\u00bbon|desktop\u00a0\u00bb _builder_version=\u00a0\u00bb4.9.10&Prime; hover_enabled=\u00a0\u00bb0&Prime; sticky_enabled=\u00a0\u00bb0&Prime; alt=\u00a0\u00bb\u00c0 NOTRE SUJET Camping R\u00edo Tus. NOTRE PHISOLOPHIE\u00a0\u00bb title_text=\u00a0\u00bb\u00c0 NOTRE SUJET Camping R\u00edo Tus. NOTRE PHISOLOPHIE\u00a0\u00bb border_radii=\u00a0\u00bboff|130px|80px||\u00a0\u00bb custom_margin=\u00a0\u00bb30px||||false|false\u00a0\u00bb box_shadow_style=\u00a0\u00bbpreset5&Prime;][\/et_pb_image][\/et_pb_column][\/et_pb_row][\/et_pb_section]<\/p>\n","protected":false},"excerpt":{"rendered":"<p>\u00c0 NOTRE SUJETNOTRE PHISOLOPHIE\u00a0 \u201cBuena parte de los sue\u00f1os de tu vida s\u00f3lo los vas a roncar\u201d, me dec\u00eda un sabio amigo en una ocasi\u00f3n. \u201cPero no todos\u201d le contest\u00e9. Una certeza: este entorno de fant\u00e1stico se merec\u00eda un camping como este, y un gran punto de locura dio con nosotros (emigrantes) en este terriblemente [&hellip;]<\/p>\n","protected":false},"author":1,"featured_media":0,"parent":0,"menu_order":0,"comment_status":"closed","ping_status":"closed","template":"","meta":{"_acf_changed":false,"_et_pb_use_builder":"on","_et_pb_old_content":"","_et_gb_content_width":"","footnotes":""},"class_list":["post-13562","page","type-page","status-publish","hentry"],"acf":[],"yoast_head":"<!-- This site is optimized with the Yoast SEO plugin v27.4 - https:\/\/yoast.com\/product\/yoast-seo-wordpress\/ -->\n<title>Desparages fantastiques \u00e0Yestem\u00e9ritaient un camping comme celui-ci<\/title>\n<meta name=\"description\" content=\"Apostamos por el trato familiar, la tranquilidad y un servicio impecable. El compromiso con el entorno y la naturaleza es nuestra filosof\u00eda.\" \/>\n<meta name=\"robots\" content=\"index, follow, max-snippet:-1, max-image-preview:large, max-video-preview:-1\" \/>\n<link rel=\"canonical\" href=\"https:\/\/campingriotus.net\/fr\/conocenos\/\" \/>\n<meta property=\"og:locale\" content=\"fr_FR\" \/>\n<meta property=\"og:type\" content=\"article\" \/>\n<meta property=\"og:title\" content=\"Desparages fantastiques \u00e0Yestem\u00e9ritaient un camping comme celui-ci\" \/>\n<meta property=\"og:description\" content=\"Apostamos por el trato familiar, la tranquilidad y un servicio impecable. El compromiso con el entorno y la naturaleza es nuestra filosof\u00eda.\" \/>\n<meta property=\"og:url\" content=\"https:\/\/campingriotus.net\/fr\/conocenos\/\" \/>\n<meta property=\"og:site_name\" content=\"CAMPING RIO TUS\" \/>\n<meta property=\"article:modified_time\" content=\"2021-09-20T09:33:37+00:00\" \/>\n<meta name=\"twitter:card\" content=\"summary_large_image\" \/>\n<meta name=\"twitter:label1\" content=\"Dur\u00e9e de lecture estim\u00e9e\" \/>\n\t<meta name=\"twitter:data1\" content=\"3 minutes\" \/>\n<script type=\"application\/ld+json\" class=\"yoast-schema-graph\">{\"@context\":\"https:\\\/\\\/schema.org\",\"@graph\":[{\"@type\":\"WebPage\",\"@id\":\"https:\\\/\\\/campingriotus.net\\\/fr\\\/conocenos\\\/\",\"url\":\"https:\\\/\\\/campingriotus.net\\\/fr\\\/conocenos\\\/\",\"name\":\"Desparages fantastiques \u00e0Yestem\u00e9ritaient un camping comme celui-ci\",\"isPartOf\":{\"@id\":\"https:\\\/\\\/campingriotus.net\\\/fr\\\/#website\"},\"datePublished\":\"2021-09-15T15:47:20+00:00\",\"dateModified\":\"2021-09-20T09:33:37+00:00\",\"description\":\"Apostamos por el trato familiar, la tranquilidad y un servicio impecable. El compromiso con el entorno y la naturaleza es nuestra filosof\u00eda.\",\"breadcrumb\":{\"@id\":\"https:\\\/\\\/campingriotus.net\\\/fr\\\/conocenos\\\/#breadcrumb\"},\"inLanguage\":\"fr-FR\",\"potentialAction\":[{\"@type\":\"ReadAction\",\"target\":[\"https:\\\/\\\/campingriotus.net\\\/fr\\\/conocenos\\\/\"]}]},{\"@type\":\"BreadcrumbList\",\"@id\":\"https:\\\/\\\/campingriotus.net\\\/fr\\\/conocenos\\\/#breadcrumb\",\"itemListElement\":[{\"@type\":\"ListItem\",\"position\":1,\"name\":\"Portada\",\"item\":\"https:\\\/\\\/campingriotus.net\\\/fr\\\/\"},{\"@type\":\"ListItem\",\"position\":2,\"name\":\"Con\u00f3cenos\"}]},{\"@type\":\"WebSite\",\"@id\":\"https:\\\/\\\/campingriotus.net\\\/fr\\\/#website\",\"url\":\"https:\\\/\\\/campingriotus.net\\\/fr\\\/\",\"name\":\"CAMPING RIO TUS\",\"description\":\"CAMPING RIO TUS\",\"publisher\":{\"@id\":\"https:\\\/\\\/campingriotus.net\\\/fr\\\/#organization\"},\"potentialAction\":[{\"@type\":\"SearchAction\",\"target\":{\"@type\":\"EntryPoint\",\"urlTemplate\":\"https:\\\/\\\/campingriotus.net\\\/fr\\\/?s={search_term_string}\"},\"query-input\":{\"@type\":\"PropertyValueSpecification\",\"valueRequired\":true,\"valueName\":\"search_term_string\"}}],\"inLanguage\":\"fr-FR\"},{\"@type\":\"Organization\",\"@id\":\"https:\\\/\\\/campingriotus.net\\\/fr\\\/#organization\",\"name\":\"CAMPING RIO TUS S.L.\",\"url\":\"https:\\\/\\\/campingriotus.net\\\/fr\\\/\",\"logo\":{\"@type\":\"ImageObject\",\"inLanguage\":\"fr-FR\",\"@id\":\"https:\\\/\\\/campingriotus.net\\\/fr\\\/#\\\/schema\\\/logo\\\/image\\\/\",\"url\":\"https:\\\/\\\/campingriotus.net\\\/wp-content\\\/uploads\\\/2018\\\/12\\\/camping-rio-tus-logo.png\",\"contentUrl\":\"https:\\\/\\\/campingriotus.net\\\/wp-content\\\/uploads\\\/2018\\\/12\\\/camping-rio-tus-logo.png\",\"width\":382,\"height\":247,\"caption\":\"CAMPING RIO TUS S.L.\"},\"image\":{\"@id\":\"https:\\\/\\\/campingriotus.net\\\/fr\\\/#\\\/schema\\\/logo\\\/image\\\/\"}}]}<\/script>\n<!-- \/ Yoast SEO plugin. -->","yoast_head_json":{"title":"Desparages fantastiques \u00e0Yestem\u00e9ritaient un camping comme celui-ci","description":"Apostamos por el trato familiar, la tranquilidad y un servicio impecable. El compromiso con el entorno y la naturaleza es nuestra filosof\u00eda.","robots":{"index":"index","follow":"follow","max-snippet":"max-snippet:-1","max-image-preview":"max-image-preview:large","max-video-preview":"max-video-preview:-1"},"canonical":"https:\/\/campingriotus.net\/fr\/conocenos\/","og_locale":"fr_FR","og_type":"article","og_title":"Desparages fantastiques \u00e0Yestem\u00e9ritaient un camping comme celui-ci","og_description":"Apostamos por el trato familiar, la tranquilidad y un servicio impecable. El compromiso con el entorno y la naturaleza es nuestra filosof\u00eda.","og_url":"https:\/\/campingriotus.net\/fr\/conocenos\/","og_site_name":"CAMPING RIO TUS","article_modified_time":"2021-09-20T09:33:37+00:00","twitter_card":"summary_large_image","twitter_misc":{"Dur\u00e9e de lecture estim\u00e9e":"3 minutes"},"schema":{"@context":"https:\/\/schema.org","@graph":[{"@type":"WebPage","@id":"https:\/\/campingriotus.net\/fr\/conocenos\/","url":"https:\/\/campingriotus.net\/fr\/conocenos\/","name":"Desparages fantastiques \u00e0Yestem\u00e9ritaient un camping comme celui-ci","isPartOf":{"@id":"https:\/\/campingriotus.net\/fr\/#website"},"datePublished":"2021-09-15T15:47:20+00:00","dateModified":"2021-09-20T09:33:37+00:00","description":"Apostamos por el trato familiar, la tranquilidad y un servicio impecable. El compromiso con el entorno y la naturaleza es nuestra filosof\u00eda.","breadcrumb":{"@id":"https:\/\/campingriotus.net\/fr\/conocenos\/#breadcrumb"},"inLanguage":"fr-FR","potentialAction":[{"@type":"ReadAction","target":["https:\/\/campingriotus.net\/fr\/conocenos\/"]}]},{"@type":"BreadcrumbList","@id":"https:\/\/campingriotus.net\/fr\/conocenos\/#breadcrumb","itemListElement":[{"@type":"ListItem","position":1,"name":"Portada","item":"https:\/\/campingriotus.net\/fr\/"},{"@type":"ListItem","position":2,"name":"Con\u00f3cenos"}]},{"@type":"WebSite","@id":"https:\/\/campingriotus.net\/fr\/#website","url":"https:\/\/campingriotus.net\/fr\/","name":"CAMPING RIO TUS","description":"CAMPING RIO TUS","publisher":{"@id":"https:\/\/campingriotus.net\/fr\/#organization"},"potentialAction":[{"@type":"SearchAction","target":{"@type":"EntryPoint","urlTemplate":"https:\/\/campingriotus.net\/fr\/?s={search_term_string}"},"query-input":{"@type":"PropertyValueSpecification","valueRequired":true,"valueName":"search_term_string"}}],"inLanguage":"fr-FR"},{"@type":"Organization","@id":"https:\/\/campingriotus.net\/fr\/#organization","name":"CAMPING RIO TUS S.L.","url":"https:\/\/campingriotus.net\/fr\/","logo":{"@type":"ImageObject","inLanguage":"fr-FR","@id":"https:\/\/campingriotus.net\/fr\/#\/schema\/logo\/image\/","url":"https:\/\/campingriotus.net\/wp-content\/uploads\/2018\/12\/camping-rio-tus-logo.png","contentUrl":"https:\/\/campingriotus.net\/wp-content\/uploads\/2018\/12\/camping-rio-tus-logo.png","width":382,"height":247,"caption":"CAMPING RIO TUS S.L."},"image":{"@id":"https:\/\/campingriotus.net\/fr\/#\/schema\/logo\/image\/"}}]}},"_links":{"self":[{"href":"https:\/\/campingriotus.net\/fr\/wp-json\/wp\/v2\/pages\/13562","targetHints":{"allow":["GET"]}}],"collection":[{"href":"https:\/\/campingriotus.net\/fr\/wp-json\/wp\/v2\/pages"}],"about":[{"href":"https:\/\/campingriotus.net\/fr\/wp-json\/wp\/v2\/types\/page"}],"author":[{"embeddable":true,"href":"https:\/\/campingriotus.net\/fr\/wp-json\/wp\/v2\/users\/1"}],"replies":[{"embeddable":true,"href":"https:\/\/campingriotus.net\/fr\/wp-json\/wp\/v2\/comments?post=13562"}],"version-history":[{"count":5,"href":"https:\/\/campingriotus.net\/fr\/wp-json\/wp\/v2\/pages\/13562\/revisions"}],"predecessor-version":[{"id":13974,"href":"https:\/\/campingriotus.net\/fr\/wp-json\/wp\/v2\/pages\/13562\/revisions\/13974"}],"wp:attachment":[{"href":"https:\/\/campingriotus.net\/fr\/wp-json\/wp\/v2\/media?parent=13562"}],"curies":[{"name":"wp","href":"https:\/\/api.w.org\/{rel}","templated":true}]}}