{"id":13572,"date":"2021-09-15T18:02:00","date_gmt":"2021-09-15T16:02:00","guid":{"rendered":"https:\/\/campingriotus.net\/galerie\/"},"modified":"2021-09-16T11:17:22","modified_gmt":"2021-09-16T09:17:22","slug":"galerie","status":"publish","type":"page","link":"https:\/\/campingriotus.net\/fr\/galerie\/","title":{"rendered":"GALERIE"},"content":{"rendered":"<p>[et_pb_section fb_built=\u00a0\u00bb1&Prime; prev_background_color=\u00a0\u00bb#ffffff\u00a0\u00bb _builder_version=\u00a0\u00bb3.22&Prime; background_color=\u00a0\u00bb#009b00&Prime; background_position=\u00a0\u00bbbottom_center\u00a0\u00bb background_blend=\u00a0\u00bboverlay\u00a0\u00bb custom_margin=\u00a0\u00bb5px||\u00a0\u00bb custom_padding=\u00a0\u00bb80px||0||false|false\u00a0\u00bb top_divider_style=\u00a0\u00bbwave2&Prime; locked=\u00a0\u00bboff\u00a0\u00bb global_colors_info=\u00a0\u00bb{}\u00a0\u00bb][et_pb_row _builder_version=\u00a0\u00bb3.25&Prime; custom_padding=\u00a0\u00bb0|0px|0|0px|false|false\u00a0\u00bb global_colors_info=\u00a0\u00bb{}\u00a0\u00bb][et_pb_column type=\u00a0\u00bb4_4&Prime; _builder_version=\u00a0\u00bb3.25&Prime; custom_padding=\u00a0\u00bb|||\u00a0\u00bb global_colors_info=\u00a0\u00bb{}\u00a0\u00bb custom_padding__hover=\u00a0\u00bb|||\u00a0\u00bb][et_pb_text _builder_version=\u00a0\u00bb3.27.4&Prime; text_font=\u00a0\u00bb||||||||\u00a0\u00bb header_font=\u00a0\u00bb||||||||\u00a0\u00bb header_font_size=\u00a0\u00bb40px\u00a0\u00bb background_layout=\u00a0\u00bbdark\u00a0\u00bb text_text_shadow_style=\u00a0\u00bbpreset5&Prime; text_text_shadow_horizontal_length=\u00a0\u00bb0.2em\u00a0\u00bb text_text_shadow_vertical_length=\u00a0\u00bb0.26em\u00a0\u00bb text_text_shadow_blur_strength=\u00a0\u00bb0.2em\u00a0\u00bb global_colors_info=\u00a0\u00bb{}\u00a0\u00bb]<\/p>\n<h1>GALERIE D\u2019IMAGES<\/h1>\n<p>[\/et_pb_text][\/et_pb_column][\/et_pb_row][\/et_pb_section][et_pb_section fb_built=\u00a0\u00bb1&Prime; prev_background_color=\u00a0\u00bb#009b00&Prime; _builder_version=\u00a0\u00bb3.22&Prime; custom_padding=\u00a0\u00bb80px|0px|0|0px|false|false\u00a0\u00bb top_divider_style=\u00a0\u00bbwave2&Prime; top_divider_flip=\u00a0\u00bbvertical|horizontal\u00a0\u00bb global_colors_info=\u00a0\u00bb{}\u00a0\u00bb][et_pb_row use_custom_gutter=\u00a0\u00bbon\u00a0\u00bb gutter_width=\u00a0\u00bb2&Prime; _builder_version=\u00a0\u00bb3.25&Prime; custom_padding=\u00a0\u00bb31px|0px|0|0px|false|false\u00a0\u00bb global_colors_info=\u00a0\u00bb{}\u00a0\u00bb][et_pb_column type=\u00a0\u00bb4_4&Prime; _builder_version=\u00a0\u00bb3.25&Prime; custom_padding=\u00a0\u00bb|||\u00a0\u00bb global_colors_info=\u00a0\u00bb{}\u00a0\u00bb custom_padding__hover=\u00a0\u00bb|||\u00a0\u00bb][et_pb_text _builder_version=\u00a0\u00bb3.27.4&Prime; text_font=\u00a0\u00bb||||||||\u00a0\u00bb custom_margin=\u00a0\u00bb||10px\u00a0\u00bb global_colors_info=\u00a0\u00bb{}\u00a0\u00bb]<\/p>\n<h2>ENVIRONNEMENT<\/h2>\n<p>[\/et_pb_text][et_pb_divider divider_weight=\u00a0\u00bb5px\u00a0\u00bb _builder_version=\u00a0\u00bb3.18.9&Prime; max_width=\u00a0\u00bb10%\u00a0\u00bb custom_margin=\u00a0\u00bb||10px\u00a0\u00bb locked=\u00a0\u00bboff\u00a0\u00bb global_colors_info=\u00a0\u00bb{}\u00a0\u00bb]<\/p>\n<p>\u00a0 <strong><em>\u201cBuena parte de los sue\u00f1os de tu vida s\u00f3lo los vas a roncar\u201d<\/em><\/strong>, me dec\u00eda un sabio amigo en una ocasi\u00f3n. <strong><em>\u201cPero no todos\u201d<\/em><\/strong> le contest\u00e9. <\/p>\n<p><strong>Una certeza:<\/strong> este entorno de fant\u00e1stico se merec\u00eda un camping como este, y un gran punto de locura dio con nosotros (emigrantes) en este terriblemente maravilloso proyecto de vida en un rec\u00f3ndito de valle de la Sierra del Segura. <\/p>\n<p>Una clara apuesta por el trato familiar, evitar las masificaciones y dar calidad y calidez a quien nos visita es el ADN de este proyecto. <\/p>\n<p>La eficiencia energ\u00e9tica y el compromiso con nuestro entorno tambi\u00e9n forma parte de nuestra filosof\u00eda, as\u00ed como la apuesta por el turismo activo, generando actividades de todo tipo durante las cuatro estaciones del a\u00f1o y ofreciendo al visitante la posibilidad de realizar actividades de aventura y educaci\u00f3n medio ambiental.<\/p>\n<p>[\/et_pb_divider][et_pb_gallery posts_number=\u00a0\u00bb8&Prime; dbdb_version=\u00a0\u00bb3.6.1&Prime; show_title_and_caption=\u00a0\u00bboff\u00a0\u00bb _builder_version=\u00a0\u00bb4.10.7&Prime; hover_enabled=\u00a0\u00bb0&Prime; global_colors_info=\u00a0\u00bb{}\u00a0\u00bb gallery_ids=\u00a0\u00bb13739,13740,13741,13742,13743,13744,13745,13746,13747,13748,13749,13750,13751,13752&Prime; sticky_enabled=\u00a0\u00bb0&Prime;][\/et_pb_gallery][\/et_pb_column][\/et_pb_row][\/et_pb_section][et_pb_section fb_built=\u00a0\u00bb1&Prime; prev_background_color=\u00a0\u00bb#ffffff\u00a0\u00bb next_background_color=\u00a0\u00bb#ffffff\u00a0\u00bb _builder_version=\u00a0\u00bb3.22&Prime; background_color=\u00a0\u00bbrgba(0,155,0,0.19)\u00a0\u00bb custom_padding=\u00a0\u00bb100px|0px|78px|0px|false|false\u00a0\u00bb top_divider_style=\u00a0\u00bbwave2&Prime; top_divider_flip=\u00a0\u00bbhorizontal\u00a0\u00bb bottom_divider_style=\u00a0\u00bbwave2&Prime; bottom_divider_flip=\u00a0\u00bbvertical\u00a0\u00bb global_colors_info=\u00a0\u00bb{}\u00a0\u00bb][et_pb_row use_custom_gutter=\u00a0\u00bbon\u00a0\u00bb gutter_width=\u00a0\u00bb2&Prime; _builder_version=\u00a0\u00bb3.25&Prime; custom_padding=\u00a0\u00bb31px|0px|0|0px|false|false\u00a0\u00bb global_colors_info=\u00a0\u00bb{}\u00a0\u00bb][et_pb_column type=\u00a0\u00bb4_4&Prime; _builder_version=\u00a0\u00bb3.25&Prime; custom_padding=\u00a0\u00bb|||\u00a0\u00bb global_colors_info=\u00a0\u00bb{}\u00a0\u00bb custom_padding__hover=\u00a0\u00bb|||\u00a0\u00bb][et_pb_text _builder_version=\u00a0\u00bb3.27.4&Prime; text_font=\u00a0\u00bb||||||||\u00a0\u00bb custom_margin=\u00a0\u00bb||10px\u00a0\u00bb global_colors_info=\u00a0\u00bb{}\u00a0\u00bb]<\/p>\n<h2>CAMPING<\/h2>\n<p>[\/et_pb_text][et_pb_divider color=\u00a0\u00bb#009b00&Prime; divider_weight=\u00a0\u00bb5px\u00a0\u00bb _builder_version=\u00a0\u00bb3.19.5&Prime; max_width=\u00a0\u00bb10%\u00a0\u00bb custom_margin=\u00a0\u00bb||10px\u00a0\u00bb locked=\u00a0\u00bboff\u00a0\u00bb global_colors_info=\u00a0\u00bb{}\u00a0\u00bb]<\/p>\n<p>\u00a0 <strong><em>\u201cBuena parte de los sue\u00f1os de tu vida s\u00f3lo los vas a roncar\u201d<\/em><\/strong>, me dec\u00eda un sabio amigo en una ocasi\u00f3n. <strong><em>\u201cPero no todos\u201d<\/em><\/strong> le contest\u00e9. <\/p>\n<p><strong>Una certeza:<\/strong> este entorno de fant\u00e1stico se merec\u00eda un camping como este, y un gran punto de locura dio con nosotros (emigrantes) en este terriblemente maravilloso proyecto de vida en un rec\u00f3ndito de valle de la Sierra del Segura. <\/p>\n<p>Una clara apuesta por el trato familiar, evitar las masificaciones y dar calidad y calidez a quien nos visita es el ADN de este proyecto. <\/p>\n<p>La eficiencia energ\u00e9tica y el compromiso con nuestro entorno tambi\u00e9n forma parte de nuestra filosof\u00eda, as\u00ed como la apuesta por el turismo activo, generando actividades de todo tipo durante las cuatro estaciones del a\u00f1o y ofreciendo al visitante la posibilidad de realizar actividades de aventura y educaci\u00f3n medio ambiental.<\/p>\n<p>[\/et_pb_divider][et_pb_gallery gallery_ids=\u00a0\u00bb13753,13754,13755,13756,13757,13758,13759,13760,13761,13762,13763,13764,13765,13766,13767,13768,13769,13770,13771,13772,13773,13774,13775,13776,13777,13778,13779,13780,13781,13782,13783,13784,13785,13786,13787,13788,13789,13790,13791,13792&Prime; posts_number=\u00a0\u00bb12&Prime; dbdb_version=\u00a0\u00bb3.6.1&Prime; show_title_and_caption=\u00a0\u00bboff\u00a0\u00bb _builder_version=\u00a0\u00bb3.19.5&Prime; global_colors_info=\u00a0\u00bb{}\u00a0\u00bb][\/et_pb_gallery][\/et_pb_column][\/et_pb_row][\/et_pb_section][et_pb_section fb_built=\u00a0\u00bb1&Prime; _builder_version=\u00a0\u00bb3.22&Prime; custom_padding=\u00a0\u00bb41px|0px|0|0px|false|false\u00a0\u00bb top_divider_flip=\u00a0\u00bbvertical|horizontal\u00a0\u00bb global_colors_info=\u00a0\u00bb{}\u00a0\u00bb][et_pb_row use_custom_gutter=\u00a0\u00bbon\u00a0\u00bb gutter_width=\u00a0\u00bb2&Prime; _builder_version=\u00a0\u00bb3.25&Prime; global_colors_info=\u00a0\u00bb{}\u00a0\u00bb][et_pb_column type=\u00a0\u00bb4_4&Prime; _builder_version=\u00a0\u00bb3.25&Prime; custom_padding=\u00a0\u00bb|||\u00a0\u00bb global_colors_info=\u00a0\u00bb{}\u00a0\u00bb custom_padding__hover=\u00a0\u00bb|||\u00a0\u00bb][et_pb_text _builder_version=\u00a0\u00bb3.27.4&Prime; text_font=\u00a0\u00bb||||||||\u00a0\u00bb custom_margin=\u00a0\u00bb||10px\u00a0\u00bb global_colors_info=\u00a0\u00bb{}\u00a0\u00bb]<\/p>\n<h2>G\u00ceTES RUTAUX<\/h2>\n<p>[\/et_pb_text][et_pb_divider divider_weight=\u00a0\u00bb5px\u00a0\u00bb _builder_version=\u00a0\u00bb3.18.9&Prime; max_width=\u00a0\u00bb10%\u00a0\u00bb custom_margin=\u00a0\u00bb||10px\u00a0\u00bb locked=\u00a0\u00bboff\u00a0\u00bb global_colors_info=\u00a0\u00bb{}\u00a0\u00bb]<\/p>\n<p>\u00a0 <strong><em>\u201cBuena parte de los sue\u00f1os de tu vida s\u00f3lo los vas a roncar\u201d<\/em><\/strong>, me dec\u00eda un sabio amigo en una ocasi\u00f3n. <strong><em>\u201cPero no todos\u201d<\/em><\/strong> le contest\u00e9. <\/p>\n<p><strong>Una certeza:<\/strong> este entorno de fant\u00e1stico se merec\u00eda un camping como este, y un gran punto de locura dio con nosotros (emigrantes) en este terriblemente maravilloso proyecto de vida en un rec\u00f3ndito de valle de la Sierra del Segura. <\/p>\n<p>Una clara apuesta por el trato familiar, evitar las masificaciones y dar calidad y calidez a quien nos visita es el ADN de este proyecto. <\/p>\n<p>La eficiencia energ\u00e9tica y el compromiso con nuestro entorno tambi\u00e9n forma parte de nuestra filosof\u00eda, as\u00ed como la apuesta por el turismo activo, generando actividades de todo tipo durante las cuatro estaciones del a\u00f1o y ofreciendo al visitante la posibilidad de realizar actividades de aventura y educaci\u00f3n medio ambiental.<\/p>\n<p>[\/et_pb_divider][et_pb_gallery gallery_ids=\u00a0\u00bb13799,13798,13800,13793,13794,13795,13796,13797&Prime; posts_number=\u00a0\u00bb8&Prime; dbdb_version=\u00a0\u00bb3.6.1&Prime; show_title_and_caption=\u00a0\u00bboff\u00a0\u00bb _builder_version=\u00a0\u00bb3.19.5&Prime; global_colors_info=\u00a0\u00bb{}\u00a0\u00bb][\/et_pb_gallery][\/et_pb_column][\/et_pb_row][\/et_pb_section]<\/p>\n","protected":false},"excerpt":{"rendered":"<p>GALERIE D\u2019IMAGESENVIRONNEMENT\u00a0 \u201cBuena parte de los sue\u00f1os de tu vida s\u00f3lo los vas a roncar\u201d, me dec\u00eda un sabio amigo en una ocasi\u00f3n. \u201cPero no todos\u201d le contest\u00e9. Una certeza: este entorno de fant\u00e1stico se merec\u00eda un camping como este, y un gran punto de locura dio con nosotros (emigrantes) en este terriblemente maravilloso proyecto [&hellip;]<\/p>\n","protected":false},"author":1,"featured_media":0,"parent":0,"menu_order":0,"comment_status":"closed","ping_status":"closed","template":"","meta":{"_acf_changed":false,"_et_pb_use_builder":"on","_et_pb_old_content":"","_et_gb_content_width":"","footnotes":""},"class_list":["post-13572","page","type-page","status-publish","hentry"],"acf":[],"yoast_head":"<!-- This site is optimized with the Yoast SEO plugin v27.5 - https:\/\/yoast.com\/product\/yoast-seo-wordpress\/ -->\n<title>Galerie d\u2019images du superbe environnement de la Sierra del Segura \u00e0Yeste<\/title>\n<meta name=\"description\" content=\"Des images de paysagessuperbes que vous d\u00e9couvrirez dans la Sierra du Segura - Yesteet dans notre camping, Venez nous voir !\" \/>\n<meta name=\"robots\" content=\"index, follow, max-snippet:-1, max-image-preview:large, max-video-preview:-1\" \/>\n<link rel=\"canonical\" href=\"https:\/\/campingriotus.net\/fr\/galerie\/\" \/>\n<meta property=\"og:locale\" content=\"fr_FR\" \/>\n<meta property=\"og:type\" content=\"article\" \/>\n<meta property=\"og:title\" content=\"Galerie d\u2019images du superbe environnement de la Sierra del Segura \u00e0Yeste\" \/>\n<meta property=\"og:description\" content=\"Des images de paysagessuperbes que vous d\u00e9couvrirez dans la Sierra du Segura - Yesteet dans notre camping, Venez nous voir !\" \/>\n<meta property=\"og:url\" content=\"https:\/\/campingriotus.net\/fr\/galerie\/\" \/>\n<meta property=\"og:site_name\" content=\"CAMPING RIO TUS\" \/>\n<meta property=\"article:modified_time\" content=\"2021-09-16T09:17:22+00:00\" \/>\n<meta name=\"twitter:card\" content=\"summary_large_image\" \/>\n<meta name=\"twitter:label1\" content=\"Dur\u00e9e de lecture estim\u00e9e\" \/>\n\t<meta name=\"twitter:data1\" content=\"5 minutes\" \/>\n<script type=\"application\/ld+json\" class=\"yoast-schema-graph\">{\"@context\":\"https:\\\/\\\/schema.org\",\"@graph\":[{\"@type\":\"WebPage\",\"@id\":\"https:\\\/\\\/campingriotus.net\\\/fr\\\/galerie\\\/\",\"url\":\"https:\\\/\\\/campingriotus.net\\\/fr\\\/galerie\\\/\",\"name\":\"Galerie d\u2019images du superbe environnement de la Sierra del Segura \u00e0Yeste\",\"isPartOf\":{\"@id\":\"https:\\\/\\\/campingriotus.net\\\/fr\\\/#website\"},\"datePublished\":\"2021-09-15T16:02:00+00:00\",\"dateModified\":\"2021-09-16T09:17:22+00:00\",\"description\":\"Des images de paysagessuperbes que vous d\u00e9couvrirez dans la Sierra du Segura - Yesteet dans notre camping, Venez nous voir !\",\"breadcrumb\":{\"@id\":\"https:\\\/\\\/campingriotus.net\\\/fr\\\/galerie\\\/#breadcrumb\"},\"inLanguage\":\"fr-FR\",\"potentialAction\":[{\"@type\":\"ReadAction\",\"target\":[\"https:\\\/\\\/campingriotus.net\\\/fr\\\/galerie\\\/\"]}]},{\"@type\":\"BreadcrumbList\",\"@id\":\"https:\\\/\\\/campingriotus.net\\\/fr\\\/galerie\\\/#breadcrumb\",\"itemListElement\":[{\"@type\":\"ListItem\",\"position\":1,\"name\":\"Portada\",\"item\":\"https:\\\/\\\/campingriotus.net\\\/fr\\\/\"},{\"@type\":\"ListItem\",\"position\":2,\"name\":\"GALERIE\"}]},{\"@type\":\"WebSite\",\"@id\":\"https:\\\/\\\/campingriotus.net\\\/fr\\\/#website\",\"url\":\"https:\\\/\\\/campingriotus.net\\\/fr\\\/\",\"name\":\"CAMPING RIO TUS\",\"description\":\"CAMPING RIO TUS\",\"publisher\":{\"@id\":\"https:\\\/\\\/campingriotus.net\\\/fr\\\/#organization\"},\"potentialAction\":[{\"@type\":\"SearchAction\",\"target\":{\"@type\":\"EntryPoint\",\"urlTemplate\":\"https:\\\/\\\/campingriotus.net\\\/fr\\\/?s={search_term_string}\"},\"query-input\":{\"@type\":\"PropertyValueSpecification\",\"valueRequired\":true,\"valueName\":\"search_term_string\"}}],\"inLanguage\":\"fr-FR\"},{\"@type\":\"Organization\",\"@id\":\"https:\\\/\\\/campingriotus.net\\\/fr\\\/#organization\",\"name\":\"CAMPING RIO TUS S.L.\",\"url\":\"https:\\\/\\\/campingriotus.net\\\/fr\\\/\",\"logo\":{\"@type\":\"ImageObject\",\"inLanguage\":\"fr-FR\",\"@id\":\"https:\\\/\\\/campingriotus.net\\\/fr\\\/#\\\/schema\\\/logo\\\/image\\\/\",\"url\":\"https:\\\/\\\/campingriotus.net\\\/wp-content\\\/uploads\\\/2018\\\/12\\\/camping-rio-tus-logo.png\",\"contentUrl\":\"https:\\\/\\\/campingriotus.net\\\/wp-content\\\/uploads\\\/2018\\\/12\\\/camping-rio-tus-logo.png\",\"width\":382,\"height\":247,\"caption\":\"CAMPING RIO TUS S.L.\"},\"image\":{\"@id\":\"https:\\\/\\\/campingriotus.net\\\/fr\\\/#\\\/schema\\\/logo\\\/image\\\/\"}}]}<\/script>\n<!-- \/ Yoast SEO plugin. -->","yoast_head_json":{"title":"Galerie d\u2019images du superbe environnement de la Sierra del Segura \u00e0Yeste","description":"Des images de paysagessuperbes que vous d\u00e9couvrirez dans la Sierra du Segura - Yesteet dans notre camping, Venez nous voir !","robots":{"index":"index","follow":"follow","max-snippet":"max-snippet:-1","max-image-preview":"max-image-preview:large","max-video-preview":"max-video-preview:-1"},"canonical":"https:\/\/campingriotus.net\/fr\/galerie\/","og_locale":"fr_FR","og_type":"article","og_title":"Galerie d\u2019images du superbe environnement de la Sierra del Segura \u00e0Yeste","og_description":"Des images de paysagessuperbes que vous d\u00e9couvrirez dans la Sierra du Segura - Yesteet dans notre camping, Venez nous voir !","og_url":"https:\/\/campingriotus.net\/fr\/galerie\/","og_site_name":"CAMPING RIO TUS","article_modified_time":"2021-09-16T09:17:22+00:00","twitter_card":"summary_large_image","twitter_misc":{"Dur\u00e9e de lecture estim\u00e9e":"5 minutes"},"schema":{"@context":"https:\/\/schema.org","@graph":[{"@type":"WebPage","@id":"https:\/\/campingriotus.net\/fr\/galerie\/","url":"https:\/\/campingriotus.net\/fr\/galerie\/","name":"Galerie d\u2019images du superbe environnement de la Sierra del Segura \u00e0Yeste","isPartOf":{"@id":"https:\/\/campingriotus.net\/fr\/#website"},"datePublished":"2021-09-15T16:02:00+00:00","dateModified":"2021-09-16T09:17:22+00:00","description":"Des images de paysagessuperbes que vous d\u00e9couvrirez dans la Sierra du Segura - Yesteet dans notre camping, Venez nous voir !","breadcrumb":{"@id":"https:\/\/campingriotus.net\/fr\/galerie\/#breadcrumb"},"inLanguage":"fr-FR","potentialAction":[{"@type":"ReadAction","target":["https:\/\/campingriotus.net\/fr\/galerie\/"]}]},{"@type":"BreadcrumbList","@id":"https:\/\/campingriotus.net\/fr\/galerie\/#breadcrumb","itemListElement":[{"@type":"ListItem","position":1,"name":"Portada","item":"https:\/\/campingriotus.net\/fr\/"},{"@type":"ListItem","position":2,"name":"GALERIE"}]},{"@type":"WebSite","@id":"https:\/\/campingriotus.net\/fr\/#website","url":"https:\/\/campingriotus.net\/fr\/","name":"CAMPING RIO TUS","description":"CAMPING RIO TUS","publisher":{"@id":"https:\/\/campingriotus.net\/fr\/#organization"},"potentialAction":[{"@type":"SearchAction","target":{"@type":"EntryPoint","urlTemplate":"https:\/\/campingriotus.net\/fr\/?s={search_term_string}"},"query-input":{"@type":"PropertyValueSpecification","valueRequired":true,"valueName":"search_term_string"}}],"inLanguage":"fr-FR"},{"@type":"Organization","@id":"https:\/\/campingriotus.net\/fr\/#organization","name":"CAMPING RIO TUS S.L.","url":"https:\/\/campingriotus.net\/fr\/","logo":{"@type":"ImageObject","inLanguage":"fr-FR","@id":"https:\/\/campingriotus.net\/fr\/#\/schema\/logo\/image\/","url":"https:\/\/campingriotus.net\/wp-content\/uploads\/2018\/12\/camping-rio-tus-logo.png","contentUrl":"https:\/\/campingriotus.net\/wp-content\/uploads\/2018\/12\/camping-rio-tus-logo.png","width":382,"height":247,"caption":"CAMPING RIO TUS S.L."},"image":{"@id":"https:\/\/campingriotus.net\/fr\/#\/schema\/logo\/image\/"}}]}},"_links":{"self":[{"href":"https:\/\/campingriotus.net\/fr\/wp-json\/wp\/v2\/pages\/13572","targetHints":{"allow":["GET"]}}],"collection":[{"href":"https:\/\/campingriotus.net\/fr\/wp-json\/wp\/v2\/pages"}],"about":[{"href":"https:\/\/campingriotus.net\/fr\/wp-json\/wp\/v2\/types\/page"}],"author":[{"embeddable":true,"href":"https:\/\/campingriotus.net\/fr\/wp-json\/wp\/v2\/users\/1"}],"replies":[{"embeddable":true,"href":"https:\/\/campingriotus.net\/fr\/wp-json\/wp\/v2\/comments?post=13572"}],"version-history":[{"count":5,"href":"https:\/\/campingriotus.net\/fr\/wp-json\/wp\/v2\/pages\/13572\/revisions"}],"predecessor-version":[{"id":13888,"href":"https:\/\/campingriotus.net\/fr\/wp-json\/wp\/v2\/pages\/13572\/revisions\/13888"}],"wp:attachment":[{"href":"https:\/\/campingriotus.net\/fr\/wp-json\/wp\/v2\/media?parent=13572"}],"curies":[{"name":"wp","href":"https:\/\/api.w.org\/{rel}","templated":true}]}}