{"id":13921,"date":"2021-09-16T17:31:30","date_gmt":"2021-09-16T15:31:30","guid":{"rendered":"https:\/\/campingriotus.net\/restaurant\/"},"modified":"2021-09-20T11:55:11","modified_gmt":"2021-09-20T09:55:11","slug":"restaurant","status":"publish","type":"page","link":"https:\/\/campingriotus.net\/fr\/restaurant\/","title":{"rendered":"Restaurant"},"content":{"rendered":"<p>[et_pb_section fb_built=\u00a0\u00bb1&Prime; fullwidth=\u00a0\u00bbon\u00a0\u00bb custom_padding_last_edited=\u00a0\u00bbon|phone\u00a0\u00bb _builder_version=\u00a0\u00bb4.4.7&Prime; background_enable_color=\u00a0\u00bboff\u00a0\u00bb use_background_color_gradient=\u00a0\u00bbon\u00a0\u00bb background_color_gradient_start=\u00a0\u00bb#009b00&Prime; background_color_gradient_overlays_image=\u00a0\u00bbon\u00a0\u00bb custom_padding_tablet=\u00a0\u00bb\u00a0\u00bb custom_padding_phone=\u00a0\u00bb0px|0px|0px|0px|false|false\u00a0\u00bb top_divider_style=\u00a0\u00bbwave2&Prime; top_divider_color=\u00a0\u00bb#ffffff\u00a0\u00bb top_divider_flip=\u00a0\u00bbhorizontal\u00a0\u00bb top_divider_height_tablet=\u00a0\u00bb\u00a0\u00bb top_divider_height_phone=\u00a0\u00bb60px\u00a0\u00bb top_divider_height_last_edited=\u00a0\u00bbon|phone\u00a0\u00bb bottom_divider_style=\u00a0\u00bbwave2&Prime; bottom_divider_color=\u00a0\u00bb#ffffff\u00a0\u00bb bottom_divider_height_tablet=\u00a0\u00bb\u00a0\u00bb bottom_divider_height_phone=\u00a0\u00bb60px\u00a0\u00bb bottom_divider_height_last_edited=\u00a0\u00bbon|phone\u00a0\u00bb global_colors_info=\u00a0\u00bb{}\u00a0\u00bb][et_pb_fullwidth_header title=\u00a0\u00bbRestaurant (r\u00e9servations +34 642 792 389)\u00a0\u00bb subhead=\u00a0\u00bbPlus qu\u2019une table, une exp\u00e9rience.\u00a0\u00bb _builder_version=\u00a0\u00bb4.9.7&Prime; title_font=\u00a0\u00bb||||||||\u00a0\u00bb title_font_size=\u00a0\u00bb70px\u00a0\u00bb content_font_size=\u00a0\u00bb18px\u00a0\u00bb subhead_font=\u00a0\u00bb|600|||||||\u00a0\u00bb subhead_font_size=\u00a0\u00bb24px\u00a0\u00bb subhead_line_height=\u00a0\u00bb1.5em\u00a0\u00bb use_background_color_gradient=\u00a0\u00bbon\u00a0\u00bb background_color_gradient_start=\u00a0\u00bbrgba(0,155,0,0.87)\u00a0\u00bb background_color_gradient_end=\u00a0\u00bbrgba(0,51,28,0.5)\u00a0\u00bb background_color_gradient_overlays_image=\u00a0\u00bbon\u00a0\u00bb background_image=\u00a0\u00bbhttps:\/\/campingriotus.net\/wp-content\/uploads\/2019\/01\/camping-rio-tus-9-restaurante.jpg\u00a0\u00bb custom_padding=\u00a0\u00bb150px||208px||false|false\u00a0\u00bb custom_padding_tablet=\u00a0\u00bb\u00a0\u00bb custom_padding_phone=\u00a0\u00bb120px||157px||false|false\u00a0\u00bb custom_padding_last_edited=\u00a0\u00bbon|phone\u00a0\u00bb title_font_size_tablet=\u00a0\u00bb\u00a0\u00bb title_font_size_phone=\u00a0\u00bb50px\u00a0\u00bb title_font_size_last_edited=\u00a0\u00bbon|phone\u00a0\u00bb global_colors_info=\u00a0\u00bb{}\u00a0\u00bb]<\/p>\n<p>&nbsp;<\/p>\n<p>Au Camping Rio Tus nous avons voulu marquer la diff\u00e9rence et que le service de restauration, classique dans d\u2019autres campings, soit ici une raison \u00e0 part enti\u00e8re pour venir. Horaire d\u2019automne, Vendredis de 13h30 \u00e0 23h00, samedis de 09h00 \u00e0 23h00 et les dimanches de 9h00 \u00e0 18h00.<\/p>\n<p>&nbsp;<\/p>\n<p>[\/et_pb_fullwidth_header][\/et_pb_section][et_pb_section fb_built=\u00a0\u00bb1&Prime; _builder_version=\u00a0\u00bb4.4.7&Prime; background_color=\u00a0\u00bb#ffffff\u00a0\u00bb custom_padding=\u00a0\u00bb30px|0px|120px|0px|false|false\u00a0\u00bb top_divider_height=\u00a0\u00bb67px\u00a0\u00bb top_divider_flip=\u00a0\u00bbvertical|horizontal\u00a0\u00bb bottom_divider_style=\u00a0\u00bbmountains2&Prime; bottom_divider_color=\u00a0\u00bb#92370a\u00a0\u00bb global_colors_info=\u00a0\u00bb{}\u00a0\u00bb][et_pb_row _builder_version=\u00a0\u00bb3.25&Prime; custom_padding=\u00a0\u00bb31px|0px|0|0px|false|false\u00a0\u00bb global_colors_info=\u00a0\u00bb{}\u00a0\u00bb][et_pb_column type=\u00a0\u00bb4_4&Prime; _builder_version=\u00a0\u00bb3.25&Prime; custom_padding=\u00a0\u00bb|||\u00a0\u00bb global_colors_info=\u00a0\u00bb{}\u00a0\u00bb custom_padding__hover=\u00a0\u00bb|||\u00a0\u00bb][et_pb_text _builder_version=\u00a0\u00bb4.9.2&Prime; text_font=\u00a0\u00bb||||||||\u00a0\u00bb text_font_size=\u00a0\u00bb20px\u00a0\u00bb header_font=\u00a0\u00bb||||||||\u00a0\u00bb header_2_font=\u00a0\u00bb|600|||||||\u00a0\u00bb header_2_text_align=\u00a0\u00bbcenter\u00a0\u00bb header_2_text_color=\u00a0\u00bb#009b00&Prime; header_2_font_size=\u00a0\u00bb30px\u00a0\u00bb background_layout=\u00a0\u00bbdark\u00a0\u00bb custom_margin=\u00a0\u00bb||15px\u00a0\u00bb global_colors_info=\u00a0\u00bb{}\u00a0\u00bb]<\/p>\n<h2>Services d&rsquo;alimentation et de boissons<\/h2>\n<p>[\/et_pb_text][et_pb_divider color=\u00a0\u00bb#009b00&Prime; divider_weight=\u00a0\u00bb5px\u00a0\u00bb _builder_version=\u00a0\u00bb4.4.7&Prime; max_width=\u00a0\u00bb10%\u00a0\u00bb module_alignment=\u00a0\u00bbcenter\u00a0\u00bb custom_margin=\u00a0\u00bb||10px\u00a0\u00bb global_colors_info=\u00a0\u00bb{}\u00a0\u00bb][\/et_pb_divider][\/et_pb_column][\/et_pb_row][et_pb_row column_structure=\u00a0\u00bb1_3,1_3,1_3&Prime; use_custom_gutter=\u00a0\u00bbon\u00a0\u00bb gutter_width=\u00a0\u00bb2&Prime; _builder_version=\u00a0\u00bb4.10.7&Prime; custom_padding=\u00a0\u00bb||40px|||\u00a0\u00bb link_option_url=\u00a0\u00bbhttps:\/\/campingriotus.net\/fr\/restaurant\/nourriture-a-emporter\/\u00a0\u00bb global_colors_info=\u00a0\u00bb{}\u00a0\u00bb][et_pb_column type=\u00a0\u00bb1_3&Prime; _builder_version=\u00a0\u00bb3.25&Prime; custom_padding=\u00a0\u00bb|||\u00a0\u00bb global_colors_info=\u00a0\u00bb{}\u00a0\u00bb custom_padding__hover=\u00a0\u00bb|||\u00a0\u00bb][et_pb_blurb title=\u00a0\u00bbNourriture \u00e0 emporter\u00a0\u00bb url=\u00a0\u00bbhttps:\/\/campingriotus.net\/fr\/restaurant\/nourriture-a-emporter\/\u00a0\u00bb use_icon=\u00a0\u00bbon\u00a0\u00bb font_icon=\u00a0\u00bb%%102%%\u00a0\u00bb icon_color=\u00a0\u00bb#009b00&Prime; _builder_version=\u00a0\u00bb4.10.7&Prime; header_level=\u00a0\u00bbh3&Prime; header_font=\u00a0\u00bb|700|||||||\u00a0\u00bb header_text_align=\u00a0\u00bbcenter\u00a0\u00bb header_text_color=\u00a0\u00bb#009b00&Prime; header_font_size=\u00a0\u00bb30px\u00a0\u00bb header_line_height=\u00a0\u00bb1.3em\u00a0\u00bb body_font=\u00a0\u00bb||||||||\u00a0\u00bb body_text_align=\u00a0\u00bbcenter\u00a0\u00bb body_text_color=\u00a0\u00bb#009b00&Prime; body_font_size=\u00a0\u00bb18px\u00a0\u00bb background_color=\u00a0\u00bbrgba(0,155,0,0.07)\u00a0\u00bb text_orientation=\u00a0\u00bbcenter\u00a0\u00bb background_layout=\u00a0\u00bbdark\u00a0\u00bb custom_padding=\u00a0\u00bb30px|40px|30px|40px|true|true\u00a0\u00bb link_option_url=\u00a0\u00bbhttps:\/\/campingriotus.net\/fr\/restaurant\/nourriture-a-emporter\/\u00a0\u00bb hover_enabled=\u00a0\u00bb0&Prime; border_radii=\u00a0\u00bbon|20px|20px|20px|20px\u00a0\u00bb border_width_all=\u00a0\u00bb4px\u00a0\u00bb border_color_all=\u00a0\u00bb#009b00&Prime; box_shadow_style=\u00a0\u00bbpreset4&Prime; global_colors_info=\u00a0\u00bb{}\u00a0\u00bb sticky_enabled=\u00a0\u00bb0&Prime;]V\u00e9rifiez ici toutes les options[\/et_pb_blurb][\/et_pb_column][et_pb_column type=\u00a0\u00bb1_3&Prime; _builder_version=\u00a0\u00bb3.25&Prime; custom_padding=\u00a0\u00bb|||\u00a0\u00bb global_colors_info=\u00a0\u00bb{}\u00a0\u00bb custom_padding__hover=\u00a0\u00bb|||\u00a0\u00bb][et_pb_blurb title=\u00a0\u00bbMenu du jour\u00a0\u00bb url=\u00a0\u00bbhttps:\/\/campingriotus.net\/fr\/restaurant\/menu-du-jour\/\u00a0\u00bb use_icon=\u00a0\u00bbon\u00a0\u00bb font_icon=\u00a0\u00bb%%130%%\u00a0\u00bb icon_color=\u00a0\u00bb#94b71f\u00a0\u00bb _builder_version=\u00a0\u00bb4.9.4&Prime; header_level=\u00a0\u00bbh3&Prime; header_font=\u00a0\u00bb|700|||||||\u00a0\u00bb header_text_align=\u00a0\u00bbcenter\u00a0\u00bb header_text_color=\u00a0\u00bb#94b71f\u00a0\u00bb header_font_size=\u00a0\u00bb30px\u00a0\u00bb header_line_height=\u00a0\u00bb1.3em\u00a0\u00bb body_font=\u00a0\u00bb||||||||\u00a0\u00bb body_text_align=\u00a0\u00bbcenter\u00a0\u00bb body_text_color=\u00a0\u00bb#94b71f\u00a0\u00bb body_font_size=\u00a0\u00bb18px\u00a0\u00bb background_color=\u00a0\u00bbrgba(0,155,0,0.07)\u00a0\u00bb text_orientation=\u00a0\u00bbcenter\u00a0\u00bb background_layout=\u00a0\u00bbdark\u00a0\u00bb custom_padding=\u00a0\u00bb30px|40px|30px|40px|true|true\u00a0\u00bb link_option_url=\u00a0\u00bbhttps:\/\/campingriotus.net\/fr\/restaurant\/menu-du-jour\/\u00a0\u00bb border_radii=\u00a0\u00bbon|20px|20px|20px|20px\u00a0\u00bb border_width_all=\u00a0\u00bb4px\u00a0\u00bb border_color_all=\u00a0\u00bb#94b71f\u00a0\u00bb box_shadow_style=\u00a0\u00bbpreset4&Prime; global_colors_info=\u00a0\u00bb{}\u00a0\u00bb]Cliquez ici pour plus d&rsquo;informations[\/et_pb_blurb][\/et_pb_column][et_pb_column type=\u00a0\u00bb1_3&Prime; _builder_version=\u00a0\u00bb3.25&Prime; custom_padding=\u00a0\u00bb|||\u00a0\u00bb global_colors_info=\u00a0\u00bb{}\u00a0\u00bb custom_padding__hover=\u00a0\u00bb|||\u00a0\u00bb][et_pb_blurb title=\u00a0\u00bbCarte\u00a0\u00bb url=\u00a0\u00bbhttps:\/\/campingriotus.net\/fr\/restaurant\/carte-de-restaurant\/\u00a0\u00bb use_icon=\u00a0\u00bbon\u00a0\u00bb font_icon=\u00a0\u00bb%%75%%\u00a0\u00bb icon_color=\u00a0\u00bb#ba9e00&Prime; _builder_version=\u00a0\u00bb4.9.4&Prime; header_level=\u00a0\u00bbh3&Prime; header_font=\u00a0\u00bb|700|||||||\u00a0\u00bb header_text_align=\u00a0\u00bbcenter\u00a0\u00bb header_text_color=\u00a0\u00bb#ba9e00&Prime; header_font_size=\u00a0\u00bb30px\u00a0\u00bb header_line_height=\u00a0\u00bb1.3em\u00a0\u00bb body_font=\u00a0\u00bb||||||||\u00a0\u00bb body_text_align=\u00a0\u00bbcenter\u00a0\u00bb body_text_color=\u00a0\u00bb#ba9e00&Prime; body_font_size=\u00a0\u00bb18px\u00a0\u00bb background_color=\u00a0\u00bbrgba(0,155,0,0.07)\u00a0\u00bb text_orientation=\u00a0\u00bbcenter\u00a0\u00bb background_layout=\u00a0\u00bbdark\u00a0\u00bb custom_padding=\u00a0\u00bb30px|40px|30px|40px|true|true\u00a0\u00bb link_option_url=\u00a0\u00bbhttps:\/\/campingriotus.net\/fr\/restaurant\/carte-de-restaurant\/\u00a0\u00bb border_radii=\u00a0\u00bbon|20px|20px|20px|20px\u00a0\u00bb border_width_all=\u00a0\u00bb4px\u00a0\u00bb border_color_all=\u00a0\u00bb#ba9e00&Prime; box_shadow_style=\u00a0\u00bbpreset4&Prime; global_colors_info=\u00a0\u00bb{}\u00a0\u00bb]Demandez ce que vous aimez le plus[\/et_pb_blurb][\/et_pb_column][\/et_pb_row][et_pb_row column_structure=\u00a0\u00bb1_3,1_3,1_3&Prime; use_custom_gutter=\u00a0\u00bbon\u00a0\u00bb gutter_width=\u00a0\u00bb2&Prime; _builder_version=\u00a0\u00bb4.9.4&Prime; custom_padding=\u00a0\u00bb||100px|||\u00a0\u00bb global_colors_info=\u00a0\u00bb{}\u00a0\u00bb][et_pb_column type=\u00a0\u00bb1_3&Prime; _builder_version=\u00a0\u00bb4.9.2&Prime; custom_padding=\u00a0\u00bb|||\u00a0\u00bb global_colors_info=\u00a0\u00bb{}\u00a0\u00bb custom_padding__hover=\u00a0\u00bb|||\u00a0\u00bb][et_pb_blurb title=\u00a0\u00bbCarte des vins\u00a0\u00bb url=\u00a0\u00bbhttps:\/\/campingriotus.net\/fr\/restaurant\/carte-des-vins\/\u00a0\u00bb use_icon=\u00a0\u00bbon\u00a0\u00bb font_icon=\u00a0\u00bb%%67%%\u00a0\u00bb icon_color=\u00a0\u00bb#a0005d\u00a0\u00bb _builder_version=\u00a0\u00bb4.9.2&Prime; header_level=\u00a0\u00bbh3&Prime; header_font=\u00a0\u00bb|700|||||||\u00a0\u00bb header_text_align=\u00a0\u00bbcenter\u00a0\u00bb header_text_color=\u00a0\u00bb#a0005d\u00a0\u00bb header_font_size=\u00a0\u00bb30px\u00a0\u00bb header_line_height=\u00a0\u00bb1.3em\u00a0\u00bb body_font=\u00a0\u00bb||||||||\u00a0\u00bb body_text_align=\u00a0\u00bbcenter\u00a0\u00bb body_text_color=\u00a0\u00bb#a0005d\u00a0\u00bb body_font_size=\u00a0\u00bb18px\u00a0\u00bb background_color=\u00a0\u00bbrgba(160,0,93,0.07)\u00a0\u00bb text_orientation=\u00a0\u00bbcenter\u00a0\u00bb background_layout=\u00a0\u00bbdark\u00a0\u00bb custom_padding=\u00a0\u00bb30px|40px|30px|40px|true|true\u00a0\u00bb link_option_url=\u00a0\u00bbhttps:\/\/campingriotus.net\/fr\/restaurant\/carte-des-vins\/\u00a0\u00bb border_radii=\u00a0\u00bbon|20px|20px|20px|20px\u00a0\u00bb border_width_all=\u00a0\u00bb4px\u00a0\u00bb border_color_all=\u00a0\u00bb#a0005d\u00a0\u00bb box_shadow_style=\u00a0\u00bbpreset4&Prime; global_colors_info=\u00a0\u00bb{}\u00a0\u00bb]<\/p>\n<p>Rouges, Blancs, Ros\u00e9s&#8230;<\/p>\n<p>[\/et_pb_blurb][\/et_pb_column][et_pb_column type=\u00a0\u00bb1_3&Prime; _builder_version=\u00a0\u00bb3.25&Prime; custom_padding=\u00a0\u00bb|||\u00a0\u00bb global_colors_info=\u00a0\u00bb{}\u00a0\u00bb custom_padding__hover=\u00a0\u00bb|||\u00a0\u00bb][et_pb_blurb title=\u00a0\u00bbBi\u00e8res Artisanales\u00a0\u00bb url=\u00a0\u00bbhttps:\/\/campingriotus.net\/fr\/restaurant\/bieres-artisanales\/\u00a0\u00bb use_icon=\u00a0\u00bbon\u00a0\u00bb font_icon=\u00a0\u00bb%%67%%\u00a0\u00bb icon_color=\u00a0\u00bb#e28000&Prime; _builder_version=\u00a0\u00bb4.9.4&Prime; header_level=\u00a0\u00bbh3&Prime; header_font=\u00a0\u00bb|700|||||||\u00a0\u00bb header_text_align=\u00a0\u00bbcenter\u00a0\u00bb header_text_color=\u00a0\u00bb#e28000&Prime; header_font_size=\u00a0\u00bb30px\u00a0\u00bb header_line_height=\u00a0\u00bb1.3em\u00a0\u00bb body_font=\u00a0\u00bb||||||||\u00a0\u00bb body_text_align=\u00a0\u00bbcenter\u00a0\u00bb body_text_color=\u00a0\u00bb#e28000&Prime; body_font_size=\u00a0\u00bb18px\u00a0\u00bb background_color=\u00a0\u00bbrgba(0,155,0,0.07)\u00a0\u00bb text_orientation=\u00a0\u00bbcenter\u00a0\u00bb background_layout=\u00a0\u00bbdark\u00a0\u00bb custom_padding=\u00a0\u00bb30px|40px|30px|40px|true|true\u00a0\u00bb link_option_url=\u00a0\u00bbhttps:\/\/campingriotus.net\/fr\/restaurant\/bieres-artisanales\/\u00a0\u00bb border_radii=\u00a0\u00bbon|20px|20px|20px|20px\u00a0\u00bb border_width_all=\u00a0\u00bb4px\u00a0\u00bb border_color_all=\u00a0\u00bb#e28000&Prime; box_shadow_style=\u00a0\u00bbpreset4&Prime; global_colors_info=\u00a0\u00bb{}\u00a0\u00bb]V\u00e9rifiez ici toutes les options[\/et_pb_blurb][\/et_pb_column][et_pb_column type=\u00a0\u00bb1_3&Prime; _builder_version=\u00a0\u00bb3.25&Prime; custom_padding=\u00a0\u00bb|||\u00a0\u00bb global_colors_info=\u00a0\u00bb{}\u00a0\u00bb custom_padding__hover=\u00a0\u00bb|||\u00a0\u00bb][et_pb_blurb title=\u00a0\u00bbCarte des glaces\u00a0\u00bb url=\u00a0\u00bbhttps:\/\/campingriotus.net\/fr\/restaurant\/carte-des-glaces\/\u00a0\u00bb use_icon=\u00a0\u00bbon\u00a0\u00bb font_icon=\u00a0\u00bb%%67%%\u00a0\u00bb icon_color=\u00a0\u00bb#00c99d\u00a0\u00bb _builder_version=\u00a0\u00bb4.9.4&Prime; header_level=\u00a0\u00bbh3&Prime; header_font=\u00a0\u00bb|700|||||||\u00a0\u00bb header_text_align=\u00a0\u00bbcenter\u00a0\u00bb header_text_color=\u00a0\u00bb#00c99d\u00a0\u00bb header_font_size=\u00a0\u00bb30px\u00a0\u00bb header_line_height=\u00a0\u00bb1.3em\u00a0\u00bb body_font=\u00a0\u00bb||||||||\u00a0\u00bb body_text_align=\u00a0\u00bbcenter\u00a0\u00bb body_text_color=\u00a0\u00bb#00c99d\u00a0\u00bb body_font_size=\u00a0\u00bb18px\u00a0\u00bb background_color=\u00a0\u00bbrgba(0,155,0,0.07)\u00a0\u00bb text_orientation=\u00a0\u00bbcenter\u00a0\u00bb background_layout=\u00a0\u00bbdark\u00a0\u00bb custom_padding=\u00a0\u00bb30px|40px|30px|40px|true|true\u00a0\u00bb link_option_url=\u00a0\u00bbhttps:\/\/campingriotus.net\/fr\/restaurant\/carte-des-glaces\/\u00a0\u00bb border_radii=\u00a0\u00bbon|20px|20px|20px|20px\u00a0\u00bb border_width_all=\u00a0\u00bb4px\u00a0\u00bb border_color_all=\u00a0\u00bb#00c99d\u00a0\u00bb box_shadow_style=\u00a0\u00bbpreset4&Prime; global_colors_info=\u00a0\u00bb{}\u00a0\u00bb]V\u00e9rifiez ici toutes les options[\/et_pb_blurb][\/et_pb_column][\/et_pb_row][\/et_pb_section]<\/p>\n","protected":false},"excerpt":{"rendered":"<p>&nbsp; Au Camping Rio Tus nous avons voulu marquer la diff\u00e9rence et que le service de restauration, classique dans d\u2019autres campings, soit ici une raison \u00e0 part enti\u00e8re pour venir. Horaire d\u2019automne, Vendredis de 13h30 \u00e0 23h00, samedis de 09h00 \u00e0 23h00 et les dimanches de 9h00 \u00e0 18h00. &nbsp;Services d&rsquo;alimentation et de boissonsV\u00e9rifiez ici [&hellip;]<\/p>\n","protected":false},"author":1,"featured_media":0,"parent":0,"menu_order":0,"comment_status":"closed","ping_status":"closed","template":"","meta":{"_acf_changed":false,"_et_pb_use_builder":"on","_et_pb_old_content":"","_et_gb_content_width":"","footnotes":""},"class_list":["post-13921","page","type-page","status-publish","hentry"],"acf":[],"yoast_head":"<!-- This site is optimized with the Yoast SEO plugin v27.0 - https:\/\/yoast.com\/product\/yoast-seo-wordpress\/ -->\n<title>Restaurant R\u00edo Tus \u00e0Yeste - Albacete. Plus qu\u2019une table, une exp\u00e9rience.<\/title>\n<meta name=\"description\" content=\"Nous vous proposons des menus uniques \u00e0 emporter, la carte et le menu du jour. Venez nous voir et d\u00e9couvrez notre cuisine!\" \/>\n<meta name=\"robots\" content=\"index, follow, max-snippet:-1, max-image-preview:large, max-video-preview:-1\" \/>\n<link rel=\"canonical\" href=\"https:\/\/campingriotus.net\/fr\/restaurant\/\" \/>\n<meta property=\"og:locale\" content=\"fr_FR\" \/>\n<meta property=\"og:type\" content=\"article\" \/>\n<meta property=\"og:title\" content=\"Restaurant R\u00edo Tus \u00e0Yeste - Albacete. Plus qu\u2019une table, une exp\u00e9rience.\" \/>\n<meta property=\"og:description\" content=\"Nous vous proposons des menus uniques \u00e0 emporter, la carte et le menu du jour. Venez nous voir et d\u00e9couvrez notre cuisine!\" \/>\n<meta property=\"og:url\" content=\"https:\/\/campingriotus.net\/fr\/restaurant\/\" \/>\n<meta property=\"og:site_name\" content=\"CAMPING RIO TUS\" \/>\n<meta property=\"article:modified_time\" content=\"2021-09-20T09:55:11+00:00\" \/>\n<meta name=\"twitter:card\" content=\"summary_large_image\" \/>\n<meta name=\"twitter:label1\" content=\"Dur\u00e9e de lecture estim\u00e9e\" \/>\n\t<meta name=\"twitter:data1\" content=\"6 minutes\" \/>\n<script type=\"application\/ld+json\" class=\"yoast-schema-graph\">{\"@context\":\"https:\/\/schema.org\",\"@graph\":[{\"@type\":\"WebPage\",\"@id\":\"https:\/\/campingriotus.net\/fr\/restaurant\/\",\"url\":\"https:\/\/campingriotus.net\/fr\/restaurant\/\",\"name\":\"Restaurant R\u00edo Tus \u00e0Yeste - Albacete. Plus qu\u2019une table, une exp\u00e9rience.\",\"isPartOf\":{\"@id\":\"https:\/\/campingriotus.net\/fr\/#website\"},\"datePublished\":\"2021-09-16T15:31:30+00:00\",\"dateModified\":\"2021-09-20T09:55:11+00:00\",\"description\":\"Nous vous proposons des menus uniques \u00e0 emporter, la carte et le menu du jour. Venez nous voir et d\u00e9couvrez notre cuisine!\",\"breadcrumb\":{\"@id\":\"https:\/\/campingriotus.net\/fr\/restaurant\/#breadcrumb\"},\"inLanguage\":\"fr-FR\",\"potentialAction\":[{\"@type\":\"ReadAction\",\"target\":[\"https:\/\/campingriotus.net\/fr\/restaurant\/\"]}]},{\"@type\":\"BreadcrumbList\",\"@id\":\"https:\/\/campingriotus.net\/fr\/restaurant\/#breadcrumb\",\"itemListElement\":[{\"@type\":\"ListItem\",\"position\":1,\"name\":\"Portada\",\"item\":\"https:\/\/campingriotus.net\/fr\/\"},{\"@type\":\"ListItem\",\"position\":2,\"name\":\"Restaurant\"}]},{\"@type\":\"WebSite\",\"@id\":\"https:\/\/campingriotus.net\/fr\/#website\",\"url\":\"https:\/\/campingriotus.net\/fr\/\",\"name\":\"CAMPING RIO TUS\",\"description\":\"CAMPING RIO TUS\",\"publisher\":{\"@id\":\"https:\/\/campingriotus.net\/fr\/#organization\"},\"potentialAction\":[{\"@type\":\"SearchAction\",\"target\":{\"@type\":\"EntryPoint\",\"urlTemplate\":\"https:\/\/campingriotus.net\/fr\/?s={search_term_string}\"},\"query-input\":{\"@type\":\"PropertyValueSpecification\",\"valueRequired\":true,\"valueName\":\"search_term_string\"}}],\"inLanguage\":\"fr-FR\"},{\"@type\":\"Organization\",\"@id\":\"https:\/\/campingriotus.net\/fr\/#organization\",\"name\":\"CAMPING RIO TUS S.L.\",\"url\":\"https:\/\/campingriotus.net\/fr\/\",\"logo\":{\"@type\":\"ImageObject\",\"inLanguage\":\"fr-FR\",\"@id\":\"https:\/\/campingriotus.net\/fr\/#\/schema\/logo\/image\/\",\"url\":\"https:\/\/campingriotus.net\/wp-content\/uploads\/2018\/12\/camping-rio-tus-logo.png\",\"contentUrl\":\"https:\/\/campingriotus.net\/wp-content\/uploads\/2018\/12\/camping-rio-tus-logo.png\",\"width\":382,\"height\":247,\"caption\":\"CAMPING RIO TUS S.L.\"},\"image\":{\"@id\":\"https:\/\/campingriotus.net\/fr\/#\/schema\/logo\/image\/\"}}]}<\/script>\n<!-- \/ Yoast SEO plugin. -->","yoast_head_json":{"title":"Restaurant R\u00edo Tus \u00e0Yeste - Albacete. Plus qu\u2019une table, une exp\u00e9rience.","description":"Nous vous proposons des menus uniques \u00e0 emporter, la carte et le menu du jour. Venez nous voir et d\u00e9couvrez notre cuisine!","robots":{"index":"index","follow":"follow","max-snippet":"max-snippet:-1","max-image-preview":"max-image-preview:large","max-video-preview":"max-video-preview:-1"},"canonical":"https:\/\/campingriotus.net\/fr\/restaurant\/","og_locale":"fr_FR","og_type":"article","og_title":"Restaurant R\u00edo Tus \u00e0Yeste - Albacete. Plus qu\u2019une table, une exp\u00e9rience.","og_description":"Nous vous proposons des menus uniques \u00e0 emporter, la carte et le menu du jour. Venez nous voir et d\u00e9couvrez notre cuisine!","og_url":"https:\/\/campingriotus.net\/fr\/restaurant\/","og_site_name":"CAMPING RIO TUS","article_modified_time":"2021-09-20T09:55:11+00:00","twitter_card":"summary_large_image","twitter_misc":{"Dur\u00e9e de lecture estim\u00e9e":"6 minutes"},"schema":{"@context":"https:\/\/schema.org","@graph":[{"@type":"WebPage","@id":"https:\/\/campingriotus.net\/fr\/restaurant\/","url":"https:\/\/campingriotus.net\/fr\/restaurant\/","name":"Restaurant R\u00edo Tus \u00e0Yeste - Albacete. Plus qu\u2019une table, une exp\u00e9rience.","isPartOf":{"@id":"https:\/\/campingriotus.net\/fr\/#website"},"datePublished":"2021-09-16T15:31:30+00:00","dateModified":"2021-09-20T09:55:11+00:00","description":"Nous vous proposons des menus uniques \u00e0 emporter, la carte et le menu du jour. Venez nous voir et d\u00e9couvrez notre cuisine!","breadcrumb":{"@id":"https:\/\/campingriotus.net\/fr\/restaurant\/#breadcrumb"},"inLanguage":"fr-FR","potentialAction":[{"@type":"ReadAction","target":["https:\/\/campingriotus.net\/fr\/restaurant\/"]}]},{"@type":"BreadcrumbList","@id":"https:\/\/campingriotus.net\/fr\/restaurant\/#breadcrumb","itemListElement":[{"@type":"ListItem","position":1,"name":"Portada","item":"https:\/\/campingriotus.net\/fr\/"},{"@type":"ListItem","position":2,"name":"Restaurant"}]},{"@type":"WebSite","@id":"https:\/\/campingriotus.net\/fr\/#website","url":"https:\/\/campingriotus.net\/fr\/","name":"CAMPING RIO TUS","description":"CAMPING RIO TUS","publisher":{"@id":"https:\/\/campingriotus.net\/fr\/#organization"},"potentialAction":[{"@type":"SearchAction","target":{"@type":"EntryPoint","urlTemplate":"https:\/\/campingriotus.net\/fr\/?s={search_term_string}"},"query-input":{"@type":"PropertyValueSpecification","valueRequired":true,"valueName":"search_term_string"}}],"inLanguage":"fr-FR"},{"@type":"Organization","@id":"https:\/\/campingriotus.net\/fr\/#organization","name":"CAMPING RIO TUS S.L.","url":"https:\/\/campingriotus.net\/fr\/","logo":{"@type":"ImageObject","inLanguage":"fr-FR","@id":"https:\/\/campingriotus.net\/fr\/#\/schema\/logo\/image\/","url":"https:\/\/campingriotus.net\/wp-content\/uploads\/2018\/12\/camping-rio-tus-logo.png","contentUrl":"https:\/\/campingriotus.net\/wp-content\/uploads\/2018\/12\/camping-rio-tus-logo.png","width":382,"height":247,"caption":"CAMPING RIO TUS S.L."},"image":{"@id":"https:\/\/campingriotus.net\/fr\/#\/schema\/logo\/image\/"}}]}},"_links":{"self":[{"href":"https:\/\/campingriotus.net\/fr\/wp-json\/wp\/v2\/pages\/13921","targetHints":{"allow":["GET"]}}],"collection":[{"href":"https:\/\/campingriotus.net\/fr\/wp-json\/wp\/v2\/pages"}],"about":[{"href":"https:\/\/campingriotus.net\/fr\/wp-json\/wp\/v2\/types\/page"}],"author":[{"embeddable":true,"href":"https:\/\/campingriotus.net\/fr\/wp-json\/wp\/v2\/users\/1"}],"replies":[{"embeddable":true,"href":"https:\/\/campingriotus.net\/fr\/wp-json\/wp\/v2\/comments?post=13921"}],"version-history":[{"count":5,"href":"https:\/\/campingriotus.net\/fr\/wp-json\/wp\/v2\/pages\/13921\/revisions"}],"predecessor-version":[{"id":13984,"href":"https:\/\/campingriotus.net\/fr\/wp-json\/wp\/v2\/pages\/13921\/revisions\/13984"}],"wp:attachment":[{"href":"https:\/\/campingriotus.net\/fr\/wp-json\/wp\/v2\/media?parent=13921"}],"curies":[{"name":"wp","href":"https:\/\/api.w.org\/{rel}","templated":true}]}}