{"id":13928,"date":"2021-09-16T17:51:15","date_gmt":"2021-09-16T15:51:15","guid":{"rendered":"https:\/\/campingriotus.net\/restaurant\/nourriture-a-emporter\/"},"modified":"2021-09-16T17:51:16","modified_gmt":"2021-09-16T15:51:16","slug":"nourriture-a-emporter","status":"publish","type":"page","link":"https:\/\/campingriotus.net\/fr\/restaurant\/nourriture-a-emporter\/","title":{"rendered":"Nourriture \u00e0 emporter"},"content":{"rendered":"<p>[et_pb_section fb_built=\u00a0\u00bb1&Prime; custom_padding_last_edited=\u00a0\u00bbon|phone\u00a0\u00bb prev_background_color=\u00a0\u00bb#ffffff\u00a0\u00bb next_background_color=\u00a0\u00bb#ffffff\u00a0\u00bb _builder_version=\u00a0\u00bb4.4.7&Prime; background_color=\u00a0\u00bb#009b00&Prime; background_position=\u00a0\u00bbbottom_center\u00a0\u00bb background_blend=\u00a0\u00bboverlay\u00a0\u00bb custom_margin=\u00a0\u00bb5px||\u00a0\u00bb custom_padding=\u00a0\u00bb92px||112px||false|false\u00a0\u00bb custom_padding_tablet=\u00a0\u00bb\u00a0\u00bb custom_padding_phone=\u00a0\u00bb60px||60px||true|false\u00a0\u00bb top_divider_style=\u00a0\u00bbwave2&Prime; top_divider_height_tablet=\u00a0\u00bb\u00a0\u00bb top_divider_height_phone=\u00a0\u00bb50px\u00a0\u00bb top_divider_height_last_edited=\u00a0\u00bbon|phone\u00a0\u00bb bottom_divider_style=\u00a0\u00bbwave2&Prime; bottom_divider_flip=\u00a0\u00bbvertical|horizontal\u00a0\u00bb bottom_divider_height_tablet=\u00a0\u00bb\u00a0\u00bb bottom_divider_height_phone=\u00a0\u00bb50px\u00a0\u00bb bottom_divider_height_last_edited=\u00a0\u00bbon|phone\u00a0\u00bb locked=\u00a0\u00bboff\u00a0\u00bb][et_pb_row _builder_version=\u00a0\u00bb3.25&Prime; custom_padding=\u00a0\u00bb0|0px|0|0px|false|false\u00a0\u00bb][et_pb_column type=\u00a0\u00bb4_4&Prime; _builder_version=\u00a0\u00bb3.25&Prime; custom_padding=\u00a0\u00bb|||\u00a0\u00bb custom_padding__hover=\u00a0\u00bb|||\u00a0\u00bb][et_pb_text _builder_version=\u00a0\u00bb4.5.1&Prime; text_font=\u00a0\u00bb||||||||\u00a0\u00bb header_font=\u00a0\u00bb||||||||\u00a0\u00bb header_font_size=\u00a0\u00bb40px\u00a0\u00bb header_line_height=\u00a0\u00bb1.4em\u00a0\u00bb background_layout=\u00a0\u00bbdark\u00a0\u00bb header_font_size_tablet=\u00a0\u00bb\u00a0\u00bb header_font_size_phone=\u00a0\u00bb34px\u00a0\u00bb header_font_size_last_edited=\u00a0\u00bbon|phone\u00a0\u00bb text_text_shadow_style=\u00a0\u00bbpreset5&Prime; text_text_shadow_horizontal_length=\u00a0\u00bb0.2em\u00a0\u00bb text_text_shadow_vertical_length=\u00a0\u00bb0.26em\u00a0\u00bb text_text_shadow_blur_strength=\u00a0\u00bb0.2em\u00a0\u00bb]<\/p>\n<h1>Plats \u00e0 emporter du restaurant (Consulter la disponibilit\u00e9 des plats)<\/h1>\n<p>[\/et_pb_text][\/et_pb_column][\/et_pb_row][\/et_pb_section][et_pb_section fb_built=\u00a0\u00bb1&Prime; _builder_version=\u00a0\u00bb4.4.7&Prime; background_enable_color=\u00a0\u00bboff\u00a0\u00bb custom_padding=\u00a0\u00bb29px||30px|||\u00a0\u00bb][et_pb_row column_structure=\u00a0\u00bb1_2,1_2&Prime; _builder_version=\u00a0\u00bb4.4.7&Prime;][et_pb_column type=\u00a0\u00bb1_2&Prime; _builder_version=\u00a0\u00bb4.4.7&Prime; background_color=\u00a0\u00bbrgba(170,168,29,0.16)\u00a0\u00bb custom_padding=\u00a0\u00bb40px||40px|40px|true|false\u00a0\u00bb border_radii=\u00a0\u00bbon|20px|20px|20px|20px\u00a0\u00bb box_shadow_style=\u00a0\u00bbpreset3&Prime; box_shadow_color=\u00a0\u00bbrgba(0,0,0,0.13)\u00a0\u00bb][et_pb_blurb title=\u00a0\u00bbHoraires pour emporter\u00a0\u00bb use_icon=\u00a0\u00bbon\u00a0\u00bb font_icon=\u00a0\u00bb%%92%%\u00a0\u00bb icon_placement=\u00a0\u00bbleft\u00a0\u00bb _builder_version=\u00a0\u00bb4.4.7&Prime; header_font=\u00a0\u00bb|600|||||||\u00a0\u00bb header_text_color=\u00a0\u00bb#92370a\u00a0\u00bb header_font_size=\u00a0\u00bb26px\u00a0\u00bb body_font=\u00a0\u00bb|600|||||||\u00a0\u00bb body_font_size=\u00a0\u00bb18px\u00a0\u00bb module_alignment=\u00a0\u00bbcenter\u00a0\u00bb]Matin\u00e9e de 13h00 \u00e014h00<br \/>\nSoir de 20h30 \u00e0 21h30[\/et_pb_blurb][\/et_pb_column][et_pb_column type=\u00a0\u00bb1_2&Prime; _builder_version=\u00a0\u00bb4.4.7&Prime; background_color=\u00a0\u00bbrgba(170,168,29,0.16)\u00a0\u00bb custom_padding=\u00a0\u00bb40px||40px|40px|true|false\u00a0\u00bb border_radii=\u00a0\u00bbon|20px|20px|20px|20px\u00a0\u00bb box_shadow_style=\u00a0\u00bbpreset3&Prime; box_shadow_color=\u00a0\u00bbrgba(0,0,0,0.13)\u00a0\u00bb][et_pb_blurb title=\u00a0\u00bbT\u00e9l\u00e9phones etWhatsapp\u00a0\u00bb use_icon=\u00a0\u00bbon\u00a0\u00bb font_icon=\u00a0\u00bb%%86%%\u00a0\u00bb icon_placement=\u00a0\u00bbleft\u00a0\u00bb _builder_version=\u00a0\u00bb4.4.7&Prime; header_font=\u00a0\u00bb|600|||||||\u00a0\u00bb header_text_color=\u00a0\u00bb#92370a\u00a0\u00bb header_font_size=\u00a0\u00bb26px\u00a0\u00bb body_font=\u00a0\u00bb|600|||||||\u00a0\u00bb body_font_size=\u00a0\u00bb18px\u00a0\u00bb module_alignment=\u00a0\u00bbcenter\u00a0\u00bb hover_enabled=\u00a0\u00bb0&Prime; sticky_enabled=\u00a0\u00bb0&Prime;]<\/p>\n<p>642 79 23 89<\/p>\n<p>[\/et_pb_blurb][\/et_pb_column][\/et_pb_row][\/et_pb_section][et_pb_section fb_built=\u00a0\u00bb1&Prime; _builder_version=\u00a0\u00bb4.4.7&Prime; custom_padding=\u00a0\u00bb0px||30px|||\u00a0\u00bb locked=\u00a0\u00bboff\u00a0\u00bb][et_pb_row column_structure=\u00a0\u00bb1_3,1_3,1_3&Prime; use_custom_gutter=\u00a0\u00bbon\u00a0\u00bb gutter_width=\u00a0\u00bb2&Prime; _builder_version=\u00a0\u00bb4.4.7&Prime; width=\u00a0\u00bb90%\u00a0\u00bb][et_pb_column type=\u00a0\u00bb1_3&Prime; _builder_version=\u00a0\u00bb4.4.7&Prime; custom_padding=\u00a0\u00bb||||false|false\u00a0\u00bb custom_padding_tablet=\u00a0\u00bb\u00a0\u00bb custom_padding_phone=\u00a0\u00bb||30px||false|false\u00a0\u00bb custom_padding_last_edited=\u00a0\u00bbon|phone\u00a0\u00bb][et_pb_text _builder_version=\u00a0\u00bb4.9.4&Prime; _module_preset=\u00a0\u00bbdefault\u00a0\u00bb header_2_font=\u00a0\u00bb|700|||||||\u00a0\u00bb header_2_text_color=\u00a0\u00bb#009B00&Prime; header_2_font_size=\u00a0\u00bb40px\u00a0\u00bb]<\/p>\n<h2>Le midi<\/h2>\n<p>[\/et_pb_text][et_pb_text _builder_version=\u00a0\u00bb4.9.4&Prime; _module_preset=\u00a0\u00bbdefault\u00a0\u00bb header_2_font=\u00a0\u00bb|700|||||||\u00a0\u00bb custom_padding=\u00a0\u00bb20px|20px|20px|20px|true|true\u00a0\u00bb border_radii=\u00a0\u00bbon|24px|24px|24px|24px\u00a0\u00bb border_width_all=\u00a0\u00bb2px\u00a0\u00bb border_color_all=\u00a0\u00bb#009B00&Prime;]<\/p>\n<table style=\"height: 245px; width: 100%; border-color: #ffffff;\">\n<tbody>\n<tr>\n<td style=\"width: 78.1408%;\">Les frites<\/td>\n<td style=\"width: 38.8592%;\">5\u20ac<\/td>\n<\/tr>\n<tr>\n<td style=\"width: 78.1408%;\">Patatas bravas<\/td>\n<td style=\"width: 38.8592%;\">5\u20ac<\/td>\n<\/tr>\n<tr>\n<td style=\"width: 78.1408%;\">Longe de notre d\u00e9rive<\/td>\n<td style=\"width: 38.8592%;\">9\u20ac<\/td>\n<\/tr>\n<tr>\n<td style=\"width: 78.1408%;\">Enfant frit \u00e0 l&rsquo;ail<\/td>\n<td style=\"width: 38.8592%;\">9\u20ac<\/td>\n<\/tr>\n<tr>\n<td style=\"width: 78.1408%;\">Timbale de seiche al ajoarriero<\/td>\n<td style=\"width: 38.8592%;\">9\u20ac<\/td>\n<\/tr>\n<tr>\n<td style=\"width: 78.1408%;\">Asadillo manchego \u00e0 la morue et au ch\u00e8vre frais<\/td>\n<td style=\"width: 38.8592%;\">9\u20ac<\/td>\n<\/tr>\n<tr>\n<td style=\"width: 78.1408%;\">Salade de poulet croustillant, avocat et fruits secs<\/td>\n<td style=\"width: 38.8592%;\">9\u20ac<\/td>\n<\/tr>\n<tr>\n<td style=\"width: 78.1408%;\">Salade mixte<\/td>\n<td style=\"width: 38.8592%;\">8\u20ac<\/td>\n<\/tr>\n<tr>\n<td style=\"width: 78.1408%;\">Salade de poulpe<\/td>\n<td style=\"width: 38.8592%;\">9\u20ac<\/td>\n<\/tr>\n<tr>\n<td style=\"width: 78.1408%;\">Poulet entier r\u00f4ti aux pommes de terre<\/td>\n<td style=\"width: 38.8592%;\">11\u20ac<\/td>\n<\/tr>\n<tr>\n<td style=\"width: 78.1408%;\">Agneau r\u00f4ti aux pommes de terre<\/td>\n<td style=\"width: 38.8592%;\">9\u20ac<\/td>\n<\/tr>\n<tr>\n<td style=\"width: 78.1408%;\">C\u00f4te au four bbq<\/td>\n<td style=\"width: 38.8592%;\">9\u20ac<\/td>\n<\/tr>\n<tr>\n<td style=\"width: 78.1408%;\">Poitrine croustillante aux pommes de terre<\/td>\n<td style=\"width: 38.8592%;\">5,5\u20ac<\/td>\n<\/tr>\n<tr>\n<td style=\"width: 78.1408%;\">\n<p>Saucisses aux pommes de terre<\/p>\n<\/td>\n<td style=\"width: 38.8592%;\">5,5\u20ac<\/td>\n<\/tr>\n<\/tbody>\n<\/table>\n<p>&nbsp;<\/p>\n<p>[\/et_pb_text][\/et_pb_column][et_pb_column type=\u00a0\u00bb1_3&Prime; _builder_version=\u00a0\u00bb4.4.7&Prime; custom_padding=\u00a0\u00bb||||false|false\u00a0\u00bb custom_padding_tablet=\u00a0\u00bb\u00a0\u00bb custom_padding_phone=\u00a0\u00bb||30px||false|false\u00a0\u00bb custom_padding_last_edited=\u00a0\u00bbon|phone\u00a0\u00bb][et_pb_text _builder_version=\u00a0\u00bb4.9.4&Prime; _module_preset=\u00a0\u00bbdefault\u00a0\u00bb header_2_font=\u00a0\u00bb|700|||||||\u00a0\u00bb header_2_text_color=\u00a0\u00bb#92370A\u00a0\u00bb header_2_font_size=\u00a0\u00bb40px\u00a0\u00bb]<\/p>\n<h2>Desserts<\/h2>\n<p>[\/et_pb_text][et_pb_text _builder_version=\u00a0\u00bb4.9.4&Prime; _module_preset=\u00a0\u00bbdefault\u00a0\u00bb header_2_font=\u00a0\u00bb|700|||||||\u00a0\u00bb header_2_text_color=\u00a0\u00bb#92370A\u00a0\u00bb header_2_font_size=\u00a0\u00bb40px\u00a0\u00bb custom_padding=\u00a0\u00bb20px|20px|20px|20px|true|true\u00a0\u00bb border_radii=\u00a0\u00bbon|24px|24px|24px|24px\u00a0\u00bb border_width_all=\u00a0\u00bb2px\u00a0\u00bb border_color_all=\u00a0\u00bb#92370a\u00a0\u00bb]<\/p>\n<table style=\"height: 245px; width: 100%; border-color: #ffffff;\" height=\"245\">\n<tbody>\n<tr>\n<td style=\"width: 78.1408%;\">Tarta de queso al horno<\/td>\n<td style=\"width: 38.8592%;\">3\u20ac<\/td>\n<\/tr>\n<tr>\n<td style=\"width: 78.1408%;\">Tarta de almendra de los giles<\/td>\n<td style=\"width: 38.8592%;\">3\u20ac<\/td>\n<\/tr>\n<tr>\n<td style=\"width: 78.1408%;\">Hojaldre de Manzana<\/td>\n<td style=\"width: 38.8592%;\">3\u20ac<\/td>\n<\/tr>\n<tr>\n<td style=\"width: 78.1408%;\">Pan de calatrava<\/td>\n<td style=\"width: 38.8592%;\">2,5\u20ac<\/td>\n<\/tr>\n<tr>\n<td style=\"width: 78.1408%;\"><\/td>\n<td style=\"width: 38.8592%;\"><\/td>\n<\/tr>\n<\/tbody>\n<\/table>\n<p>&nbsp;<\/p>\n<p>[\/et_pb_text][\/et_pb_column][et_pb_column type=\u00a0\u00bb1_3&Prime; _builder_version=\u00a0\u00bb4.4.7&Prime;][et_pb_text _builder_version=\u00a0\u00bb4.9.4&Prime; _module_preset=\u00a0\u00bbdefault\u00a0\u00bb header_text_color=\u00a0\u00bb#ba9e00&Prime; header_2_font=\u00a0\u00bb|700|||||||\u00a0\u00bb header_2_text_color=\u00a0\u00bb#ba9e00&Prime; header_2_font_size=\u00a0\u00bb40px\u00a0\u00bb]<\/p>\n<h2>Nuits<\/h2>\n<p>[\/et_pb_text][et_pb_accordion open_toggle_text_color=\u00a0\u00bb#ba9e00&Prime; closed_toggle_background_color=\u00a0\u00bb#ba9e00&Prime; icon_color=\u00a0\u00bb#ffffff\u00a0\u00bb use_icon_font_size=\u00a0\u00bbon\u00a0\u00bb icon_font_size=\u00a0\u00bb33px\u00a0\u00bb _builder_version=\u00a0\u00bb4.9.4&Prime; toggle_text_color=\u00a0\u00bb#ffffff\u00a0\u00bb toggle_level=\u00a0\u00bbh3&Prime; toggle_font=\u00a0\u00bb|600|||||||\u00a0\u00bb toggle_font_size=\u00a0\u00bb24px\u00a0\u00bb body_font=\u00a0\u00bb|600|||||||\u00a0\u00bb border_radii=\u00a0\u00bbon|20px|20px|20px|20px\u00a0\u00bb border_width_all=\u00a0\u00bb2px\u00a0\u00bb border_color_all=\u00a0\u00bb#ba9e00&Prime; box_shadow_style=\u00a0\u00bbpreset1&Prime; box_shadow_color=\u00a0\u00bbrgba(0,155,0,0.18)\u00a0\u00bb][et_pb_accordion_item title=\u00a0\u00bbTapas\u00a0\u00bb open=\u00a0\u00bbon\u00a0\u00bb _builder_version=\u00a0\u00bb4.9.4&Prime; _module_preset=\u00a0\u00bbdefault\u00a0\u00bb]<\/p>\n<p>&nbsp;<\/p>\n<table style=\"height: 245px; width: 100%; border-color: #ffffff;\" height=\"245\">\n<tbody>\n<tr>\n<td style=\"width: 78.1408%;\">Oreja plancha<\/td>\n<td style=\"width: 38.8592%;\">7\u20ac<\/td>\n<\/tr>\n<tr>\n<td style=\"width: 78.1408%;\">Lomo de nuestra orza<\/td>\n<td style=\"width: 38.8592%;\">9\u20ac<\/td>\n<\/tr>\n<tr>\n<td style=\"width: 78.1408%;\">Patatas bravas<\/td>\n<td style=\"width: 38.8592%;\">5\u20ac<\/td>\n<\/tr>\n<tr>\n<td style=\"width: 78.1408%;\">Timbal de sepia al ajoarriero<\/td>\n<td style=\"width: 38.8592%;\">9\u20ac<\/td>\n<\/tr>\n<tr>\n<td style=\"width: 78.1408%;\">Ensaladilla de pulpo<\/td>\n<td style=\"width: 38.8592%;\">9\u20ac<\/td>\n<\/tr>\n<tr>\n<td style=\"width: 78.1408%;\">\n<p>Surtido de croquetas caseras<\/p>\n<p>Gyozas de verdura\u00a0 acompa\u00f1adas de ensalada wakame<\/p>\n<p>Gyozas de cordero segure\u00f1o acompa\u00f1adas de esnalada wakame\u00a0 \u00a0 \u00a0 \u00a0 \u00a0<\/p>\n<p>Ensalada de pollo crujiente y aguacate\u00a0 \u00a0\u00a0<\/p>\n<p>Asadillo manchego con bacalao, queso fresco de cabra y aceitunas negras<\/p>\n<p>&nbsp;<\/p>\n<p>&nbsp;<\/p>\n<\/td>\n<td style=\"width: 38.8592%;\">\n<p>9\u20ac<\/p>\n<p>&nbsp;<\/p>\n<p>8\u20ac<\/p>\n<p>&nbsp;<\/p>\n<p>8\u20ac<\/p>\n<p>&nbsp;<\/p>\n<p>9\u20ac<\/p>\n<p>&nbsp;<\/p>\n<p>9\u20ac<\/p>\n<p>&nbsp;<\/p>\n<p>&nbsp;<\/p>\n<\/td>\n<\/tr>\n<\/tbody>\n<\/table>\n<p>[\/et_pb_accordion_item][et_pb_accordion_item title=\u00a0\u00bbBurgers\u00a0\u00bb _builder_version=\u00a0\u00bb4.9.4&Prime; open=\u00a0\u00bboff\u00a0\u00bb]<\/p>\n<p>&nbsp;<\/p>\n<table style=\"height: 245px; width: 100%; border-color: #ffffff;\" height=\"245\">\n<tbody>\n<tr>\n<td style=\"width: 78.1408%;\">Manchega: queso manchego, bacon, brotes y tomate seco<\/td>\n<td style=\"width: 38.8592%;\">8,5\u20ac<\/td>\n<\/tr>\n<tr>\n<td style=\"width: 78.1408%;\">Foie: foie, brotes y cebolla caramelizada<\/td>\n<td style=\"width: 38.8592%;\">8,5\u20ac<\/td>\n<\/tr>\n<tr>\n<td style=\"width: 78.1408%;\">Completa: pepinillo, cebolla, queso, tomate y bacon<\/td>\n<td style=\"width: 38.8592%;\">8,5\u20ac<\/td>\n<\/tr>\n<tr>\n<td style=\"width: 78.1408%;\">Pollo crujiente, tomate, brotes y cebolla<\/td>\n<td style=\"width: 38.8592%;\">8\u20ac<\/td>\n<\/tr>\n<tr>\n<td style=\"width: 78.1408%;\">Sencilla: carne de cerdo, bacon y queso<\/td>\n<td style=\"width: 38.8592%;\">5\u20ac<\/td>\n<\/tr>\n<tr>\n<td style=\"width: 78.1408%;\">Vegana: carne vegana, cebolla, tofu, tomate y brotes<\/td>\n<td style=\"width: 38.8592%;\">8\u20ac<\/td>\n<\/tr>\n<\/tbody>\n<\/table>\n<p>[\/et_pb_accordion_item][et_pb_accordion_item title=\u00a0\u00bbBocadillos\u00a0\u00bb _builder_version=\u00a0\u00bb4.4.7&Prime; open=\u00a0\u00bboff\u00a0\u00bb]<\/p>\n<p>&nbsp;<\/p>\n<table style=\"height: 245px; width: 100%; border-color: #ffffff;\" height=\"245\">\n<tbody>\n<tr>\n<td style=\"width: 78.1408%;\">Serranito: tortilla francesa, jam\u00f3n, tomate y pimientos<\/td>\n<td style=\"width: 38.8592%;\">5\u20ac<\/td>\n<\/tr>\n<tr>\n<td style=\"width: 78.1408%;\">Chupadedos: lomo, huevo, queso y mayonesa<\/td>\n<td style=\"width: 38.8592%;\">5\u20ac<\/td>\n<\/tr>\n<tr>\n<td style=\"width: 78.1408%;\">Capricho: jam\u00f3n ib\u00e9rico, tomate, queso fresco de cabra y brotes<\/td>\n<td style=\"width: 38.8592%;\">5,5\u20ac<\/td>\n<\/tr>\n<tr>\n<td style=\"width: 78.1408%;\">Vegetal: brotes, esp\u00e1rragos, at\u00fan, tomate, huevo duro y pepinillos<\/td>\n<td style=\"width: 38.8592%;\">5\u20ac<\/td>\n<\/tr>\n<\/tbody>\n<\/table>\n<p>[\/et_pb_accordion_item][et_pb_accordion_item title=\u00a0\u00bbSandwiches\u00a0\u00bb _builder_version=\u00a0\u00bb4.9.4&Prime; open=\u00a0\u00bboff\u00a0\u00bb]<\/p>\n<p>&nbsp;<\/p>\n<table style=\"height: 245px; width: 100%; border-color: #ffffff;\" height=\"245\">\n<tbody>\n<tr>\n<td style=\"width: 78.1408%;\">Club: tomate, pechuga, bacon, queso y cebolla<\/td>\n<td style=\"width: 38.8592%;\">5,5\u20ac<\/td>\n<\/tr>\n<tr>\n<td style=\"width: 78.1408%;\">Mixto: jam\u00f3n cocido y queso<\/td>\n<td style=\"width: 38.8592%;\">3,5\u20ac<\/td>\n<\/tr>\n<tr>\n<td style=\"width: 78.1408%;\"><\/td>\n<td style=\"width: 38.8592%;\"><\/td>\n<\/tr>\n<tr>\n<td style=\"width: 78.1408%;\">Vegetal: brotes, esp\u00e1rragos, at\u00fan, tomate y huevo duro\u00a0<\/td>\n<td style=\"width: 38.8592%;\">5\u20ac<\/td>\n<\/tr>\n<\/tbody>\n<\/table>\n<p>[\/et_pb_accordion_item][\/et_pb_accordion][\/et_pb_column][\/et_pb_row][\/et_pb_section][et_pb_section fb_built=\u00a0\u00bb1&Prime; _builder_version=\u00a0\u00bb4.4.7&Prime; custom_padding=\u00a0\u00bb27px|||||\u00a0\u00bb locked=\u00a0\u00bboff\u00a0\u00bb][et_pb_row _builder_version=\u00a0\u00bb4.4.7&Prime;][et_pb_column type=\u00a0\u00bb4_4&Prime; _builder_version=\u00a0\u00bb4.4.7&Prime;][et_pb_button button_url=\u00a0\u00bbhttps:\/\/campingriotus.net\/fr\/restaurant\/\u00a0\u00bb button_text=\u00a0\u00bbRETOUR AU RESTAURANT\u00a0\u00bb button_alignment=\u00a0\u00bbcenter\u00a0\u00bb _builder_version=\u00a0\u00bb4.4.7&Prime; custom_button=\u00a0\u00bbon\u00a0\u00bb button_text_size=\u00a0\u00bb18px\u00a0\u00bb button_border_radius=\u00a0\u00bb20px\u00a0\u00bb button_use_icon=\u00a0\u00bboff\u00a0\u00bb][\/et_pb_button][\/et_pb_column][\/et_pb_row][\/et_pb_section]<\/p>\n","protected":false},"excerpt":{"rendered":"<p>Plats \u00e0 emporter du restaurant (Consulter la disponibilit\u00e9 des plats)Matin\u00e9e de 13h00 \u00e014h00 Soir de 20h30 \u00e0 21h30642 79 23 89Le midi Les frites 5\u20ac Patatas bravas 5\u20ac Longe de notre d\u00e9rive 9\u20ac Enfant frit \u00e0 l&rsquo;ail 9\u20ac Timbale de seiche al ajoarriero 9\u20ac Asadillo manchego \u00e0 la morue et au ch\u00e8vre frais 9\u20ac Salade [&hellip;]<\/p>\n","protected":false},"author":1,"featured_media":0,"parent":13921,"menu_order":0,"comment_status":"closed","ping_status":"closed","template":"","meta":{"_acf_changed":false,"_et_pb_use_builder":"on","_et_pb_old_content":"","_et_gb_content_width":"","footnotes":""},"class_list":["post-13928","page","type-page","status-publish","hentry"],"acf":[],"yoast_head":"<!-- This site is optimized with the Yoast SEO plugin v27.0 - https:\/\/yoast.com\/product\/yoast-seo-wordpress\/ -->\n<title>Plats \u00e0 emporter du Restaurant R\u00edo Tus - Yeste. T\u00e9l\u00e9phonez et passez votre commande<\/title>\n<meta name=\"description\" content=\"Grande vari\u00e9t\u00e9 de plats \u00e0 emporter de notre restaurant. Des tapas d\u00e9licieuses, des viandes et burgers qui vous mettront l\u2019eau \u00e0 la bouche. Passez votre commande!\" \/>\n<meta name=\"robots\" content=\"index, follow, max-snippet:-1, max-image-preview:large, max-video-preview:-1\" \/>\n<link rel=\"canonical\" href=\"https:\/\/campingriotus.net\/fr\/restaurant\/nourriture-a-emporter\/\" \/>\n<meta property=\"og:locale\" content=\"fr_FR\" \/>\n<meta property=\"og:type\" content=\"article\" \/>\n<meta property=\"og:title\" content=\"Plats \u00e0 emporter du Restaurant R\u00edo Tus - Yeste. T\u00e9l\u00e9phonez et passez votre commande\" \/>\n<meta property=\"og:description\" content=\"Grande vari\u00e9t\u00e9 de plats \u00e0 emporter de notre restaurant. Des tapas d\u00e9licieuses, des viandes et burgers qui vous mettront l\u2019eau \u00e0 la bouche. Passez votre commande!\" \/>\n<meta property=\"og:url\" content=\"https:\/\/campingriotus.net\/fr\/restaurant\/nourriture-a-emporter\/\" \/>\n<meta property=\"og:site_name\" content=\"CAMPING RIO TUS\" \/>\n<meta property=\"article:modified_time\" content=\"2021-09-16T15:51:16+00:00\" \/>\n<meta name=\"twitter:card\" content=\"summary_large_image\" \/>\n<meta name=\"twitter:label1\" content=\"Dur\u00e9e de lecture estim\u00e9e\" \/>\n\t<meta name=\"twitter:data1\" content=\"5 minutes\" \/>\n<script type=\"application\/ld+json\" class=\"yoast-schema-graph\">{\"@context\":\"https:\/\/schema.org\",\"@graph\":[{\"@type\":\"WebPage\",\"@id\":\"https:\/\/campingriotus.net\/fr\/restaurant\/nourriture-a-emporter\/\",\"url\":\"https:\/\/campingriotus.net\/fr\/restaurant\/nourriture-a-emporter\/\",\"name\":\"Plats \u00e0 emporter du Restaurant R\u00edo Tus - Yeste. T\u00e9l\u00e9phonez et passez votre commande\",\"isPartOf\":{\"@id\":\"https:\/\/campingriotus.net\/fr\/#website\"},\"datePublished\":\"2021-09-16T15:51:15+00:00\",\"dateModified\":\"2021-09-16T15:51:16+00:00\",\"description\":\"Grande vari\u00e9t\u00e9 de plats \u00e0 emporter de notre restaurant. Des tapas d\u00e9licieuses, des viandes et burgers qui vous mettront l\u2019eau \u00e0 la bouche. Passez votre commande!\",\"breadcrumb\":{\"@id\":\"https:\/\/campingriotus.net\/fr\/restaurant\/nourriture-a-emporter\/#breadcrumb\"},\"inLanguage\":\"fr-FR\",\"potentialAction\":[{\"@type\":\"ReadAction\",\"target\":[\"https:\/\/campingriotus.net\/fr\/restaurant\/nourriture-a-emporter\/\"]}]},{\"@type\":\"BreadcrumbList\",\"@id\":\"https:\/\/campingriotus.net\/fr\/restaurant\/nourriture-a-emporter\/#breadcrumb\",\"itemListElement\":[{\"@type\":\"ListItem\",\"position\":1,\"name\":\"Portada\",\"item\":\"https:\/\/campingriotus.net\/fr\/\"},{\"@type\":\"ListItem\",\"position\":2,\"name\":\"Restaurant\",\"item\":\"https:\/\/campingriotus.net\/fr\/restaurant\/\"},{\"@type\":\"ListItem\",\"position\":3,\"name\":\"Nourriture \u00e0 emporter\"}]},{\"@type\":\"WebSite\",\"@id\":\"https:\/\/campingriotus.net\/fr\/#website\",\"url\":\"https:\/\/campingriotus.net\/fr\/\",\"name\":\"CAMPING RIO TUS\",\"description\":\"CAMPING RIO TUS\",\"publisher\":{\"@id\":\"https:\/\/campingriotus.net\/fr\/#organization\"},\"potentialAction\":[{\"@type\":\"SearchAction\",\"target\":{\"@type\":\"EntryPoint\",\"urlTemplate\":\"https:\/\/campingriotus.net\/fr\/?s={search_term_string}\"},\"query-input\":{\"@type\":\"PropertyValueSpecification\",\"valueRequired\":true,\"valueName\":\"search_term_string\"}}],\"inLanguage\":\"fr-FR\"},{\"@type\":\"Organization\",\"@id\":\"https:\/\/campingriotus.net\/fr\/#organization\",\"name\":\"CAMPING RIO TUS S.L.\",\"url\":\"https:\/\/campingriotus.net\/fr\/\",\"logo\":{\"@type\":\"ImageObject\",\"inLanguage\":\"fr-FR\",\"@id\":\"https:\/\/campingriotus.net\/fr\/#\/schema\/logo\/image\/\",\"url\":\"https:\/\/campingriotus.net\/wp-content\/uploads\/2018\/12\/camping-rio-tus-logo.png\",\"contentUrl\":\"https:\/\/campingriotus.net\/wp-content\/uploads\/2018\/12\/camping-rio-tus-logo.png\",\"width\":382,\"height\":247,\"caption\":\"CAMPING RIO TUS S.L.\"},\"image\":{\"@id\":\"https:\/\/campingriotus.net\/fr\/#\/schema\/logo\/image\/\"}}]}<\/script>\n<!-- \/ Yoast SEO plugin. -->","yoast_head_json":{"title":"Plats \u00e0 emporter du Restaurant R\u00edo Tus - Yeste. T\u00e9l\u00e9phonez et passez votre commande","description":"Grande vari\u00e9t\u00e9 de plats \u00e0 emporter de notre restaurant. Des tapas d\u00e9licieuses, des viandes et burgers qui vous mettront l\u2019eau \u00e0 la bouche. Passez votre commande!","robots":{"index":"index","follow":"follow","max-snippet":"max-snippet:-1","max-image-preview":"max-image-preview:large","max-video-preview":"max-video-preview:-1"},"canonical":"https:\/\/campingriotus.net\/fr\/restaurant\/nourriture-a-emporter\/","og_locale":"fr_FR","og_type":"article","og_title":"Plats \u00e0 emporter du Restaurant R\u00edo Tus - Yeste. T\u00e9l\u00e9phonez et passez votre commande","og_description":"Grande vari\u00e9t\u00e9 de plats \u00e0 emporter de notre restaurant. Des tapas d\u00e9licieuses, des viandes et burgers qui vous mettront l\u2019eau \u00e0 la bouche. Passez votre commande!","og_url":"https:\/\/campingriotus.net\/fr\/restaurant\/nourriture-a-emporter\/","og_site_name":"CAMPING RIO TUS","article_modified_time":"2021-09-16T15:51:16+00:00","twitter_card":"summary_large_image","twitter_misc":{"Dur\u00e9e de lecture estim\u00e9e":"5 minutes"},"schema":{"@context":"https:\/\/schema.org","@graph":[{"@type":"WebPage","@id":"https:\/\/campingriotus.net\/fr\/restaurant\/nourriture-a-emporter\/","url":"https:\/\/campingriotus.net\/fr\/restaurant\/nourriture-a-emporter\/","name":"Plats \u00e0 emporter du Restaurant R\u00edo Tus - Yeste. T\u00e9l\u00e9phonez et passez votre commande","isPartOf":{"@id":"https:\/\/campingriotus.net\/fr\/#website"},"datePublished":"2021-09-16T15:51:15+00:00","dateModified":"2021-09-16T15:51:16+00:00","description":"Grande vari\u00e9t\u00e9 de plats \u00e0 emporter de notre restaurant. Des tapas d\u00e9licieuses, des viandes et burgers qui vous mettront l\u2019eau \u00e0 la bouche. Passez votre commande!","breadcrumb":{"@id":"https:\/\/campingriotus.net\/fr\/restaurant\/nourriture-a-emporter\/#breadcrumb"},"inLanguage":"fr-FR","potentialAction":[{"@type":"ReadAction","target":["https:\/\/campingriotus.net\/fr\/restaurant\/nourriture-a-emporter\/"]}]},{"@type":"BreadcrumbList","@id":"https:\/\/campingriotus.net\/fr\/restaurant\/nourriture-a-emporter\/#breadcrumb","itemListElement":[{"@type":"ListItem","position":1,"name":"Portada","item":"https:\/\/campingriotus.net\/fr\/"},{"@type":"ListItem","position":2,"name":"Restaurant","item":"https:\/\/campingriotus.net\/fr\/restaurant\/"},{"@type":"ListItem","position":3,"name":"Nourriture \u00e0 emporter"}]},{"@type":"WebSite","@id":"https:\/\/campingriotus.net\/fr\/#website","url":"https:\/\/campingriotus.net\/fr\/","name":"CAMPING RIO TUS","description":"CAMPING RIO TUS","publisher":{"@id":"https:\/\/campingriotus.net\/fr\/#organization"},"potentialAction":[{"@type":"SearchAction","target":{"@type":"EntryPoint","urlTemplate":"https:\/\/campingriotus.net\/fr\/?s={search_term_string}"},"query-input":{"@type":"PropertyValueSpecification","valueRequired":true,"valueName":"search_term_string"}}],"inLanguage":"fr-FR"},{"@type":"Organization","@id":"https:\/\/campingriotus.net\/fr\/#organization","name":"CAMPING RIO TUS S.L.","url":"https:\/\/campingriotus.net\/fr\/","logo":{"@type":"ImageObject","inLanguage":"fr-FR","@id":"https:\/\/campingriotus.net\/fr\/#\/schema\/logo\/image\/","url":"https:\/\/campingriotus.net\/wp-content\/uploads\/2018\/12\/camping-rio-tus-logo.png","contentUrl":"https:\/\/campingriotus.net\/wp-content\/uploads\/2018\/12\/camping-rio-tus-logo.png","width":382,"height":247,"caption":"CAMPING RIO TUS S.L."},"image":{"@id":"https:\/\/campingriotus.net\/fr\/#\/schema\/logo\/image\/"}}]}},"_links":{"self":[{"href":"https:\/\/campingriotus.net\/fr\/wp-json\/wp\/v2\/pages\/13928","targetHints":{"allow":["GET"]}}],"collection":[{"href":"https:\/\/campingriotus.net\/fr\/wp-json\/wp\/v2\/pages"}],"about":[{"href":"https:\/\/campingriotus.net\/fr\/wp-json\/wp\/v2\/types\/page"}],"author":[{"embeddable":true,"href":"https:\/\/campingriotus.net\/fr\/wp-json\/wp\/v2\/users\/1"}],"replies":[{"embeddable":true,"href":"https:\/\/campingriotus.net\/fr\/wp-json\/wp\/v2\/comments?post=13928"}],"version-history":[{"count":2,"href":"https:\/\/campingriotus.net\/fr\/wp-json\/wp\/v2\/pages\/13928\/revisions"}],"predecessor-version":[{"id":13930,"href":"https:\/\/campingriotus.net\/fr\/wp-json\/wp\/v2\/pages\/13928\/revisions\/13930"}],"up":[{"embeddable":true,"href":"https:\/\/campingriotus.net\/fr\/wp-json\/wp\/v2\/pages\/13921"}],"wp:attachment":[{"href":"https:\/\/campingriotus.net\/fr\/wp-json\/wp\/v2\/media?parent=13928"}],"curies":[{"name":"wp","href":"https:\/\/api.w.org\/{rel}","templated":true}]}}