{"id":13987,"date":"2021-09-20T12:07:17","date_gmt":"2021-09-20T10:07:17","guid":{"rendered":"https:\/\/campingriotus.net\/mention-legale\/"},"modified":"2021-09-20T12:07:18","modified_gmt":"2021-09-20T10:07:18","slug":"mention-legale","status":"publish","type":"page","link":"https:\/\/campingriotus.net\/fr\/mention-legale\/","title":{"rendered":"MENTION L\u00c9GALE"},"content":{"rendered":"<p>[et_pb_section fb_built=\u00a0\u00bb1&Prime; _builder_version=\u00a0\u00bb3.19.5&Prime;][et_pb_row _builder_version=\u00a0\u00bb3.19.5&Prime;][et_pb_column type=\u00a0\u00bb4_4&Prime; _builder_version=\u00a0\u00bb3.19.5&Prime; parallax=\u00a0\u00bboff\u00a0\u00bb parallax_method=\u00a0\u00bbon\u00a0\u00bb][et_pb_text _builder_version=\u00a0\u00bb3.19.5&Prime;]<\/p>\n<p><strong>1.- Donn\u00e9es du responsable\/Titulaire du site Web.<\/strong><\/p>\n<p>Conform\u00e9ment \u00e0 l\u2019article 10 de la Loi 34\/2002 du 11 juillet, relative aux Services de la Soci\u00e9t\u00e9 de l\u2019Information et du Commerce l\u2019utilisateur est inform\u00e9 que le titulaire de la page Web est :<\/p>\n<p>CAMPING RIO TUS S.L., SIRET n\u00ba B-02410165, si\u00e9geant \u00e0 Cuesta de San Bartolom\u00e9 n\u00ba 11, 02480, Yeste, Albacete.<\/p>\n<p>Courrier \u00e9lectronique : info@campingriotus.net<\/p>\n<p>T\u00e9l\u00e9phone : 696 63 69 23<\/p>\n<p>Inscrit au Registre du Commerce de Albacete au Tome 816; g\u00e9n\u00e9ral 580; Feuille 156; Section 8; Folio AB 15779; Inscription : 1.\u00a0<\/p>\n<p>CAMPING RIO TUS S.L., responsable du site Web : www.campingriotus.net (site web ci-apr\u00e8s),\u00a0 s\u2019engage \u00e0 respecter les exigences nationales et europ\u00e9ennes qui r\u00e9gulent l\u2019utilisation des donn\u00e9es \u00e0 caract\u00e8re personnel des utilisateurs.<\/p>\n<p>Ce site Web garantit la protection et la confidentialit\u00e9 des donn\u00e9es \u00e0 caract\u00e8re personnel que vous nous fournissez conform\u00e9ment \u00e0 ce qui est dispos\u00e9 au R\u00e8glement G\u00e9n\u00e9ral de Protection de donn\u00e9es \u00e0 caract\u00e8re personnel (UE) 2016\/679 du Parlement Europ\u00e9en et du Conseil du 27 avril 2016 et la loi relative aux services de la Soci\u00e9t\u00e9 de l\u2019information et du commerce \u00e9lectronique 34\/2002 du 11 juillet (LSSI-CE).<\/p>\n<p><strong>2.- Objet.<\/strong><\/p>\n<p>Le site web offre \u00e0 ses utilisateurs l\u2019acc\u00e8s \u00e0 l\u2019information et aux services pr\u00eat\u00e9s par \u00a0CAMPING RIO TUS S.L., aux personnes ou organisation int\u00e9ress\u00e9es.<\/p>\n<p>L\u2019acc\u00e8s et l\u2019utilisation du site web conf\u00e8re la condition d\u2019utilisateur du site web (ci-apr\u00e8s \u201cl\u2019utilisateur\u201d) et implique l\u2019acceptation de toutes les conditions incluses dans cettemention l\u00e9gale ainsi que ses modifications. La prestation du service du site web a une dur\u00e9e limit\u00e9e au moment o\u00f9 l\u2019utilisateur se trouve connect\u00e9 au site web ou \u00e0 un des services facilit\u00e9s par ce biais. Par cons\u00e9quent, l\u2019utilisateur du site Web est tenu d\u2019en lire attentivement les termes, chaque fois qu\u2019il compte utiliser le site Web, car le texte peut subir des modifications de la part du propri\u00e9taire du site ou en raison d\u2019un changement l\u00e9gislatif, de jurisprudence ou de pratique commerciale.<\/p>\n<p><strong>3.- Termes et conditions d\u2019utilisation.<\/strong><\/p>\n<p>L\u2019acc\u00e8s \u00e0 cette page web conf\u00e8re la condition d\u2019UTILISATEUR \u00e0 quiconque acc\u00e8derait volontairement \u00e0 ce site web. L\u2019acc\u00e8s et la navigation sur ce site impliquent l\u2019acceptation et la connaissance des mentions l\u00e9gales, des conditions et des termes d\u2019utilisation contenus sur ce site. Le simple acc\u00e8s n\u2019implique pas l\u2019\u00e9tablissement automatique d\u2019une relation commerciale, quelle qu\u2019elle soit, entre l\u2019UTILISATEUR et CAMPING RIO TUS S.L. L\u2019information fournie sur la page web a comme objet d\u2019informer les utilisateurs des activit\u00e9s et des services pr\u00eat\u00e9s par CAMPING RIO TUS S.L., qui se r\u00e9serve le droit de r\u00e9aliser, \u00e0 tout moment, des variations, des \u00e9liminations ou des annulations des contenus et de leur pr\u00e9sentation consid\u00e9r\u00e9s n\u00e9cessaires pour la prestation des services. Cette facult\u00e9 n\u2019octroie aux utilisateurs aucun droit \u00e0 percevoir des d\u00e9dommagements, et il est donc recommand\u00e9 \u00e0 l\u2019UTILISATEUR de lire attentivement les termes de cette mention l\u00e9gale chaque fois qu\u2019il acc\u00e8de au site web.<\/p>\n<p>&#8211;\u00a0 Propri\u00e9t\u00e9 intellectuelle et industrielle.<\/p>\n<p>\u00a0L\u2019utilisateur sait et accepte que tous les contenus et\/ou tout autre \u00e9l\u00e9ment du site web sont propri\u00e9t\u00e9 de CAMPING RIO TUS S.L., et s\u2019engage \u00e0 respecter les droits de propri\u00e9t\u00e9 intellectuelle et industrielleet la titularit\u00e9de CAMPING RIO TUS S.L., et\/ou de tiers.<\/p>\n<p>Toute utilisation du site Web ou de son contenu doit avoir un caract\u00e8re exclusivement personnel. Toute autre utilisation qui suppose la copie, la reproduction, la distribution, la transformation, la communication publique ou toute autre action similaire, de tout ou partie du contenu du site Web, ne pourra \u00eatre r\u00e9alis\u00e9e sans l\u2019autorisation \u00e9crite pr\u00e9alable de CAMPING RIO TUS S.L.<\/p>\n<p><strong>4.- Contenu et services du site web.<\/strong><\/p>\n<p>\u00a0La langue utilis\u00e9e par le propri\u00e9taire sur le site Web sera l\u2019espagnol. CAMPING RIO TUS S.L. n\u2019est pas responsable du manque de compr\u00e9hension de la langue du site Web par l\u2019utilisateur, ni de ses cons\u00e9quences.<br \/>CAMPING RIO TUS S.L. pourra modifier les contenus du site web sans pr\u00e9avis, ainsi que les supprimer et les modifier, par exemple en ce qui concerne leur acc\u00e8s, sans aucune justification et librement, sans \u00eatre responsable des cons\u00e9quences qui en d\u00e9couleraient pour les utilisateurs.<\/p>\n<p>L\u2019utilisation du contenu du site Web pour promouvoir, contracter ou diffuser des publicit\u00e9s ou des informations propres ou \u00e9manant de tiers sans l\u2019autorisation de CAMPING RIO TUS S.L,\u00a0 ou envoyer de la publicit\u00e9 ou des informations en utilisant les services ou les informations mis \u00e0 leur disposition sur le site, ind\u00e9pendamment du fait que son utilisation soit gratuite ou pas, est interdite<\/p>\n<p>Les liens ou les hyperliens incorpor\u00e9s par des tiers dans leurs pages Web, dirig\u00e9s vers ce site Web, serviront \u00e0 ouvrir compl\u00e8tement la page Web, ne pouvant pas manifester, directement ou indirectement, des indications fausses, inexactes ou confuses, ni supposer aucune action d\u00e9loyale ou illicite \u00e0 l\u2019encontre deCAMPING RIO TUS S.L.<\/p>\n<p><strong>5.- Garanties et responsabilit\u00e9s.<\/strong><\/p>\n<p>L\u2019acc\u00e8s au site Web et l\u2019utilisation non consentie pouvant \u00eatre faite des informations qu\u2019il contient sont de la seule responsabilit\u00e9 de l\u2019utilisateur. CAMPING RIO TUS S.L. ne saurait \u00eatre tenu responsable des cons\u00e9quences, dommages ou int\u00e9r\u00eats pouvant r\u00e9sulter de cet acc\u00e8s ou de cette utilisation. CAMPING RIO TUS S.L. n\u2019est pas responsable des erreurs de s\u00e9curit\u00e9 pouvant survenir ni des dommages pouvant \u00eatre caus\u00e9s au syst\u00e8me informatique de l\u2019utilisateur (mat\u00e9riel et logiciel), aux fichiers ou aux documents qui y sont stock\u00e9s, en raison de : <br \/>\u2013 la pr\u00e9sence d\u2019un virus sur l\u2019ordinateur de l\u2019utilisateur utilis\u00e9 pour la connexion aux services et aux contenus du site Web,<\/p>\n<p>L\u2019UTILISATEUR assume la responsabilit\u00e9 de l\u2019utilisation du site et s\u2019engage \u00e0 en faire un bon usage et \u00e0 fournir de l\u2019information v\u00e9ridique et licite, s\u2019opposant \u00e0 des conduites contraires \u00e0 la loi, aux droits et int\u00e9r\u00eats de tiers.<\/p>\n<p>L\u2019utilisation de certains services ou demandes sera conditionn\u00e9e au formulaire rempli de collecte de donn\u00e9es. \u00c0 cet effet, l\u2019UTILISATEUR sera responsable des indications fausses, inexactes ou confuses, et du pr\u00e9judice qu\u2019elles pourraient supposer \u00e0 l\u2019encontre de CAMPING RIO TUS S.L et au responsable du site le cas \u00e9ch\u00e9ant.<\/p>\n<p>CAMPING RIO TUS S.L. se r\u00e9serve le droit de refuser ou retirer l\u2019acc\u00e8s \u00e0 la page web aux UTILISATEURS qui ne respectent pas les conditions et obligations de la pr\u00e9sente page web.<\/p>\n<p>CAMPING RIO TUS S.L. ne saurait \u00eatre tenu responsable des cons\u00e9quences, dommages ou int\u00e9r\u00eats pouvant r\u00e9sulter de cet acc\u00e8s ou de cette utilisation<\/p>\n<p>CAMPING RIO TUS S.L.n\u2019est pas responsable des erreurs de s\u00e9curit\u00e9 pouvant survenir ni des dommages pouvant \u00eatre caus\u00e9s au syst\u00e8me informatique de l\u2019utilisateur (mat\u00e9riel et logiciel), aux fichiers ou aux documents qui y sont stock\u00e9s, en raison de:<\/p>\n<p>La pr\u00e9sence d\u2019un virus sur l\u2019ordinateur de l\u2019utilisateur utilis\u00e9 pour la connexion aux services et aux contenus du site Web,<\/p>\n<p>Un dysfonctionnement du navigateur,- et \/ ou l\u2019utilisation de versions non mises \u00e0 jour<\/p>\n<p>CAMPING RIO TUS S.L. n\u2019est pas responsable de la fiabilit\u00e9 et de la rapidit\u00e9 des hyperliens incorpor\u00e9s dans le site Web pour permettre l\u2019ouverture d\u2019un autre. CAMPING RIO TUS S.L. ne garantit pas l\u2019utilit\u00e9 de ces liens, ni la responsabilit\u00e9 du contenu ou des services auxquels l\u2019utilisateur peut acc\u00e9der par l\u2019interm\u00e9diaire de ces liens, ni le bon fonctionnement de ces sites Web.<\/p>\n<p>\u00a0CAMPING RIO TUS S.L. ne peut \u00eatre tenu responsable des virus ou autres programmes informatiques qui d\u00e9t\u00e9riorent ou pourraient d\u00e9t\u00e9riorer les syst\u00e8mes informatiques ou l\u2019\u00e9quipement des utilisateurs lorsqu\u2019ils acc\u00e8dent \u00e0 son site Web ou \u00e0 d\u2019autres sites Web ayant \u00e9t\u00e9 accessibles via des liens pr\u00e9sents sur ce site Web.<\/p>\n<p>Cependant, dans le but de garantir la s\u00e9curit\u00e9 de vos donn\u00e9es personnelles, CAMPING RIO TUS S.L. d\u00e9clare avoir adopt\u00e9 toutes les mesures techniques et organisationnelles n\u00e9cessaires dans la mesure de ses possibilit\u00e9s pour garantir le fonctionnement de la page web et \u00e9viter l\u2019apparition et la transmission de virus et autres \u00e9l\u00e9ments nuisibles aux utilisateurs.<\/p>\n<p><strong>6.- Emploi de \u201ccookies\u201d.<\/strong><\/p>\n<p>\u00a0Le site web peut employer des cookies ou technologies similaires soumises \u00e0 ce qui est \u00e9tabli par la politique relative aux cookies, accessibles \u00e0 tout moment et dans le respect de la confidentialit\u00e9 et de la vie priv\u00e9e de l\u2019utilisateur, comme partie de la pr\u00e9sente mention l\u00e9gale.<\/p>\n<p><strong>7.- Navigation.<\/strong><\/p>\n<p>\u00a0Les serveurs d\u2019Internet peuvent collecter des donn\u00e9es non identifiables qui peuvent inclure des adresses IP et d\u2019autres qui ne peuvent pas \u00eatre utilis\u00e9es pour identifier l\u2019utilisateur. Votre adresse IP sera stock\u00e9e dans tous les logs d\u2019acc\u00e8s de mani\u00e8re automatique et dans le seul but de permettre la circulation par Internet, une fois que votre \u00e9quipement aura facilit\u00e9 cette adresse IP lorsque vous naviguez sur Internet pour que les communications puissent \u00eatre r\u00e9alis\u00e9es. De m\u00eame, l\u2019adresse IP pourra \u00eatre utilis\u00e9e pour r\u00e9aliser des statistiques sur le nombre de visiteurs de ce site web et leur provenance, de mani\u00e8re totalement transparente.<\/p>\n<p><strong>8.-L\u00e9gislation applicable et juridiction comp\u00e9tente.<\/strong><\/p>\n<p>\u00a0La pr\u00e9sente mention l\u00e9gale sera interpr\u00e9t\u00e9e et r\u00e9gie conform\u00e9ment \u00e0 la l\u00e9gislation espagnole. CAMPING RIO TUS S.L. et les utilisateurs, renon\u00e7ant express\u00e9ment \u00e0 toute autre juridiction qui pourrait leur correspondre, se soumettent aux cours et aux tribunaux de Albacete pour tout litige pouvant d\u00e9couler de l\u2019acc\u00e8s ou de l\u2019utilisation du site Web. Dans le cas o\u00f9 l\u2019utilisateur serait domicili\u00e9 en dehors de l\u2019Espagne, CAMPING RIO TUS S.L. \u00a0et l\u2019utilisateur, se soumettent, renon\u00e7ant express\u00e9ment \u00e0 toute autre juridiction, aux cours et tribunaux du domicile de CAMPING RIO TUS S.L.<\/p>\n<p>[\/et_pb_text][\/et_pb_column][\/et_pb_row][\/et_pb_section]<\/p>\n","protected":false},"excerpt":{"rendered":"<p>1.- Donn\u00e9es du responsable\/Titulaire du site Web. Conform\u00e9ment \u00e0 l\u2019article 10 de la Loi 34\/2002 du 11 juillet, relative aux Services de la Soci\u00e9t\u00e9 de l\u2019Information et du Commerce l\u2019utilisateur est inform\u00e9 que le titulaire de la page Web est : CAMPING RIO TUS S.L., SIRET n\u00ba B-02410165, si\u00e9geant \u00e0 Cuesta de San Bartolom\u00e9 n\u00ba [&hellip;]<\/p>\n","protected":false},"author":1,"featured_media":0,"parent":0,"menu_order":0,"comment_status":"closed","ping_status":"closed","template":"","meta":{"_acf_changed":false,"_et_pb_use_builder":"on","_et_pb_old_content":"","_et_gb_content_width":"","footnotes":""},"class_list":["post-13987","page","type-page","status-publish","hentry"],"acf":[],"yoast_head":"<!-- This site is optimized with the Yoast SEO plugin v27.0 - https:\/\/yoast.com\/product\/yoast-seo-wordpress\/ -->\n<title>MENTION L\u00c9GALE<\/title>\n<meta name=\"robots\" content=\"noindex, follow\" \/>\n<meta property=\"og:locale\" content=\"fr_FR\" \/>\n<meta property=\"og:type\" content=\"article\" \/>\n<meta property=\"og:title\" content=\"MENTION L\u00c9GALE\" \/>\n<meta property=\"og:url\" content=\"https:\/\/campingriotus.net\/fr\/mention-legale\/\" \/>\n<meta property=\"og:site_name\" content=\"CAMPING RIO TUS\" \/>\n<meta property=\"article:modified_time\" content=\"2021-09-20T10:07:18+00:00\" \/>\n<meta name=\"twitter:card\" content=\"summary_large_image\" \/>\n<meta name=\"twitter:label1\" content=\"Dur\u00e9e de lecture estim\u00e9e\" \/>\n\t<meta name=\"twitter:data1\" content=\"9 minutes\" \/>\n<script type=\"application\/ld+json\" class=\"yoast-schema-graph\">{\"@context\":\"https:\/\/schema.org\",\"@graph\":[{\"@type\":\"WebPage\",\"@id\":\"https:\/\/campingriotus.net\/fr\/mention-legale\/\",\"url\":\"https:\/\/campingriotus.net\/fr\/mention-legale\/\",\"name\":\"MENTION L\u00c9GALE\",\"isPartOf\":{\"@id\":\"https:\/\/campingriotus.net\/fr\/#website\"},\"datePublished\":\"2021-09-20T10:07:17+00:00\",\"dateModified\":\"2021-09-20T10:07:18+00:00\",\"breadcrumb\":{\"@id\":\"https:\/\/campingriotus.net\/fr\/mention-legale\/#breadcrumb\"},\"inLanguage\":\"fr-FR\",\"potentialAction\":[{\"@type\":\"ReadAction\",\"target\":[\"https:\/\/campingriotus.net\/fr\/mention-legale\/\"]}]},{\"@type\":\"BreadcrumbList\",\"@id\":\"https:\/\/campingriotus.net\/fr\/mention-legale\/#breadcrumb\",\"itemListElement\":[{\"@type\":\"ListItem\",\"position\":1,\"name\":\"Portada\",\"item\":\"https:\/\/campingriotus.net\/fr\/\"},{\"@type\":\"ListItem\",\"position\":2,\"name\":\"MENTION L\u00c9GALE\"}]},{\"@type\":\"WebSite\",\"@id\":\"https:\/\/campingriotus.net\/fr\/#website\",\"url\":\"https:\/\/campingriotus.net\/fr\/\",\"name\":\"CAMPING RIO TUS\",\"description\":\"CAMPING RIO TUS\",\"publisher\":{\"@id\":\"https:\/\/campingriotus.net\/fr\/#organization\"},\"potentialAction\":[{\"@type\":\"SearchAction\",\"target\":{\"@type\":\"EntryPoint\",\"urlTemplate\":\"https:\/\/campingriotus.net\/fr\/?s={search_term_string}\"},\"query-input\":{\"@type\":\"PropertyValueSpecification\",\"valueRequired\":true,\"valueName\":\"search_term_string\"}}],\"inLanguage\":\"fr-FR\"},{\"@type\":\"Organization\",\"@id\":\"https:\/\/campingriotus.net\/fr\/#organization\",\"name\":\"CAMPING RIO TUS S.L.\",\"url\":\"https:\/\/campingriotus.net\/fr\/\",\"logo\":{\"@type\":\"ImageObject\",\"inLanguage\":\"fr-FR\",\"@id\":\"https:\/\/campingriotus.net\/fr\/#\/schema\/logo\/image\/\",\"url\":\"https:\/\/campingriotus.net\/wp-content\/uploads\/2018\/12\/camping-rio-tus-logo.png\",\"contentUrl\":\"https:\/\/campingriotus.net\/wp-content\/uploads\/2018\/12\/camping-rio-tus-logo.png\",\"width\":382,\"height\":247,\"caption\":\"CAMPING RIO TUS S.L.\"},\"image\":{\"@id\":\"https:\/\/campingriotus.net\/fr\/#\/schema\/logo\/image\/\"}}]}<\/script>\n<!-- \/ Yoast SEO plugin. -->","yoast_head_json":{"title":"MENTION L\u00c9GALE","robots":{"index":"noindex","follow":"follow"},"og_locale":"fr_FR","og_type":"article","og_title":"MENTION L\u00c9GALE","og_url":"https:\/\/campingriotus.net\/fr\/mention-legale\/","og_site_name":"CAMPING RIO TUS","article_modified_time":"2021-09-20T10:07:18+00:00","twitter_card":"summary_large_image","twitter_misc":{"Dur\u00e9e de lecture estim\u00e9e":"9 minutes"},"schema":{"@context":"https:\/\/schema.org","@graph":[{"@type":"WebPage","@id":"https:\/\/campingriotus.net\/fr\/mention-legale\/","url":"https:\/\/campingriotus.net\/fr\/mention-legale\/","name":"MENTION L\u00c9GALE","isPartOf":{"@id":"https:\/\/campingriotus.net\/fr\/#website"},"datePublished":"2021-09-20T10:07:17+00:00","dateModified":"2021-09-20T10:07:18+00:00","breadcrumb":{"@id":"https:\/\/campingriotus.net\/fr\/mention-legale\/#breadcrumb"},"inLanguage":"fr-FR","potentialAction":[{"@type":"ReadAction","target":["https:\/\/campingriotus.net\/fr\/mention-legale\/"]}]},{"@type":"BreadcrumbList","@id":"https:\/\/campingriotus.net\/fr\/mention-legale\/#breadcrumb","itemListElement":[{"@type":"ListItem","position":1,"name":"Portada","item":"https:\/\/campingriotus.net\/fr\/"},{"@type":"ListItem","position":2,"name":"MENTION L\u00c9GALE"}]},{"@type":"WebSite","@id":"https:\/\/campingriotus.net\/fr\/#website","url":"https:\/\/campingriotus.net\/fr\/","name":"CAMPING RIO TUS","description":"CAMPING RIO TUS","publisher":{"@id":"https:\/\/campingriotus.net\/fr\/#organization"},"potentialAction":[{"@type":"SearchAction","target":{"@type":"EntryPoint","urlTemplate":"https:\/\/campingriotus.net\/fr\/?s={search_term_string}"},"query-input":{"@type":"PropertyValueSpecification","valueRequired":true,"valueName":"search_term_string"}}],"inLanguage":"fr-FR"},{"@type":"Organization","@id":"https:\/\/campingriotus.net\/fr\/#organization","name":"CAMPING RIO TUS S.L.","url":"https:\/\/campingriotus.net\/fr\/","logo":{"@type":"ImageObject","inLanguage":"fr-FR","@id":"https:\/\/campingriotus.net\/fr\/#\/schema\/logo\/image\/","url":"https:\/\/campingriotus.net\/wp-content\/uploads\/2018\/12\/camping-rio-tus-logo.png","contentUrl":"https:\/\/campingriotus.net\/wp-content\/uploads\/2018\/12\/camping-rio-tus-logo.png","width":382,"height":247,"caption":"CAMPING RIO TUS S.L."},"image":{"@id":"https:\/\/campingriotus.net\/fr\/#\/schema\/logo\/image\/"}}]}},"_links":{"self":[{"href":"https:\/\/campingriotus.net\/fr\/wp-json\/wp\/v2\/pages\/13987","targetHints":{"allow":["GET"]}}],"collection":[{"href":"https:\/\/campingriotus.net\/fr\/wp-json\/wp\/v2\/pages"}],"about":[{"href":"https:\/\/campingriotus.net\/fr\/wp-json\/wp\/v2\/types\/page"}],"author":[{"embeddable":true,"href":"https:\/\/campingriotus.net\/fr\/wp-json\/wp\/v2\/users\/1"}],"replies":[{"embeddable":true,"href":"https:\/\/campingriotus.net\/fr\/wp-json\/wp\/v2\/comments?post=13987"}],"version-history":[{"count":2,"href":"https:\/\/campingriotus.net\/fr\/wp-json\/wp\/v2\/pages\/13987\/revisions"}],"predecessor-version":[{"id":13989,"href":"https:\/\/campingriotus.net\/fr\/wp-json\/wp\/v2\/pages\/13987\/revisions\/13989"}],"wp:attachment":[{"href":"https:\/\/campingriotus.net\/fr\/wp-json\/wp\/v2\/media?parent=13987"}],"curies":[{"name":"wp","href":"https:\/\/api.w.org\/{rel}","templated":true}]}}