{"id":13990,"date":"2021-09-20T12:10:29","date_gmt":"2021-09-20T10:10:29","guid":{"rendered":"https:\/\/campingriotus.net\/politique-de-confidentialite\/"},"modified":"2021-09-20T12:10:30","modified_gmt":"2021-09-20T10:10:30","slug":"politique-de-confidentialite","status":"publish","type":"page","link":"https:\/\/campingriotus.net\/fr\/politique-de-confidentialite\/","title":{"rendered":"POLITIQUE DE CONFIDENTIALIT\u00c9"},"content":{"rendered":"<p>[et_pb_section fb_built=\u00a0\u00bb1&Prime; _builder_version=\u00a0\u00bb3.19.5&Prime;][et_pb_row _builder_version=\u00a0\u00bb3.19.5&Prime;][et_pb_column type=\u00a0\u00bb4_4&Prime; _builder_version=\u00a0\u00bb3.19.5&Prime; parallax=\u00a0\u00bboff\u00a0\u00bb parallax_method=\u00a0\u00bbon\u00a0\u00bb][et_pb_text _builder_version=\u00a0\u00bb3.19.5&Prime;]<\/p>\n<p><strong>POLITIQUE DE CONFIDENTIALIT\u00c9<\/strong><\/p>\n<p><strong>\u00a01.- INFORMATION G\u00c9N\u00c9RALE SUR LA PROTECTION DE DONN\u00c9ES:<\/strong><\/p>\n<p>Des normes sur la protection de donn\u00e9es existent en Europe et en Espagne pens\u00e9es pour prot\u00e9gervos donn\u00e9es d\u2019information \u00e0 caract\u00e8re personneld\u2019application obligatoire pour notre organisation.<\/p>\n<p>C\u2019est pourquoi il est tr\u00e8s important pour nous que vous compreniez parfaitement le traitement que nous donnerons aux donn\u00e9es \u00e0 caract\u00e8re personnel que nous vous demandons.<\/p>\n<p>Nous serons absolument transparents et vous donnerons le contr\u00f4le de vos donn\u00e9es, avec un langage simple et des options claires qui vous permettront de d\u00e9cider de ce que nous ferons avec votre information personnelle.<\/p>\n<p>Si vous avez des doutes ou souhaitez en savoir plus une fois lue la pr\u00e9sente information, n\u2019h\u00e9sitez pas \u00e0 nous consulter.<\/p>\n<p>\u00c0 quelle fin allons-nous utiliser votre information?<\/p>\n<p>En g\u00e9n\u00e9ral, vos donn\u00e9es d\u2019information \u00e0 caract\u00e8re personnel seront utilis\u00e9es pour pouvoir vous contacter, vous pr\u00eater nos services et satisfaire les demandes que vous nous faites par le biais des formulaires de notre web.<\/p>\n<p>De m\u00eame l\u2019information personnelle peut \u00eatre utilis\u00e9e pour d\u2019autres activit\u00e9s, telles que l\u2019envoi de publicit\u00e9 ou la promotion de nos activit\u00e9s, avec votre autorisation pr\u00e9alable. Pour ce faire, nous mettrons \u00e0 votre disposition une s\u00e9rie de cases qui vous permettront de d\u00e9cider de mani\u00e8re claire et simple comment vous souhaitez que soit utilis\u00e9e votre information personnelle.<\/p>\n<p><strong>2.- INFORMATION ADDITIONNELLE.<\/strong><\/p>\n<p>\u00a0CAMPING RIO TUS S.L. garantit la protection et la confidentialit\u00e9 des donn\u00e9es personnelles, de quelque sorte qu\u2019elles soient, que vous nous fournirez, conform\u00e9ment \u00e0 ce qui est vis\u00e9 au R\u00e8glement G\u00e9n\u00e9ral de Protection de Donn\u00e9es \u00e0 Caract\u00e8re Personnel.<\/p>\n<p><strong>2.1 Acc\u00e8s \u00e0 l\u2019information fournie par l\u2019utilisateur.<\/strong><\/p>\n<p>En g\u00e9n\u00e9ral, seul le personnel de notre entreprise, dument autoris\u00e9, aura connaissance de l\u2019information que nous vous demandons.<\/p>\n<p>De la m\u00eame fa\u00e7on, votre information personnelle pourra \u00eatre connue par les organisations qui auraient besoin d\u2019y avoir acc\u00e8s pour que nous vous pr\u00eations nos services. Ainsi, par exemple, notre banque prendra connaissance de vos paiements de nos services s\u2019ils sont r\u00e9alis\u00e9s par carteou virement bancaire.<\/p>\n<p>Les organisations publiques ou priv\u00e9es\u00a0 auxquelles nous devrions faciliter vos donn\u00e9es de caract\u00e8re confidentiel pour respecter une loi les conna\u00eetront aussi. \u00c0 titre d\u2019exemple, la Loi Tributaire oblige \u00e0 faciliter \u00e0 l\u2019Agence Tributaire certaine information sur les op\u00e9rations \u00e9conomiques qui d\u00e9passent une quantit\u00e9 d\u00e9termin\u00e9e.\u00a0<\/p>\n<p>Dans le cas o\u00f9, en marge des hypoth\u00e8ses comment\u00e9es, nous devrions faire conna\u00eetre votre information \u00e0 caract\u00e8re confidentiel \u00e0 d\u2019autres organisations nous vous demanderons au pr\u00e9alable votre autorisation par le biais d\u2019options claires qui vous permettront de d\u00e9cider \u00e0 ce sujet.<\/p>\n<p><strong>2.2 Temps de conservation des donn\u00e9es \u00e0 caract\u00e8re confidentiel.<\/strong><\/p>\n<p>Nous conserverons vos donn\u00e9es \u00e0 caract\u00e8re confidentiel pendant la dur\u00e9e du lien contractuel \u00e9tabli et tant que les lois nous y obligent. Une fois \u00e9coul\u00e9s les d\u00e9lais l\u00e9gaux applicables, nous les \u00e9liminerons de mani\u00e8re s\u00fbre et respectueuse de l\u2019environnement.<\/p>\n<p><strong>2.3. Acceptation et consentement.<\/strong><\/p>\n<p>L\u2019utilisateurd\u00e9clare avoir \u00e9t\u00e9 inform\u00e9 des conditions relatives \u00e0 la protection de donn\u00e9es \u00e0 caract\u00e8re personnel et accepte et consent \u00e0 leur traitement par CAMPING RIO TUS S.L. dans la forme et pour les fins indiqu\u00e9es dans cette politique de confidentialit\u00e9.<\/p>\n<p>Vous pouvez vous r\u00e9tracter de votre consentement \u00e0 tout moment si vous changez d\u2019opinion sur l\u2019utilisation de vos donn\u00e9es.<\/p>\n<p>Ainsi, par exemple, si vous avez souhait\u00e9 au pr\u00e9alable recevoir de la publicit\u00e9 relative \u00e0 nos produits ou services mais que vous ne souhaitez plus en recevoir vous pouvez nous le faire savoir en remplissant le formulaire d\u2019opposition au traitement, disponible aux bureaux de notre organisation.<\/p>\n<p><strong>2.4 Changements dans la politique de confidentialit\u00e9.<\/strong><\/p>\n<p>CAMPING RIO TUS S.L.., se r\u00e9serve le droit de modifier la pr\u00e9sente politiqueafin de l\u2019adapter \u00e0 des nouveaut\u00e9s l\u00e9gislatives ou de jurisprudence.<\/p>\n<p><strong>2.5 Droits de l\u2019utilisateur qui facilite ses donn\u00e9es \u00e0 caract\u00e8re personnel.<\/strong><\/p>\n<p>Vous pouvez \u00e0 tout moment nous demander des informations sur le traitement de vos\u00a0donn\u00e9es\u00e0 caract\u00e8re personnel, demander que les\u00a0donn\u00e9es\u00a0\u00e0 caract\u00e8re personnel incorrectes, inexactes ou incompl\u00e8tes soient corrig\u00e9es et de les \u00e9liminer une fois termin\u00e9e notre relation si la loi le permet.<\/p>\n<p>Vous avez aussi le droit de demander le transfert de ces informations \u00e0 une autre entit\u00e9 Ce droit, la portabilit\u00e9, peut \u00eatre utile dans des situations d\u00e9termin\u00e9es.<\/p>\n<p>Pour r\u00e9clamer un de ces droits vous devrez adresser une demande par \u00e9crit \u00e0 notre direction, et y adjoindre une photocopie de votre carte d\u2019identit\u00e9, pour identification.<\/p>\n<p>Nous disposons dans nos bureaux de formulaires sp\u00e9cifiques pour r\u00e9clamer ces droits et nous vous offrons notre aide pour leur application.<\/p>\n<p>Pour en savoir plus sur vos droits \u00e0 la protection de donn\u00e9es \u00e0 caract\u00e8re confidentiel vous pouvez consulter le site Web de l\u2019Agence Espagnole de Protection de Donn\u00e9es (www.agpd.es).<\/p>\n<p><strong>2.6 \u00c9laboration de profils de l\u2019utilisateur.<\/strong><\/p>\n<p>Notre politique est de ne pas \u00e9laborer de profils des utilisateurs de nos services. Il peut toutefois exister des situations o\u00f9, pour pr\u00eater le service, commercial ou autre, nous devons \u00e9laborer des profils d\u2019information de vous. Un exemple pourrait \u00eatre l\u2019utilisation du profil de vos achats ou services requis pour vous proposer des produits ou des services adapt\u00e9s \u00e0 vos pr\u00e9f\u00e9rences ou besoins.<\/p>\n<p>Dans ce cas, nous vous maintiendrons toujours inform\u00e9 au pr\u00e9alable et nous appliquerons des mesures de s\u00e9curit\u00e9 efficaces qui prot\u00e8geront \u00e0 tout moment l\u2019information qui vous est relative de personnes non autoris\u00e9es qui pr\u00e9tendraient l\u2019utiliser pour leur propre b\u00e9n\u00e9fice.<\/p>\n<ul>\n<li><strong>Utilisation des donn\u00e9es \u00e0 caract\u00e8re confidentiel pour d\u2019autres fins.<\/strong> Notre politique est de ne pas utiliser vos donn\u00e9es \u00e0 caract\u00e8re confidentiel pour des fins autres que celles que nous vous avons expliqu\u00e9es. Cependant, si nous avions besoin d\u2019utiliser vos donn\u00e9es \u00e0 caract\u00e8re confidentiel nous demanderions toujours votre permission pr\u00e9alable avec des options claires qui vous permettraient de d\u00e9cider sur le sujet.<\/li>\n<li><strong>Qualit\u00e9 des donn\u00e9es trait\u00e9es.<\/strong> Notre politique est de ne pas traiter des donn\u00e9es de personnes de moins de treize ans et le cas \u00e9ch\u00e9ant de les d\u00e9truire imm\u00e9diatement.<\/li>\n<\/ul>\n<p>Vous ne devez pas faciliter des donn\u00e9es fausses ou de tierces personnes sans leur consentement. Vous \u00eates responsable de l\u2019authenticit\u00e9 et de l\u2019exactitude des donn\u00e9es fournies.<\/p>\n<p><strong>2.7 Autorit\u00e9 que vous pouvez saisir pour introduire une r\u00e9clamation.<\/strong><\/p>\n<p>Vous pourrez pr\u00e9senter une r\u00e9clamation \u00e0 CAMPING RIO TUS S.L.,\u00a0 pour donner satisfaction \u00e0 vos droits en la mati\u00e8re. Quoiqu\u2019il en soit, vous pourrez saisir l\u2019Agence Espagnole de Protection de Donn\u00e9es \u00e0 C\/ Jorge Juan n\u00ba 6, de Madrid, autorit\u00e9 de contr\u00f4le en mati\u00e8re de protection de donn\u00e9es.<\/p>\n<p>Dans l\u2019application de ce qui est \u00e9tabli au RGPD l\u2019utilisateur pourra exercer ses droits d\u2019acc\u00e8s, de rectification, d\u2019annulation, de suppression, d\u2019opposition, de limitation ou de portabilit\u00e9, \u00e0 l\u2019adresse suivante : Cuesta de San Bartolom\u00e9 n\u00ba 11, 02480, Yeste, Albacete.<\/p>\n<p>[\/et_pb_text][\/et_pb_column][\/et_pb_row][\/et_pb_section]<\/p>\n","protected":false},"excerpt":{"rendered":"<p>POLITIQUE DE CONFIDENTIALIT\u00c9 \u00a01.- INFORMATION G\u00c9N\u00c9RALE SUR LA PROTECTION DE DONN\u00c9ES: Des normes sur la protection de donn\u00e9es existent en Europe et en Espagne pens\u00e9es pour prot\u00e9gervos donn\u00e9es d\u2019information \u00e0 caract\u00e8re personneld\u2019application obligatoire pour notre organisation. C\u2019est pourquoi il est tr\u00e8s important pour nous que vous compreniez parfaitement le traitement que nous donnerons aux donn\u00e9es [&hellip;]<\/p>\n","protected":false},"author":1,"featured_media":0,"parent":0,"menu_order":0,"comment_status":"closed","ping_status":"closed","template":"","meta":{"_acf_changed":false,"_et_pb_use_builder":"on","_et_pb_old_content":"","_et_gb_content_width":"","footnotes":""},"class_list":["post-13990","page","type-page","status-publish","hentry"],"acf":[],"yoast_head":"<!-- This site is optimized with the Yoast SEO plugin v27.0 - https:\/\/yoast.com\/product\/yoast-seo-wordpress\/ -->\n<title>POLITIQUE DE CONFIDENTIALIT\u00c9<\/title>\n<meta name=\"robots\" content=\"noindex, follow\" \/>\n<meta property=\"og:locale\" content=\"fr_FR\" \/>\n<meta property=\"og:type\" content=\"article\" \/>\n<meta property=\"og:title\" content=\"POLITIQUE DE CONFIDENTIALIT\u00c9\" \/>\n<meta property=\"og:url\" content=\"https:\/\/campingriotus.net\/fr\/politique-de-confidentialite\/\" \/>\n<meta property=\"og:site_name\" content=\"CAMPING RIO TUS\" \/>\n<meta property=\"article:modified_time\" content=\"2021-09-20T10:10:30+00:00\" \/>\n<meta name=\"twitter:card\" content=\"summary_large_image\" \/>\n<meta name=\"twitter:label1\" content=\"Dur\u00e9e de lecture estim\u00e9e\" \/>\n\t<meta name=\"twitter:data1\" content=\"6 minutes\" \/>\n<script type=\"application\/ld+json\" class=\"yoast-schema-graph\">{\"@context\":\"https:\/\/schema.org\",\"@graph\":[{\"@type\":\"WebPage\",\"@id\":\"https:\/\/campingriotus.net\/fr\/politique-de-confidentialite\/\",\"url\":\"https:\/\/campingriotus.net\/fr\/politique-de-confidentialite\/\",\"name\":\"POLITIQUE DE CONFIDENTIALIT\u00c9\",\"isPartOf\":{\"@id\":\"https:\/\/campingriotus.net\/fr\/#website\"},\"datePublished\":\"2021-09-20T10:10:29+00:00\",\"dateModified\":\"2021-09-20T10:10:30+00:00\",\"breadcrumb\":{\"@id\":\"https:\/\/campingriotus.net\/fr\/politique-de-confidentialite\/#breadcrumb\"},\"inLanguage\":\"fr-FR\",\"potentialAction\":[{\"@type\":\"ReadAction\",\"target\":[\"https:\/\/campingriotus.net\/fr\/politique-de-confidentialite\/\"]}]},{\"@type\":\"BreadcrumbList\",\"@id\":\"https:\/\/campingriotus.net\/fr\/politique-de-confidentialite\/#breadcrumb\",\"itemListElement\":[{\"@type\":\"ListItem\",\"position\":1,\"name\":\"Portada\",\"item\":\"https:\/\/campingriotus.net\/fr\/\"},{\"@type\":\"ListItem\",\"position\":2,\"name\":\"POLITIQUE DE CONFIDENTIALIT\u00c9\"}]},{\"@type\":\"WebSite\",\"@id\":\"https:\/\/campingriotus.net\/fr\/#website\",\"url\":\"https:\/\/campingriotus.net\/fr\/\",\"name\":\"CAMPING RIO TUS\",\"description\":\"CAMPING RIO TUS\",\"publisher\":{\"@id\":\"https:\/\/campingriotus.net\/fr\/#organization\"},\"potentialAction\":[{\"@type\":\"SearchAction\",\"target\":{\"@type\":\"EntryPoint\",\"urlTemplate\":\"https:\/\/campingriotus.net\/fr\/?s={search_term_string}\"},\"query-input\":{\"@type\":\"PropertyValueSpecification\",\"valueRequired\":true,\"valueName\":\"search_term_string\"}}],\"inLanguage\":\"fr-FR\"},{\"@type\":\"Organization\",\"@id\":\"https:\/\/campingriotus.net\/fr\/#organization\",\"name\":\"CAMPING RIO TUS S.L.\",\"url\":\"https:\/\/campingriotus.net\/fr\/\",\"logo\":{\"@type\":\"ImageObject\",\"inLanguage\":\"fr-FR\",\"@id\":\"https:\/\/campingriotus.net\/fr\/#\/schema\/logo\/image\/\",\"url\":\"https:\/\/campingriotus.net\/wp-content\/uploads\/2018\/12\/camping-rio-tus-logo.png\",\"contentUrl\":\"https:\/\/campingriotus.net\/wp-content\/uploads\/2018\/12\/camping-rio-tus-logo.png\",\"width\":382,\"height\":247,\"caption\":\"CAMPING RIO TUS S.L.\"},\"image\":{\"@id\":\"https:\/\/campingriotus.net\/fr\/#\/schema\/logo\/image\/\"}}]}<\/script>\n<!-- \/ Yoast SEO plugin. -->","yoast_head_json":{"title":"POLITIQUE DE CONFIDENTIALIT\u00c9","robots":{"index":"noindex","follow":"follow"},"og_locale":"fr_FR","og_type":"article","og_title":"POLITIQUE DE CONFIDENTIALIT\u00c9","og_url":"https:\/\/campingriotus.net\/fr\/politique-de-confidentialite\/","og_site_name":"CAMPING RIO TUS","article_modified_time":"2021-09-20T10:10:30+00:00","twitter_card":"summary_large_image","twitter_misc":{"Dur\u00e9e de lecture estim\u00e9e":"6 minutes"},"schema":{"@context":"https:\/\/schema.org","@graph":[{"@type":"WebPage","@id":"https:\/\/campingriotus.net\/fr\/politique-de-confidentialite\/","url":"https:\/\/campingriotus.net\/fr\/politique-de-confidentialite\/","name":"POLITIQUE DE CONFIDENTIALIT\u00c9","isPartOf":{"@id":"https:\/\/campingriotus.net\/fr\/#website"},"datePublished":"2021-09-20T10:10:29+00:00","dateModified":"2021-09-20T10:10:30+00:00","breadcrumb":{"@id":"https:\/\/campingriotus.net\/fr\/politique-de-confidentialite\/#breadcrumb"},"inLanguage":"fr-FR","potentialAction":[{"@type":"ReadAction","target":["https:\/\/campingriotus.net\/fr\/politique-de-confidentialite\/"]}]},{"@type":"BreadcrumbList","@id":"https:\/\/campingriotus.net\/fr\/politique-de-confidentialite\/#breadcrumb","itemListElement":[{"@type":"ListItem","position":1,"name":"Portada","item":"https:\/\/campingriotus.net\/fr\/"},{"@type":"ListItem","position":2,"name":"POLITIQUE DE CONFIDENTIALIT\u00c9"}]},{"@type":"WebSite","@id":"https:\/\/campingriotus.net\/fr\/#website","url":"https:\/\/campingriotus.net\/fr\/","name":"CAMPING RIO TUS","description":"CAMPING RIO TUS","publisher":{"@id":"https:\/\/campingriotus.net\/fr\/#organization"},"potentialAction":[{"@type":"SearchAction","target":{"@type":"EntryPoint","urlTemplate":"https:\/\/campingriotus.net\/fr\/?s={search_term_string}"},"query-input":{"@type":"PropertyValueSpecification","valueRequired":true,"valueName":"search_term_string"}}],"inLanguage":"fr-FR"},{"@type":"Organization","@id":"https:\/\/campingriotus.net\/fr\/#organization","name":"CAMPING RIO TUS S.L.","url":"https:\/\/campingriotus.net\/fr\/","logo":{"@type":"ImageObject","inLanguage":"fr-FR","@id":"https:\/\/campingriotus.net\/fr\/#\/schema\/logo\/image\/","url":"https:\/\/campingriotus.net\/wp-content\/uploads\/2018\/12\/camping-rio-tus-logo.png","contentUrl":"https:\/\/campingriotus.net\/wp-content\/uploads\/2018\/12\/camping-rio-tus-logo.png","width":382,"height":247,"caption":"CAMPING RIO TUS S.L."},"image":{"@id":"https:\/\/campingriotus.net\/fr\/#\/schema\/logo\/image\/"}}]}},"_links":{"self":[{"href":"https:\/\/campingriotus.net\/fr\/wp-json\/wp\/v2\/pages\/13990","targetHints":{"allow":["GET"]}}],"collection":[{"href":"https:\/\/campingriotus.net\/fr\/wp-json\/wp\/v2\/pages"}],"about":[{"href":"https:\/\/campingriotus.net\/fr\/wp-json\/wp\/v2\/types\/page"}],"author":[{"embeddable":true,"href":"https:\/\/campingriotus.net\/fr\/wp-json\/wp\/v2\/users\/1"}],"replies":[{"embeddable":true,"href":"https:\/\/campingriotus.net\/fr\/wp-json\/wp\/v2\/comments?post=13990"}],"version-history":[{"count":2,"href":"https:\/\/campingriotus.net\/fr\/wp-json\/wp\/v2\/pages\/13990\/revisions"}],"predecessor-version":[{"id":13992,"href":"https:\/\/campingriotus.net\/fr\/wp-json\/wp\/v2\/pages\/13990\/revisions\/13992"}],"wp:attachment":[{"href":"https:\/\/campingriotus.net\/fr\/wp-json\/wp\/v2\/media?parent=13990"}],"curies":[{"name":"wp","href":"https:\/\/api.w.org\/{rel}","templated":true}]}}