{"id":14453,"date":"2021-09-22T10:05:05","date_gmt":"2021-09-22T08:05:05","guid":{"rendered":"https:\/\/campingriotus.net\/chi-siamo\/"},"modified":"2021-09-22T10:05:06","modified_gmt":"2021-09-22T08:05:06","slug":"chi-siamo","status":"publish","type":"page","link":"https:\/\/campingriotus.net\/it\/chi-siamo\/","title":{"rendered":"CHI SIAMO"},"content":{"rendered":"<p>[et_pb_section fb_built=&#8221;1&#8243; prev_background_color=&#8221;#ffffff&#8221; _builder_version=&#8221;3.22&#8243; background_color=&#8221;#009b00&#8243; background_position=&#8221;bottom_center&#8221; background_blend=&#8221;overlay&#8221; custom_margin=&#8221;5px||&#8221; custom_padding=&#8221;80px||0||false|false&#8221; top_divider_style=&#8221;wave2&#8243; locked=&#8221;off&#8221;][et_pb_row _builder_version=&#8221;3.25&#8243; custom_padding=&#8221;0|0px|0|0px|false|false&#8221;][et_pb_column type=&#8221;4_4&#8243; _builder_version=&#8221;3.25&#8243; custom_padding=&#8221;|||&#8221; custom_padding__hover=&#8221;|||&#8221;][et_pb_text _builder_version=&#8221;3.27.4&#8243; text_font=&#8221;||||||||&#8221; header_font=&#8221;||||||||&#8221; header_font_size=&#8221;40px&#8221; background_layout=&#8221;dark&#8221; text_text_shadow_style=&#8221;preset5&#8243; text_text_shadow_horizontal_length=&#8221;0.2em&#8221; text_text_shadow_vertical_length=&#8221;0.26em&#8221; text_text_shadow_blur_strength=&#8221;0.2em&#8221;]<\/p>\n<h1>Chi Siamo<\/h1>\n<p>[\/et_pb_text][\/et_pb_column][\/et_pb_row][\/et_pb_section][et_pb_section fb_built=&#8221;1&#8243; prev_background_color=&#8221;#009b00&#8243; _builder_version=&#8221;3.22&#8243; custom_padding=&#8221;100px|0px|62px|0px|false|false&#8221; top_divider_style=&#8221;wave2&#8243; top_divider_flip=&#8221;vertical|horizontal&#8221;][et_pb_row column_structure=&#8221;1_2,1_2&#8243; _builder_version=&#8221;3.25&#8243;][et_pb_column type=&#8221;1_2&#8243; _builder_version=&#8221;3.25&#8243; custom_padding=&#8221;|||&#8221; custom_padding__hover=&#8221;|||&#8221;][et_pb_text _builder_version=&#8221;3.27.4&#8243; text_font=&#8221;||||||||&#8221; custom_margin=&#8221;||10px&#8221;]<\/p>\n<h2>LA NOSTRA FILOSOFIA<\/h2>\n<p>[\/et_pb_text][et_pb_divider divider_weight=&#8221;5px&#8221; _builder_version=&#8221;3.18.9&#8243; max_width=&#8221;10%&#8221; custom_margin=&#8221;||10px&#8221; locked=&#8221;off&#8221;]<\/p>\n<p>\u00a0 <strong><em>\u201cBuena parte de los sue\u00f1os de tu vida s\u00f3lo los vas a roncar\u201d<\/em><\/strong>, me dec\u00eda un sabio amigo en una ocasi\u00f3n. <strong><em>\u201cPero no todos\u201d<\/em><\/strong> le contest\u00e9. <\/p>\n<p><strong>Una certeza:<\/strong> este entorno de fant\u00e1stico se merec\u00eda un camping como este, y un gran punto de locura dio con nosotros (emigrantes) en este terriblemente maravilloso proyecto de vida en un rec\u00f3ndito de valle de la Sierra del Segura. <\/p>\n<p>Una clara apuesta por el trato familiar, evitar las masificaciones y dar calidad y calidez a quien nos visita es el ADN de este proyecto. <\/p>\n<p>La eficiencia energ\u00e9tica y el compromiso con nuestro entorno tambi\u00e9n forma parte de nuestra filosof\u00eda, as\u00ed como la apuesta por el turismo activo, generando actividades de todo tipo durante las cuatro estaciones del a\u00f1o y ofreciendo al visitante la posibilidad de realizar actividades de aventura y educaci\u00f3n medio ambiental.<\/p>\n<p>[\/et_pb_divider][et_pb_text _builder_version=&#8221;3.27.4&#8243; text_font=&#8221;||||||||&#8221; text_font_size=&#8221;18px&#8221;]<\/p>\n<p><strong>\u201cMolti dei sogni della tua vita li russerai soltanto&#8221;<\/strong>, mi disse una volta un amico saggio. <strong>\u201cMa non tutti&#8221;<\/strong>, risposi.<\/p>\n<p><strong>Una certezza<\/strong>: questo fantastico luogo meritava un campeggio come questo, e in un momento di pura follia ha incontrato noi (emigranti) e il nostro progetto di vita terribilmente meraviglioso in una valle remota della Sierra del Segura.<\/p>\n<p>Un chiaro impegno all&#8217;insegna di un trattamento familiare, evitando il sovraffollamento e dando qualit\u00e0 e calore a chi ci visita \u00e8 il DNA di questo progetto.<\/p>\n<p>Anche l&#8217;efficienza energetica e l&#8217;impegno per l&#8217;ambiente fanno parte della nostra filosofia, cos\u00ec come la nostra scommessa per il turismo attivo, generando attivit\u00e0 di ogni tipo durante le quattro stagioni dell&#8217;anno e offrendo ai visitatori la possibilit\u00e0 di realizzare attivit\u00e0 di avventura e di educazione ambientale.<\/p>\n<p>[\/et_pb_text][\/et_pb_column][et_pb_column type=&#8221;1_2&#8243; _builder_version=&#8221;3.25&#8243; custom_padding=&#8221;|||&#8221; custom_padding__hover=&#8221;|||&#8221;][et_pb_image src=&#8221;https:\/\/campingriotus.net\/wp-content\/uploads\/2021\/08\/conocenos-camping-rio-tus.jpg&#8221; align_tablet=&#8221;center&#8221; align_phone=&#8221;&#8221; align_last_edited=&#8221;on|desktop&#8221; _builder_version=&#8221;4.9.10&#8243; hover_enabled=&#8221;0&#8243; sticky_enabled=&#8221;0&#8243; alt=&#8221;Conoscici. Campeggio Rio Tus. La nostra filosofia&#8221; title_text=&#8221;Conoscici. Campeggio Rio Tus. La nostra filosofia&#8221; border_radii=&#8221;off|130px|80px||&#8221; custom_margin=&#8221;30px||||false|false&#8221; box_shadow_style=&#8221;preset5&#8243;][\/et_pb_image][\/et_pb_column][\/et_pb_row][\/et_pb_section]<\/p>\n","protected":false},"excerpt":{"rendered":"<p>Chi SiamoLA NOSTRA FILOSOFIA\u00a0 \u201cBuena parte de los sue\u00f1os de tu vida s\u00f3lo los vas a roncar\u201d, me dec\u00eda un sabio amigo en una ocasi\u00f3n. \u201cPero no todos\u201d le contest\u00e9. Una certeza: este entorno de fant\u00e1stico se merec\u00eda un camping como este, y un gran punto de locura dio con nosotros (emigrantes) en este terriblemente [&hellip;]<\/p>\n","protected":false},"author":1,"featured_media":0,"parent":0,"menu_order":0,"comment_status":"closed","ping_status":"closed","template":"","meta":{"_acf_changed":false,"_et_pb_use_builder":"on","_et_pb_old_content":"","_et_gb_content_width":"","footnotes":""},"class_list":["post-14453","page","type-page","status-publish","hentry"],"acf":[],"yoast_head":"<!-- This site is optimized with the Yoast SEO plugin v27.0 - https:\/\/yoast.com\/product\/yoast-seo-wordpress\/ -->\n<title>Un luogo cos\u00ec fantastico a Yeste meritava un campeggio come questo<\/title>\n<meta name=\"description\" content=\"Offriamo un trattamento familiare, tranquillit\u00e0 e un servizio impeccabile. Il rispetto dell&#039;ambiente e della natura \u00e8 la nostra filosofia.\" \/>\n<meta name=\"robots\" content=\"index, follow, max-snippet:-1, max-image-preview:large, max-video-preview:-1\" \/>\n<link rel=\"canonical\" href=\"https:\/\/campingriotus.net\/it\/chi-siamo\/\" \/>\n<meta property=\"og:locale\" content=\"it_IT\" \/>\n<meta property=\"og:type\" content=\"article\" \/>\n<meta property=\"og:title\" content=\"Un luogo cos\u00ec fantastico a Yeste meritava un campeggio come questo\" \/>\n<meta property=\"og:description\" content=\"Offriamo un trattamento familiare, tranquillit\u00e0 e un servizio impeccabile. Il rispetto dell&#039;ambiente e della natura \u00e8 la nostra filosofia.\" \/>\n<meta property=\"og:url\" content=\"https:\/\/campingriotus.net\/it\/chi-siamo\/\" \/>\n<meta property=\"og:site_name\" content=\"CAMPING RIO TUS\" \/>\n<meta property=\"article:modified_time\" content=\"2021-09-22T08:05:06+00:00\" \/>\n<meta name=\"twitter:card\" content=\"summary_large_image\" \/>\n<meta name=\"twitter:label1\" content=\"Tempo di lettura stimato\" \/>\n\t<meta name=\"twitter:data1\" content=\"3 minuti\" \/>\n<script type=\"application\/ld+json\" class=\"yoast-schema-graph\">{\"@context\":\"https:\/\/schema.org\",\"@graph\":[{\"@type\":\"WebPage\",\"@id\":\"https:\/\/campingriotus.net\/it\/chi-siamo\/\",\"url\":\"https:\/\/campingriotus.net\/it\/chi-siamo\/\",\"name\":\"Un luogo cos\u00ec fantastico a Yeste meritava un campeggio come questo\",\"isPartOf\":{\"@id\":\"https:\/\/campingriotus.net\/it\/#website\"},\"datePublished\":\"2021-09-22T08:05:05+00:00\",\"dateModified\":\"2021-09-22T08:05:06+00:00\",\"description\":\"Offriamo un trattamento familiare, tranquillit\u00e0 e un servizio impeccabile. Il rispetto dell'ambiente e della natura \u00e8 la nostra filosofia.\",\"breadcrumb\":{\"@id\":\"https:\/\/campingriotus.net\/it\/chi-siamo\/#breadcrumb\"},\"inLanguage\":\"it-IT\",\"potentialAction\":[{\"@type\":\"ReadAction\",\"target\":[\"https:\/\/campingriotus.net\/it\/chi-siamo\/\"]}]},{\"@type\":\"BreadcrumbList\",\"@id\":\"https:\/\/campingriotus.net\/it\/chi-siamo\/#breadcrumb\",\"itemListElement\":[{\"@type\":\"ListItem\",\"position\":1,\"name\":\"Portada\",\"item\":\"https:\/\/campingriotus.net\/it\/\"},{\"@type\":\"ListItem\",\"position\":2,\"name\":\"CHI SIAMO\"}]},{\"@type\":\"WebSite\",\"@id\":\"https:\/\/campingriotus.net\/it\/#website\",\"url\":\"https:\/\/campingriotus.net\/it\/\",\"name\":\"CAMPING RIO TUS\",\"description\":\"CAMPING RIO TUS\",\"publisher\":{\"@id\":\"https:\/\/campingriotus.net\/it\/#organization\"},\"potentialAction\":[{\"@type\":\"SearchAction\",\"target\":{\"@type\":\"EntryPoint\",\"urlTemplate\":\"https:\/\/campingriotus.net\/it\/?s={search_term_string}\"},\"query-input\":{\"@type\":\"PropertyValueSpecification\",\"valueRequired\":true,\"valueName\":\"search_term_string\"}}],\"inLanguage\":\"it-IT\"},{\"@type\":\"Organization\",\"@id\":\"https:\/\/campingriotus.net\/it\/#organization\",\"name\":\"CAMPING RIO TUS S.L.\",\"url\":\"https:\/\/campingriotus.net\/it\/\",\"logo\":{\"@type\":\"ImageObject\",\"inLanguage\":\"it-IT\",\"@id\":\"https:\/\/campingriotus.net\/it\/#\/schema\/logo\/image\/\",\"url\":\"https:\/\/campingriotus.net\/wp-content\/uploads\/2018\/12\/camping-rio-tus-logo.png\",\"contentUrl\":\"https:\/\/campingriotus.net\/wp-content\/uploads\/2018\/12\/camping-rio-tus-logo.png\",\"width\":382,\"height\":247,\"caption\":\"CAMPING RIO TUS S.L.\"},\"image\":{\"@id\":\"https:\/\/campingriotus.net\/it\/#\/schema\/logo\/image\/\"}}]}<\/script>\n<!-- \/ Yoast SEO plugin. -->","yoast_head_json":{"title":"Un luogo cos\u00ec fantastico a Yeste meritava un campeggio come questo","description":"Offriamo un trattamento familiare, tranquillit\u00e0 e un servizio impeccabile. Il rispetto dell'ambiente e della natura \u00e8 la nostra filosofia.","robots":{"index":"index","follow":"follow","max-snippet":"max-snippet:-1","max-image-preview":"max-image-preview:large","max-video-preview":"max-video-preview:-1"},"canonical":"https:\/\/campingriotus.net\/it\/chi-siamo\/","og_locale":"it_IT","og_type":"article","og_title":"Un luogo cos\u00ec fantastico a Yeste meritava un campeggio come questo","og_description":"Offriamo un trattamento familiare, tranquillit\u00e0 e un servizio impeccabile. Il rispetto dell'ambiente e della natura \u00e8 la nostra filosofia.","og_url":"https:\/\/campingriotus.net\/it\/chi-siamo\/","og_site_name":"CAMPING RIO TUS","article_modified_time":"2021-09-22T08:05:06+00:00","twitter_card":"summary_large_image","twitter_misc":{"Tempo di lettura stimato":"3 minuti"},"schema":{"@context":"https:\/\/schema.org","@graph":[{"@type":"WebPage","@id":"https:\/\/campingriotus.net\/it\/chi-siamo\/","url":"https:\/\/campingriotus.net\/it\/chi-siamo\/","name":"Un luogo cos\u00ec fantastico a Yeste meritava un campeggio come questo","isPartOf":{"@id":"https:\/\/campingriotus.net\/it\/#website"},"datePublished":"2021-09-22T08:05:05+00:00","dateModified":"2021-09-22T08:05:06+00:00","description":"Offriamo un trattamento familiare, tranquillit\u00e0 e un servizio impeccabile. Il rispetto dell'ambiente e della natura \u00e8 la nostra filosofia.","breadcrumb":{"@id":"https:\/\/campingriotus.net\/it\/chi-siamo\/#breadcrumb"},"inLanguage":"it-IT","potentialAction":[{"@type":"ReadAction","target":["https:\/\/campingriotus.net\/it\/chi-siamo\/"]}]},{"@type":"BreadcrumbList","@id":"https:\/\/campingriotus.net\/it\/chi-siamo\/#breadcrumb","itemListElement":[{"@type":"ListItem","position":1,"name":"Portada","item":"https:\/\/campingriotus.net\/it\/"},{"@type":"ListItem","position":2,"name":"CHI SIAMO"}]},{"@type":"WebSite","@id":"https:\/\/campingriotus.net\/it\/#website","url":"https:\/\/campingriotus.net\/it\/","name":"CAMPING RIO TUS","description":"CAMPING RIO TUS","publisher":{"@id":"https:\/\/campingriotus.net\/it\/#organization"},"potentialAction":[{"@type":"SearchAction","target":{"@type":"EntryPoint","urlTemplate":"https:\/\/campingriotus.net\/it\/?s={search_term_string}"},"query-input":{"@type":"PropertyValueSpecification","valueRequired":true,"valueName":"search_term_string"}}],"inLanguage":"it-IT"},{"@type":"Organization","@id":"https:\/\/campingriotus.net\/it\/#organization","name":"CAMPING RIO TUS S.L.","url":"https:\/\/campingriotus.net\/it\/","logo":{"@type":"ImageObject","inLanguage":"it-IT","@id":"https:\/\/campingriotus.net\/it\/#\/schema\/logo\/image\/","url":"https:\/\/campingriotus.net\/wp-content\/uploads\/2018\/12\/camping-rio-tus-logo.png","contentUrl":"https:\/\/campingriotus.net\/wp-content\/uploads\/2018\/12\/camping-rio-tus-logo.png","width":382,"height":247,"caption":"CAMPING RIO TUS S.L."},"image":{"@id":"https:\/\/campingriotus.net\/it\/#\/schema\/logo\/image\/"}}]}},"_links":{"self":[{"href":"https:\/\/campingriotus.net\/it\/wp-json\/wp\/v2\/pages\/14453","targetHints":{"allow":["GET"]}}],"collection":[{"href":"https:\/\/campingriotus.net\/it\/wp-json\/wp\/v2\/pages"}],"about":[{"href":"https:\/\/campingriotus.net\/it\/wp-json\/wp\/v2\/types\/page"}],"author":[{"embeddable":true,"href":"https:\/\/campingriotus.net\/it\/wp-json\/wp\/v2\/users\/1"}],"replies":[{"embeddable":true,"href":"https:\/\/campingriotus.net\/it\/wp-json\/wp\/v2\/comments?post=14453"}],"version-history":[{"count":2,"href":"https:\/\/campingriotus.net\/it\/wp-json\/wp\/v2\/pages\/14453\/revisions"}],"predecessor-version":[{"id":14455,"href":"https:\/\/campingriotus.net\/it\/wp-json\/wp\/v2\/pages\/14453\/revisions\/14455"}],"wp:attachment":[{"href":"https:\/\/campingriotus.net\/it\/wp-json\/wp\/v2\/media?parent=14453"}],"curies":[{"name":"wp","href":"https:\/\/api.w.org\/{rel}","templated":true}]}}