{"id":14596,"date":"2021-09-22T17:19:00","date_gmt":"2021-09-22T15:19:00","guid":{"rendered":"https:\/\/campingriotus.net\/condizioni-di-prenotazione-e-cancellazione\/"},"modified":"2021-09-22T17:19:00","modified_gmt":"2021-09-22T15:19:00","slug":"condizioni-di-prenotazione-e-cancellazione","status":"publish","type":"page","link":"https:\/\/campingriotus.net\/it\/condizioni-di-prenotazione-e-cancellazione\/","title":{"rendered":"Condizioni di prenotazione e cancellazione"},"content":{"rendered":"\n<h2 class=\"wp-block-heading\">Prenotazione della piazzola.<\/h2>\n\n<p>Contratti e regole.<\/p>\n\n<p>Pagamento e cancellazione della prenotazione.<\/p>\n\n<p>Al momento della prenotazione si dovr\u00e0 effettuare un pagamento del 50% del totale del soggiorno, che pu\u00f2 essere effettuato solo con carta di credito o paypal. L&#8217;importo restante del soggiorno pu\u00f2 essere pagato all&#8217;arrivo o durante il soggiorno, mai il giorno della partenza.<\/p>\n\n<p>Condizioni di cancellazione:<\/p>\n\n<ul class=\"wp-block-list\"><li>Rimborso del 100 % della caparra, meno 3,00 \u20ac a titolo di spese di gestione e cancellazione, quando la cancellazione della prenotazione viene fatta pi\u00f9 di 30 giorni prima della data prevista di entrata.<\/li><li>Rimborso del 50% della caparra, quando la cancellazione della prenotazione avviene con pi\u00f9 di 7 giorni di anticipo e meno di 30.<\/li><li>Perdita del 100% della caparra quando la cancellazione avviene con meno di 7 giorni di anticipo. Il rimborso della caparra in caso di cancellazione sar\u00e0 effettuato entro un massimo di 30 giorni dalla richiesta di cancellazione.<\/li><\/ul>\n\n<p>In caso di ritardo, la prenotazione sar\u00e0 mantenuta fino alle 12:00 del giorno successivo alla data di arrivo prevista.<\/p>\n\n<p>Orari:<\/p>\n\n<p>Orari di ingresso: dalle 12:00 alle 23:00.<\/p>\n\n<p>Horario de salida: las 12:00 horas.<\/p>\n\n<p>Potete consultare con il nostro personale della reception la possibilit\u00e0 di anticipare l&#8217;entrata, poich\u00e9 dipender\u00e0 dal fatto che la piazzola sia stata occupata il giorno prima oppure no.<\/p>\n\n<p><\/p>\n\n<h1 class=\"wp-block-heading\"><p><strong>POLITICA DI CONFIDENZIALIT\u00c0<\/strong><\/p><\/h1>\n\n<p><p><strong>1.- INFORMACI\u00d3N BASICA SOBRE PROTECCION DE DATOS:<\/strong><\/p><\/p>\n\n<p> In Europa e in Spagna ci sono delle norme di protezione dei dati, destinate a proteggere i suoi dati personali, il cui compimento \u00e8 obbligatorio per la nostra azienda.<\/p>\n\n<p>\u00c8 quindi molto importante per noi che lei comprenda pienamente cosa faremo con i dati personali che le chiediamo.<\/p>\n\n<p>Saremo trasparenti e le daremo piena gestione del controllo dei suoi dati, con un linguaggio semplice e opzioni chiare che le permetteranno di decidere come disporre delle sue informazioni personali.<\/p>\n\n<p>Se ha delle domande dopo aver letto queste informazioni, non esiti a chiedere.<\/p>\n\n<p><p><strong>Per cosa useremo i suoi dati?<\/strong><\/p><\/p>\n\n<p>In generale, i suoi dati personali saranno utilizzati per mantenersi in contatto con lei, per poterle fornire i nostri servizi e per rispondere alle richieste che ci ha fatto attraverso i moduli del nostro sito web.<\/p>\n\n<p>Possono anche essere utilizzati per altre attivit\u00e0, come l&#8217;invio di pubblicit\u00e0 o la promozione delle nostre attivit\u00e0, nel qual caso avremo bisogno del suo permesso previo. A tal fine, le forniremo una serie di caselle di controllo che le permetteranno di fare una scelta chiara e semplice sull&#8217;uso delle sue informazioni personali.<\/p>\n\n<p><p><strong>2.- INFORMAZIONI AGGIUNTIVE.<\/strong><\/p><\/p>\n\n<p><p><strong>CAMPING RIO TUS S.L.<\/strong> garantisce la protezione e la riservatezza dei dati personali, di qualsiasi natura, che ci vengono forniti, in conformit\u00e0 con le disposizioni del Regolamento generale sulla protezione dei dati personali.<\/p><\/p>\n\n<p><p><strong>2.1 Accesso alle informazioni fornite dall&#8217;utente.<\/strong><\/p><\/p>\n\n<p>In generale, solo il personale debitamente autorizzato della nostra entit\u00e0 pu\u00f2 avere conoscenza delle informazioni che le chiediamo.<\/p>\n\n<p>Allo stesso modo, potranno venire a conoscenza dei suoi dati personali quelle entit\u00e0 che ne hanno bisogno per poterle fornire i nostri servizi. Per esempio, la nostra banca conoscer\u00e0 i suoi dati se paga i nostri servizi con carta di credito o bonifico bancario.<\/p>\n\n<p>Inoltre, quelle entit\u00e0 pubbliche o private a cui siamo obbligati a fornire i suoi dati personali nel rispetto di qualsiasi legge saranno a conoscenza delle sue informazioni. Per farle un esempio, la legge fiscale rende obbligatorio fornire all&#8217;Agenzia delle Entrate certe informazioni sulle operazioni economiche che superano un certo importo.<\/p>\n\n<p>Nel caso in cui, a parte i casi sopra citati, abbiamo bisogno di divulgare i suoi dati personali ad altre entit\u00e0, le chiederemo il suo consenso preventivo attraverso opzioni chiare che le permetteranno di decidere in merito.<\/p>\n\n<p><p><strong>2.2 Tempo di conservazione dei dati.<\/strong><\/p><\/p>\n\n<p>Conserveremo i suoi dati per tutta la durata del nostro rapporto e finch\u00e9 saremo tenuti a farlo per legge. Dopo la scadenza dei termini legali applicabili, li smaltiremo in modo sicuro ed ecologico.<\/p>\n\n<p><p><strong>2.3. Accettazione e Consenso.<\/strong><\/p><\/p>\n\n<p><p>Come Utente del Sito Web dichiara di essere stato informato in merito alle condizioni sulla protezione dei dati di carattere personale, accettando e acconsentendo al trattamento degli stessi da parte di CAMPING RIO TUS S.L. nella modalit\u00e0 e ai fini indicati in questa Informativa sulla Privacy.<\/p><\/p>\n\n<p>Pu\u00f2 ritirare il suo consenso in qualsiasi momento se cambia idea sull&#8217;uso dei suoi dati.<\/p>\n\n<p>Per esempio, se a suo tempo lei era interessato a ricevere pubblicit\u00e0 dei nostri prodotti o servizi ma attualmente non pi\u00f9, pu\u00f2 farcelo sapere compilando il modulo di opposizione al trattamento, disponibile presso gli uffici della nostra entit\u00e0.<\/p>\n\n<p><p><strong>2.4 Cambiamenti nella politica sulla privacy.<\/strong><\/p><\/p>\n\n<p><p>CAMPEGGIO RIO TUS S.L.., si riserva il diritto di modificare questa politica per adattarla alla nuova legislazione o giurisprudenza.<\/p><\/p>\n\n<p><p><strong>2.5 Diritti dell&#8217;utente che fornisce i suoi dati personali.<\/strong><\/p><\/p>\n\n<p>Pu\u00f2 contattarci in qualsiasi momento per sapere quali informazioni abbiamo su di lei, rettificarle se non sono corrette e cancellarle a fine rapporto, quando ci\u00f2 \u00e8 legalmente possibile.<\/p>\n\n<p>Ha anche il diritto di richiedere il trasferimento delle sue informazioni a un&#8217;altra entit\u00e0. Questo diritto \u00e8 chiamato &#8220;portabilit\u00e0&#8221; e pu\u00f2 essere utile in certe situazioni.<\/p>\n\n<p>Per richiedere uno di questi diritti, deve fare una richiesta scritta al nostro indirizzo, insieme a una fotocopia del suo documento d&#8217;identit\u00e0, per poterla identificare.<\/p>\n\n<p>Negli uffici della nostra entit\u00e0 abbiamo moduli specifici per richiedere tali diritti e le offriamo il nostro aiuto per compilarli.<\/p>\n\n<p><p>Per saperne di pi\u00f9 sui suoi diritti in materia di protezione dei dati, pu\u00f2 consultare il sito web dell&#8217;Agenzia spagnola per la protezione dei dati (<a href=\"http:\/\/www.agpd.es\/\">www.agpd.es<\/a>)..<\/p><\/p>\n\n<p><p><strong>2.6 Profilazione degli utenti.<\/strong><\/p><\/p>\n\n<p>La nostra politica \u00e8 quella di non profilare gli utenti dei nostri servizi. Tuttavia, ci possono essere situazioni in cui, per la fornitura di servizi, di marketing o  per altri scopi, abbiamo bisogno di profilare informazioni su di lei. Un esempio potrebbe essere l&#8217;uso della cronologia dei suoi acquisti o servizi per offrirle prodotti o servizi su misura adattati ai suoi gusti o esigenze.<\/p>\n\n<p>In tal caso, la terremo sempre informato in anticipo e implementeremo misure di sicurezza efficaci per proteggere in ogni momento le sue informazioni  da persone non autorizzate che pretendano usarle a proprio vantaggio.<\/p>\n\n<ul class=\"wp-block-list\"><li><p><strong>Uso dei dati per altri scopi.<\/strong><\/p><\/li><\/ul>\n\n<p>La nostra politica \u00e8 di non usare le sue informazioni per scopi diversi da quelli che le abbiamo elencato. Se, tuttavia, dovessimo aver bisogno di utilizzare i suoi dati per altre attivit\u00e0, le chiederemo sempre il suo permesso in anticipo, fornendole opzioni chiare che le consentano di decidere.<\/p>\n\n<ul class=\"wp-block-list\"><li><p><strong>Qualit\u00e0 dei dati trattati.<\/strong><\/p><\/li><\/ul>\n\n<p>La nostra politica \u00e8 di non raccogliere dati da persone di et\u00e0 inferiore ai tredici anni e nel caso in cui una persona di et\u00e0 inferiore ai tredici anni ce li fornisse, li distruggeremo immediatamente.<\/p>\n\n<p>Non deve fornirci dati falsi o di terzi senza il loro consenso. Lei \u00e8 responsabile della veridicit\u00e0 e dell&#8217;esattezza dei dati forniti.<\/p>\n\n<p><p><strong>2.7 Autorit\u00e0 davanti alla quale pu\u00f2 esercitare i suoi diritti.<\/strong><\/p><\/p>\n\n<p><p>\u00c8 possibile presentare un reclamo al CAMPING RIO TUS S.L.,\u00a0 per poter soddisfare i suoi diritti in tale materia. In ogni caso, potr\u00e0 sempre rivolgersi all&#8217;Agenzia spagnola per la protezione dei dati in C\/ Jorge Juan n\u00ba 6, Madrid, l&#8217;autorit\u00e0 di controllo in materia di protezione dei dati.<\/p><\/p>\n\n<p>In conformit\u00e0 con le disposizioni del RGPD, l&#8217;utente pu\u00f2 esercitare i suoi diritti di accesso, rettifica, cancellazione, eliminazione, opposizione, limitazione o portabilit\u00e0, al seguente indirizzo: Cuesta de San Bartolom\u00e9 n\u00ba 11, 02480, Yeste, Albacete.<\/p>\n","protected":false},"excerpt":{"rendered":"<p>Prenotazione della piazzola. Contratti e regole. Pagamento e cancellazione della prenotazione. Al momento della prenotazione si dovr\u00e0 effettuare un pagamento del 50% del totale del soggiorno, che pu\u00f2 essere effettuato solo con carta di credito o paypal. L&#8217;importo restante del soggiorno pu\u00f2 essere pagato all&#8217;arrivo o durante il soggiorno, mai il giorno della partenza. Condizioni [&hellip;]<\/p>\n","protected":false},"author":1,"featured_media":0,"parent":0,"menu_order":0,"comment_status":"closed","ping_status":"closed","template":"","meta":{"_acf_changed":false,"_et_pb_use_builder":"off","_et_pb_old_content":"","_et_gb_content_width":"","footnotes":""},"class_list":["post-14596","page","type-page","status-publish","hentry"],"acf":[],"yoast_head":"<!-- This site is optimized with the Yoast SEO plugin v27.0 - https:\/\/yoast.com\/product\/yoast-seo-wordpress\/ -->\n<title>Condizioni di prenotazione e cancellazione<\/title>\n<meta name=\"description\" content=\"Prenotazione della piazzola. Contratti e regole. Pagamento e cancellazione della prenotazione. Al momento della prenotazione si dovr\u00e0 effettuare un\" \/>\n<meta name=\"robots\" content=\"index, follow, max-snippet:-1, max-image-preview:large, max-video-preview:-1\" \/>\n<link rel=\"canonical\" href=\"https:\/\/campingriotus.net\/it\/condizioni-di-prenotazione-e-cancellazione\/\" \/>\n<meta property=\"og:locale\" content=\"it_IT\" \/>\n<meta property=\"og:type\" content=\"article\" \/>\n<meta property=\"og:title\" content=\"Condizioni di prenotazione e cancellazione\" \/>\n<meta property=\"og:description\" content=\"Prenotazione della piazzola. Contratti e regole. Pagamento e cancellazione della prenotazione. Al momento della prenotazione si dovr\u00e0 effettuare un\" \/>\n<meta property=\"og:url\" content=\"https:\/\/campingriotus.net\/it\/condizioni-di-prenotazione-e-cancellazione\/\" \/>\n<meta property=\"og:site_name\" content=\"CAMPING RIO TUS\" \/>\n<meta name=\"twitter:card\" content=\"summary_large_image\" \/>\n<meta name=\"twitter:label1\" content=\"Tempo di lettura stimato\" \/>\n\t<meta name=\"twitter:data1\" content=\"6 minuti\" \/>\n<script type=\"application\/ld+json\" class=\"yoast-schema-graph\">{\"@context\":\"https:\/\/schema.org\",\"@graph\":[{\"@type\":\"WebPage\",\"@id\":\"https:\/\/campingriotus.net\/it\/condizioni-di-prenotazione-e-cancellazione\/\",\"url\":\"https:\/\/campingriotus.net\/it\/condizioni-di-prenotazione-e-cancellazione\/\",\"name\":\"Condizioni di prenotazione e cancellazione\",\"isPartOf\":{\"@id\":\"https:\/\/campingriotus.net\/it\/#website\"},\"datePublished\":\"2021-09-22T15:19:00+00:00\",\"description\":\"Prenotazione della piazzola. Contratti e regole. Pagamento e cancellazione della prenotazione. Al momento della prenotazione si dovr\u00e0 effettuare un\",\"breadcrumb\":{\"@id\":\"https:\/\/campingriotus.net\/it\/condizioni-di-prenotazione-e-cancellazione\/#breadcrumb\"},\"inLanguage\":\"it-IT\",\"potentialAction\":[{\"@type\":\"ReadAction\",\"target\":[\"https:\/\/campingriotus.net\/it\/condizioni-di-prenotazione-e-cancellazione\/\"]}]},{\"@type\":\"BreadcrumbList\",\"@id\":\"https:\/\/campingriotus.net\/it\/condizioni-di-prenotazione-e-cancellazione\/#breadcrumb\",\"itemListElement\":[{\"@type\":\"ListItem\",\"position\":1,\"name\":\"Portada\",\"item\":\"https:\/\/campingriotus.net\/it\/\"},{\"@type\":\"ListItem\",\"position\":2,\"name\":\"Condizioni di prenotazione e cancellazione\"}]},{\"@type\":\"WebSite\",\"@id\":\"https:\/\/campingriotus.net\/it\/#website\",\"url\":\"https:\/\/campingriotus.net\/it\/\",\"name\":\"CAMPING RIO TUS\",\"description\":\"CAMPING RIO TUS\",\"publisher\":{\"@id\":\"https:\/\/campingriotus.net\/it\/#organization\"},\"potentialAction\":[{\"@type\":\"SearchAction\",\"target\":{\"@type\":\"EntryPoint\",\"urlTemplate\":\"https:\/\/campingriotus.net\/it\/?s={search_term_string}\"},\"query-input\":{\"@type\":\"PropertyValueSpecification\",\"valueRequired\":true,\"valueName\":\"search_term_string\"}}],\"inLanguage\":\"it-IT\"},{\"@type\":\"Organization\",\"@id\":\"https:\/\/campingriotus.net\/it\/#organization\",\"name\":\"CAMPING RIO TUS S.L.\",\"url\":\"https:\/\/campingriotus.net\/it\/\",\"logo\":{\"@type\":\"ImageObject\",\"inLanguage\":\"it-IT\",\"@id\":\"https:\/\/campingriotus.net\/it\/#\/schema\/logo\/image\/\",\"url\":\"https:\/\/campingriotus.net\/wp-content\/uploads\/2018\/12\/camping-rio-tus-logo.png\",\"contentUrl\":\"https:\/\/campingriotus.net\/wp-content\/uploads\/2018\/12\/camping-rio-tus-logo.png\",\"width\":382,\"height\":247,\"caption\":\"CAMPING RIO TUS S.L.\"},\"image\":{\"@id\":\"https:\/\/campingriotus.net\/it\/#\/schema\/logo\/image\/\"}}]}<\/script>\n<!-- \/ Yoast SEO plugin. -->","yoast_head_json":{"title":"Condizioni di prenotazione e cancellazione","description":"Prenotazione della piazzola. Contratti e regole. Pagamento e cancellazione della prenotazione. Al momento della prenotazione si dovr\u00e0 effettuare un","robots":{"index":"index","follow":"follow","max-snippet":"max-snippet:-1","max-image-preview":"max-image-preview:large","max-video-preview":"max-video-preview:-1"},"canonical":"https:\/\/campingriotus.net\/it\/condizioni-di-prenotazione-e-cancellazione\/","og_locale":"it_IT","og_type":"article","og_title":"Condizioni di prenotazione e cancellazione","og_description":"Prenotazione della piazzola. Contratti e regole. Pagamento e cancellazione della prenotazione. Al momento della prenotazione si dovr\u00e0 effettuare un","og_url":"https:\/\/campingriotus.net\/it\/condizioni-di-prenotazione-e-cancellazione\/","og_site_name":"CAMPING RIO TUS","twitter_card":"summary_large_image","twitter_misc":{"Tempo di lettura stimato":"6 minuti"},"schema":{"@context":"https:\/\/schema.org","@graph":[{"@type":"WebPage","@id":"https:\/\/campingriotus.net\/it\/condizioni-di-prenotazione-e-cancellazione\/","url":"https:\/\/campingriotus.net\/it\/condizioni-di-prenotazione-e-cancellazione\/","name":"Condizioni di prenotazione e cancellazione","isPartOf":{"@id":"https:\/\/campingriotus.net\/it\/#website"},"datePublished":"2021-09-22T15:19:00+00:00","description":"Prenotazione della piazzola. Contratti e regole. Pagamento e cancellazione della prenotazione. Al momento della prenotazione si dovr\u00e0 effettuare un","breadcrumb":{"@id":"https:\/\/campingriotus.net\/it\/condizioni-di-prenotazione-e-cancellazione\/#breadcrumb"},"inLanguage":"it-IT","potentialAction":[{"@type":"ReadAction","target":["https:\/\/campingriotus.net\/it\/condizioni-di-prenotazione-e-cancellazione\/"]}]},{"@type":"BreadcrumbList","@id":"https:\/\/campingriotus.net\/it\/condizioni-di-prenotazione-e-cancellazione\/#breadcrumb","itemListElement":[{"@type":"ListItem","position":1,"name":"Portada","item":"https:\/\/campingriotus.net\/it\/"},{"@type":"ListItem","position":2,"name":"Condizioni di prenotazione e cancellazione"}]},{"@type":"WebSite","@id":"https:\/\/campingriotus.net\/it\/#website","url":"https:\/\/campingriotus.net\/it\/","name":"CAMPING RIO TUS","description":"CAMPING RIO TUS","publisher":{"@id":"https:\/\/campingriotus.net\/it\/#organization"},"potentialAction":[{"@type":"SearchAction","target":{"@type":"EntryPoint","urlTemplate":"https:\/\/campingriotus.net\/it\/?s={search_term_string}"},"query-input":{"@type":"PropertyValueSpecification","valueRequired":true,"valueName":"search_term_string"}}],"inLanguage":"it-IT"},{"@type":"Organization","@id":"https:\/\/campingriotus.net\/it\/#organization","name":"CAMPING RIO TUS S.L.","url":"https:\/\/campingriotus.net\/it\/","logo":{"@type":"ImageObject","inLanguage":"it-IT","@id":"https:\/\/campingriotus.net\/it\/#\/schema\/logo\/image\/","url":"https:\/\/campingriotus.net\/wp-content\/uploads\/2018\/12\/camping-rio-tus-logo.png","contentUrl":"https:\/\/campingriotus.net\/wp-content\/uploads\/2018\/12\/camping-rio-tus-logo.png","width":382,"height":247,"caption":"CAMPING RIO TUS S.L."},"image":{"@id":"https:\/\/campingriotus.net\/it\/#\/schema\/logo\/image\/"}}]}},"_links":{"self":[{"href":"https:\/\/campingriotus.net\/it\/wp-json\/wp\/v2\/pages\/14596","targetHints":{"allow":["GET"]}}],"collection":[{"href":"https:\/\/campingriotus.net\/it\/wp-json\/wp\/v2\/pages"}],"about":[{"href":"https:\/\/campingriotus.net\/it\/wp-json\/wp\/v2\/types\/page"}],"author":[{"embeddable":true,"href":"https:\/\/campingriotus.net\/it\/wp-json\/wp\/v2\/users\/1"}],"replies":[{"embeddable":true,"href":"https:\/\/campingriotus.net\/it\/wp-json\/wp\/v2\/comments?post=14596"}],"version-history":[{"count":1,"href":"https:\/\/campingriotus.net\/it\/wp-json\/wp\/v2\/pages\/14596\/revisions"}],"predecessor-version":[{"id":14597,"href":"https:\/\/campingriotus.net\/it\/wp-json\/wp\/v2\/pages\/14596\/revisions\/14597"}],"wp:attachment":[{"href":"https:\/\/campingriotus.net\/it\/wp-json\/wp\/v2\/media?parent=14596"}],"curies":[{"name":"wp","href":"https:\/\/api.w.org\/{rel}","templated":true}]}}