{"id":14598,"date":"2021-09-22T17:20:52","date_gmt":"2021-09-22T15:20:52","guid":{"rendered":"https:\/\/campingriotus.net\/avviso-legale-avviso-legale\/"},"modified":"2021-09-22T17:20:52","modified_gmt":"2021-09-22T15:20:52","slug":"avviso-legale-avviso-legale","status":"publish","type":"page","link":"https:\/\/campingriotus.net\/it\/avviso-legale-avviso-legale\/","title":{"rendered":"AVVISO LEGALE Avviso Legale"},"content":{"rendered":"<p>[et_pb_section fb_built=&#8221;1&#8243; _builder_version=&#8221;3.19.5&#8243;][et_pb_row _builder_version=&#8221;3.19.5&#8243;][et_pb_column type=&#8221;4_4&#8243; _builder_version=&#8221;3.19.5&#8243; parallax=&#8221;off&#8221; parallax_method=&#8221;on&#8221;][et_pb_text _builder_version=&#8221;3.19.5&#8243;]<\/p>\n<p><strong>1.- Dati del responsabile\/titolare del sito web.<\/strong><\/p>\n<p>In conformit\u00e0 con l&#8217;articolo 10 della legge 34\/2002, dell&#8217;11 luglio, sui servizi della Societ\u00e0 dell&#8217;Informazione e del Commercio, si informa l&#8217;utente che il sito web \u00e8 di propriet\u00e0 di:<\/p>\n<p>CAMPEGGIO RIO TUS S.L., con NIF n\u00ba B-02410165, e indirizzo in Cuesta de San Bartolom\u00e9 n\u00ba 11, 02480, Yeste, Albacete.<\/p>\n<p>E-mail: info@campingriotus.net<\/p>\n<p>Telefono: +34 696 63 69 23<\/p>\n<p>Dati del registro: iscritta al Registro delle Imprese di Albacete; Tomo 816; Libro 580; Foglio 156; Sezione 8; Foglio AB 15779; Iscrizione: 1.\u00a0<\/p>\n<p>CAMPEGGIO RIO TUS S.L., \u00e8 il responsabile del sito web: www.campingriotus.net (di seguito sito web), e si impegna a rispettare i requisiti nazionali ed europei che regolano l&#8217;uso dei dati personali degli utenti.<\/p>\n<p>Questo sito web garantisce la protezione e la riservatezza dei dati personali che ci vengono forniti in conformit\u00e0 con le disposizioni del Regolamento generale sulla protezione dei dati personali (UE) 2016\/679 del Parlamento europeo e del Consiglio del 27 aprile 2016 e la Legge sui servizi della societ\u00e0 dell&#8217;informazione e del commercio elettronico 34\/2002 dell&#8217;11 luglio (LSSI-CE).<\/p>\n<p><strong>\u00a02.- Oggetto.<\/strong><\/p>\n<p>Il sito web fornisce agli utenti l&#8217;accesso alle informazioni e ai servizi forniti dal CAMPING RIO TUS S.L., e alle persone o organizzazioni interessate.<\/p>\n<p>L&#8217;accesso e l&#8217;uso del sito web attribuisce la condizione di utente del sito web (di seguito, &#8220;utente&#8221;) e implica l&#8217;autorizzazione di tutte le condizioni incluse in questo avviso legale cos\u00ec come le sue modifiche. La prestazione del servizio del sito web \u00e8 limitata al tempo in cui l&#8217;utente \u00e8 collegato al sito web o a uno dei servizi forniti attraverso di esso. Pertanto, l&#8217;utente deve leggere attentamente questo avviso legale ogni volta che intende utilizzare il sito web, poich\u00e9 quest&#8217;ultimo e le relative condizioni d&#8217;uso contenute in questo avviso legale possono essere soggette a modifiche.<\/p>\n<p><strong>3.- Termini e Condizioni d&#8217;uso.<\/strong><\/p>\n<p>L&#8217;accesso a questo sito web attribuisce la condizione di UTENTE, che accede volontariamente a questo sito web. L&#8217;accesso e navigazione in questo website implicano l&#8217;autorizzazione e la conoscenza delle avvertenze legali, delle condizioni e dei termini d&#8217;uso contenuti nelle stesse. Il semplice accesso non implica alcun tipo di relazione commerciale tra l&#8217;UTENTE e il CAMPING RIO TUS S.L. Le informazioni fornite nel sito web hanno lo scopo di facilitare la conoscenza da parte degli utenti delle attivit\u00e0 e dei servizi prestati da CAMPING RIO TUS S.L., che si riserva il diritto di realizzare, in qualsiasi momento, tutte le modifiche, variazioni, soppressioni o cancellazioni dei contenuti e della forma di presentazione degli stessi che consideri necessari per la prestazione dei servizi. Questa facolt\u00e0 non concede all&#8217;utente alcun diritto di ricevere un risarcimento dei danni, per cui si raccomanda all&#8217;UTENTE di leggere questo Avviso Legale tutte le volte che accede al web.<\/p>\n<p>&#8211;\u00a0 Propriet\u00e0 intellettuale e industriale.<\/p>\n<p>\u00a0L&#8217;utente sa e accetta che tutti i contenuti e\/o qualsiasi altro elemento del sito web sono di propriet\u00e0 di CAMPING RIO TUS S.L., e si impegna a rispettare i diritti di propriet\u00e0 intellettuale e industriale di cui \u00e8 titolare CAMPING RIO TUS S.L., e\/o di terzi. Qualsiasi uso del sito web o dei suoi contenuti deve essere di natura esclusivamente privata.<\/p>\n<p>\u00c8 riservato esclusivamente al CAMPING RIO TUS S.L. qualsiasi altro uso che comporti la copia, la riproduzione, la distribuzione, la trasformazione, la comunicazione pubblica o qualsiasi altra azione simile, di tutto o parte del contenuto del sito web, per cui nessun utente potr\u00e0 realizzare queste azioni senza previa autorizzazione scritta di CAMPING RIO TUS S.L.,<\/p>\n<p><strong>4.- Contenuti e servizi del web.<\/strong><\/p>\n<p>La lingua utilizzata dal titolare nel sito web sar\u00e0 lo spagnolo; CAMPING RIO TUS S.L. non \u00e8 responsabile della mancata comprensione della lingua del sito web da parte dell&#8217;utente, e delle eventuali conseguenze.<\/p>\n<p>CAMPING RIO TUS S.L. potr\u00e0 modificare i contenuti senza previo avviso, cos\u00ec come sopprimere e cambiare questi all&#8217;interno del web, come la forma in cui si accede a questi, senza giustificazione alcuna e liberamente, non assumendosi la responsabilit\u00e0 delle conseguenze che gli stessi potrebbero causare agli utenti.<\/p>\n<p>\u00c8 vietato utilizzare i contenuti del sito web per promuovere, contrattare o diffondere pubblicit\u00e0 o informazioni proprie o di terzi senza l&#8217;autorizzazione di CAMPING RIO TUS S.L, nonch\u00e9 inviare informazioni pubblicate utilizzando i servizi o le informazioni che vengono messe a disposizione degli utenti, indipendentemente dal fatto che l&#8217;uso sia gratuito o meno.<\/p>\n<p>I link o collegamenti ipertestuali che terzi incorporano nelle loro pagine web dirette a questo sito web saranno per l&#8217;apertura della pagina web completa, e non potranno manifestare, direttamente o indirettamente, indicazioni false, inesatte o confuse, n\u00e9 incorrere in azioni sleali o illecite contro CAMPING RIO TUS S.L.<\/p>\n<p><strong>5.- Garanzie e Responsabilit\u00e0.<\/strong><\/p>\n<p>L&#8217;UTENTE si assume la responsabilit\u00e0 dell&#8217;uso del portale, impegnandosi a fare buon uso del sito web e a fornire informazioni veritiere e lecite, non permettendo una condotta che vada contro la legge, i diritti o gli interessi di altri.<\/p>\n<p>L&#8217;utilizzo di alcuni servizi o richieste sar\u00e0 condizionato dalla previa compilazione del modulo di raccolta dati corrispondente. A tali effetti, l&#8217;UTENTE sar\u00e0 responsabile delle informazioni false o imprecise che potrebbe fornire o comunicare e dei danni causati a CAMPING RIO TUS S.L e, in caso, al responsabile del web.<\/p>\n<p>CAMPING RIO TUS S.L. si riserva il diritto di negare o ritirare l&#8217;accesso al sito web a quegli UTENTI che non rispettino le condizioni e gli obblighi di questo sito web.<\/p>\n<p>CAMPING RIO TUS S.L. non sar\u00e0 responsabile di alcuna conseguenza o danno che possa derivare da tale accesso o dall&#8217;utilizzo indebito di CAMPING RIO TUS S.L., non si fa responsabile degli errori di sicurezza che possono verificarsi e di eventuali danni che possono essere causati al sistema informatico dell&#8217;utente (hardware e software), o ai file di documenti contenuti in esso, come risultato di:<\/p>\n<p>presenza di un virus nel computer dell&#8217;utente che viene utilizzato per connettersi ai servizi e ai contenuti del sito web,<\/p>\n<p>malfunzionamento del browser<\/p>\n<p>e\/o dell&#8217;uso di versioni non aggiornate dello stesso.<\/p>\n<p>Nel caso in cui il sito web contenga link o collegamenti ipertestuali ad altri siti Internet, CAMPING RIO TUS S.L. non esercita alcun controllo su tali siti e contenuti, e in nessun caso si assume alcuna responsabilit\u00e0 per i contenuti di qualsiasi link appartenente ad un altro sito web.<\/p>\n<p>CAMPING RIO TUS S.L. non assumer\u00e0 alcuna responsabilit\u00e0 per eventuali virus o altri problemi informatici che deteriorano o possono deteriorare i sistemi informatici degli utenti quando accedono al suo sito web o ad altri siti web collegati allo stesso.<\/p>\n<p>Tuttavia, CAMPING RIO TUS S.L. dichiara di aver adottato tutte le misure necessarie, nell&#8217;ambito delle proprie possibilit\u00e0 e dello stato della tecnologia, per garantire il funzionamento della pagina web ed evitare l&#8217;esistenza e la trasmissione di virus e altri componenti dannosi agli utenti.<\/p>\n<p><strong>6.- Uso della tecnologia dei cookie\u201d.<\/strong><\/p>\n<p>\u00a0Il sito web pu\u00f2 utilizzare cookie o tecnologie simili regolati dalle disposizioni della politica dei cookie, accessibile in qualsiasi momento e rispettando la riservatezza e la privacy dell&#8217;utente, essendo parte integrante del presente avviso legale.<\/p>\n<p><strong>7.- Navigazione.<\/strong><\/p>\n<p>I server Internet possono raccogliere dati non identificabili, che possono includere indirizzi IP e altri dati che non possono essere utilizzati per identificare l&#8217;utente. Il suo indirizzo IP sar\u00e0 memorizzato in tutti i registri di accesso automaticamente e al solo scopo di permettere il transito su Internet, essendo necessario che il suo computer fornisca questo indirizzo IP durante la navigazione su Internet per poter effettuare le comunicazioni. Inoltre, l&#8217;indirizzo IP pu\u00f2 essere utilizzato per le statistiche sul numero di visitatori di questo sito e la sua origine, in modo completamente trasparente alla loro navigazione.<\/p>\n<p><strong>8.- Legge applicabile e giurisdizione.<\/strong><\/p>\n<p>\u00a0Questo avviso legale sar\u00e0 interpretato e regolato in conformit\u00e0 con la legge spagnola. CAMPING RIO TUS S.L. e gli utenti, rinunciando espressamente a qualsiasi altra giurisdizione che possa corrispondere loro, si sottomettono alle corti e ai tribunali di Albacete per qualsiasi controversia che possa sorgere dall&#8217;accesso o dall&#8217;utilizzo del sito web. Nel caso in cui l&#8217;utente abbia il suo domicilio al di fuori della Spagna, CAMPEGGIO RIO TUS S.L., e l&#8217;utente si sottomettono, con rinuncia espressa a qualsiasi altra giurisdizione, ai Tribunali e alle Corti competenti ai quali fa riferimento, per residenza, CAMPING RIO TUS S.L. .<\/p>\n<p>[\/et_pb_text][\/et_pb_column][\/et_pb_row][\/et_pb_section]<\/p>\n","protected":false},"excerpt":{"rendered":"<p>1.- Dati del responsabile\/titolare del sito web. In conformit\u00e0 con l&#8217;articolo 10 della legge 34\/2002, dell&#8217;11 luglio, sui servizi della Societ\u00e0 dell&#8217;Informazione e del Commercio, si informa l&#8217;utente che il sito web \u00e8 di propriet\u00e0 di: CAMPEGGIO RIO TUS S.L., con NIF n\u00ba B-02410165, e indirizzo in Cuesta de San Bartolom\u00e9 n\u00ba 11, 02480, Yeste, [&hellip;]<\/p>\n","protected":false},"author":1,"featured_media":0,"parent":0,"menu_order":0,"comment_status":"closed","ping_status":"closed","template":"","meta":{"_acf_changed":false,"_et_pb_use_builder":"on","_et_pb_old_content":"","_et_gb_content_width":"","footnotes":""},"class_list":["post-14598","page","type-page","status-publish","hentry"],"acf":[],"yoast_head":"<!-- This site is optimized with the Yoast SEO plugin v27.0 - https:\/\/yoast.com\/product\/yoast-seo-wordpress\/ -->\n<title>AVVISO LEGALE Avviso Legale<\/title>\n<meta name=\"robots\" content=\"noindex, follow\" \/>\n<meta property=\"og:locale\" content=\"it_IT\" \/>\n<meta property=\"og:type\" content=\"article\" \/>\n<meta property=\"og:title\" content=\"AVVISO LEGALE Avviso Legale\" \/>\n<meta property=\"og:url\" content=\"https:\/\/campingriotus.net\/it\/avviso-legale-avviso-legale\/\" \/>\n<meta property=\"og:site_name\" content=\"CAMPING RIO TUS\" \/>\n<meta name=\"twitter:card\" content=\"summary_large_image\" \/>\n<meta name=\"twitter:label1\" content=\"Tempo di lettura stimato\" \/>\n\t<meta name=\"twitter:data1\" content=\"7 minuti\" \/>\n<script type=\"application\/ld+json\" class=\"yoast-schema-graph\">{\"@context\":\"https:\/\/schema.org\",\"@graph\":[{\"@type\":\"WebPage\",\"@id\":\"https:\/\/campingriotus.net\/it\/avviso-legale-avviso-legale\/\",\"url\":\"https:\/\/campingriotus.net\/it\/avviso-legale-avviso-legale\/\",\"name\":\"AVVISO LEGALE Avviso Legale\",\"isPartOf\":{\"@id\":\"https:\/\/campingriotus.net\/it\/#website\"},\"datePublished\":\"2021-09-22T15:20:52+00:00\",\"breadcrumb\":{\"@id\":\"https:\/\/campingriotus.net\/it\/avviso-legale-avviso-legale\/#breadcrumb\"},\"inLanguage\":\"it-IT\",\"potentialAction\":[{\"@type\":\"ReadAction\",\"target\":[\"https:\/\/campingriotus.net\/it\/avviso-legale-avviso-legale\/\"]}]},{\"@type\":\"BreadcrumbList\",\"@id\":\"https:\/\/campingriotus.net\/it\/avviso-legale-avviso-legale\/#breadcrumb\",\"itemListElement\":[{\"@type\":\"ListItem\",\"position\":1,\"name\":\"Portada\",\"item\":\"https:\/\/campingriotus.net\/it\/\"},{\"@type\":\"ListItem\",\"position\":2,\"name\":\"AVVISO LEGALE Avviso Legale\"}]},{\"@type\":\"WebSite\",\"@id\":\"https:\/\/campingriotus.net\/it\/#website\",\"url\":\"https:\/\/campingriotus.net\/it\/\",\"name\":\"CAMPING RIO TUS\",\"description\":\"CAMPING RIO TUS\",\"publisher\":{\"@id\":\"https:\/\/campingriotus.net\/it\/#organization\"},\"potentialAction\":[{\"@type\":\"SearchAction\",\"target\":{\"@type\":\"EntryPoint\",\"urlTemplate\":\"https:\/\/campingriotus.net\/it\/?s={search_term_string}\"},\"query-input\":{\"@type\":\"PropertyValueSpecification\",\"valueRequired\":true,\"valueName\":\"search_term_string\"}}],\"inLanguage\":\"it-IT\"},{\"@type\":\"Organization\",\"@id\":\"https:\/\/campingriotus.net\/it\/#organization\",\"name\":\"CAMPING RIO TUS S.L.\",\"url\":\"https:\/\/campingriotus.net\/it\/\",\"logo\":{\"@type\":\"ImageObject\",\"inLanguage\":\"it-IT\",\"@id\":\"https:\/\/campingriotus.net\/it\/#\/schema\/logo\/image\/\",\"url\":\"https:\/\/campingriotus.net\/wp-content\/uploads\/2018\/12\/camping-rio-tus-logo.png\",\"contentUrl\":\"https:\/\/campingriotus.net\/wp-content\/uploads\/2018\/12\/camping-rio-tus-logo.png\",\"width\":382,\"height\":247,\"caption\":\"CAMPING RIO TUS S.L.\"},\"image\":{\"@id\":\"https:\/\/campingriotus.net\/it\/#\/schema\/logo\/image\/\"}}]}<\/script>\n<!-- \/ Yoast SEO plugin. -->","yoast_head_json":{"title":"AVVISO LEGALE Avviso Legale","robots":{"index":"noindex","follow":"follow"},"og_locale":"it_IT","og_type":"article","og_title":"AVVISO LEGALE Avviso Legale","og_url":"https:\/\/campingriotus.net\/it\/avviso-legale-avviso-legale\/","og_site_name":"CAMPING RIO TUS","twitter_card":"summary_large_image","twitter_misc":{"Tempo di lettura stimato":"7 minuti"},"schema":{"@context":"https:\/\/schema.org","@graph":[{"@type":"WebPage","@id":"https:\/\/campingriotus.net\/it\/avviso-legale-avviso-legale\/","url":"https:\/\/campingriotus.net\/it\/avviso-legale-avviso-legale\/","name":"AVVISO LEGALE Avviso Legale","isPartOf":{"@id":"https:\/\/campingriotus.net\/it\/#website"},"datePublished":"2021-09-22T15:20:52+00:00","breadcrumb":{"@id":"https:\/\/campingriotus.net\/it\/avviso-legale-avviso-legale\/#breadcrumb"},"inLanguage":"it-IT","potentialAction":[{"@type":"ReadAction","target":["https:\/\/campingriotus.net\/it\/avviso-legale-avviso-legale\/"]}]},{"@type":"BreadcrumbList","@id":"https:\/\/campingriotus.net\/it\/avviso-legale-avviso-legale\/#breadcrumb","itemListElement":[{"@type":"ListItem","position":1,"name":"Portada","item":"https:\/\/campingriotus.net\/it\/"},{"@type":"ListItem","position":2,"name":"AVVISO LEGALE Avviso Legale"}]},{"@type":"WebSite","@id":"https:\/\/campingriotus.net\/it\/#website","url":"https:\/\/campingriotus.net\/it\/","name":"CAMPING RIO TUS","description":"CAMPING RIO TUS","publisher":{"@id":"https:\/\/campingriotus.net\/it\/#organization"},"potentialAction":[{"@type":"SearchAction","target":{"@type":"EntryPoint","urlTemplate":"https:\/\/campingriotus.net\/it\/?s={search_term_string}"},"query-input":{"@type":"PropertyValueSpecification","valueRequired":true,"valueName":"search_term_string"}}],"inLanguage":"it-IT"},{"@type":"Organization","@id":"https:\/\/campingriotus.net\/it\/#organization","name":"CAMPING RIO TUS S.L.","url":"https:\/\/campingriotus.net\/it\/","logo":{"@type":"ImageObject","inLanguage":"it-IT","@id":"https:\/\/campingriotus.net\/it\/#\/schema\/logo\/image\/","url":"https:\/\/campingriotus.net\/wp-content\/uploads\/2018\/12\/camping-rio-tus-logo.png","contentUrl":"https:\/\/campingriotus.net\/wp-content\/uploads\/2018\/12\/camping-rio-tus-logo.png","width":382,"height":247,"caption":"CAMPING RIO TUS S.L."},"image":{"@id":"https:\/\/campingriotus.net\/it\/#\/schema\/logo\/image\/"}}]}},"_links":{"self":[{"href":"https:\/\/campingriotus.net\/it\/wp-json\/wp\/v2\/pages\/14598","targetHints":{"allow":["GET"]}}],"collection":[{"href":"https:\/\/campingriotus.net\/it\/wp-json\/wp\/v2\/pages"}],"about":[{"href":"https:\/\/campingriotus.net\/it\/wp-json\/wp\/v2\/types\/page"}],"author":[{"embeddable":true,"href":"https:\/\/campingriotus.net\/it\/wp-json\/wp\/v2\/users\/1"}],"replies":[{"embeddable":true,"href":"https:\/\/campingriotus.net\/it\/wp-json\/wp\/v2\/comments?post=14598"}],"version-history":[{"count":2,"href":"https:\/\/campingriotus.net\/it\/wp-json\/wp\/v2\/pages\/14598\/revisions"}],"predecessor-version":[{"id":14600,"href":"https:\/\/campingriotus.net\/it\/wp-json\/wp\/v2\/pages\/14598\/revisions\/14600"}],"wp:attachment":[{"href":"https:\/\/campingriotus.net\/it\/wp-json\/wp\/v2\/media?parent=14598"}],"curies":[{"name":"wp","href":"https:\/\/api.w.org\/{rel}","templated":true}]}}