{"id":14601,"date":"2021-09-22T17:22:52","date_gmt":"2021-09-22T15:22:52","guid":{"rendered":"https:\/\/campingriotus.net\/politica-di-confidenzialita\/"},"modified":"2021-09-22T17:22:52","modified_gmt":"2021-09-22T15:22:52","slug":"politica-di-confidenzialita","status":"publish","type":"page","link":"https:\/\/campingriotus.net\/it\/politica-di-confidenzialita\/","title":{"rendered":"Politica di Confidenzialit\u00e0"},"content":{"rendered":"<p>[et_pb_section fb_built=&#8221;1&#8243; _builder_version=&#8221;3.19.5&#8243;][et_pb_row _builder_version=&#8221;3.19.5&#8243;][et_pb_column type=&#8221;4_4&#8243; _builder_version=&#8221;3.19.5&#8243; parallax=&#8221;off&#8221; parallax_method=&#8221;on&#8221;][et_pb_text _builder_version=&#8221;3.19.5&#8243;]<\/p>\n<p><strong>1.- INFORMAZIONI SULLA PROTEZIONE DEI DATI:<\/strong><\/p>\n<p>\u00a0In Europa e in Spagna ci sono delle norme di protezione dei dati, destinate a proteggere i suoi dati personali, il cui compimento \u00e8 obbligatorio per la nostra azienda.<\/p>\n<p>\u00c8 quindi molto importante per noi che lei comprenda pienamente cosa faremo con i dati personali che le chiediamo.<\/p>\n<p>Saremo trasparenti e le daremo piena gestione del controllo dei suoi dati, con un linguaggio semplice e opzioni chiare che le permetteranno di decidere come disporre delle sue informazioni personali.<\/p>\n<p>Se ha delle domande dopo aver letto queste informazioni, non esiti a chiedere.<\/p>\n<p><strong>Per cosa useremo i suoi dati?<\/strong><\/p>\n<p>In generale, i suoi dati personali saranno utilizzati per mantenersi in contatto con lei, per poterle fornire i nostri servizi e per rispondere alle richieste che ci ha fatto attraverso i moduli del nostro sito web.<\/p>\n<p>Possono anche essere utilizzati per altre attivit\u00e0, come l&#8217;invio di pubblicit\u00e0 o la promozione delle nostre attivit\u00e0, nel qual caso avremo bisogno del suo permesso previo. A tal fine, le forniremo una serie di caselle di controllo che le permetteranno di fare una scelta chiara e semplice sull&#8217;uso delle sue informazioni personali.<\/p>\n<p>&nbsp;<\/p>\n<p><strong>2.- INFORMAZIONI AGGIUNTIVE.<\/strong><\/p>\n<p>CAMPING RIO TUS S.L. garantisce la protezione e la riservatezza dei dati personali, di qualsiasi natura, che ci vengono forniti, in conformit\u00e0 con le disposizioni del Regolamento generale sulla protezione dei dati personali.<\/p>\n<p><strong>2.1 Accesso alle informazioni fornite dall&#8217;utente.<\/strong><\/p>\n<p>In generale, solo il personale debitamente autorizzato della nostra entit\u00e0 pu\u00f2 avere conoscenza delle informazioni che le chiediamo.<\/p>\n<p>Allo stesso modo, potranno venire a conoscenza dei suoi dati personali quelle entit\u00e0 che ne hanno bisogno per poterle fornire i nostri servizi. Per esempio, la nostra banca conoscer\u00e0 i suoi dati se paga i nostri servizi con carta di credito o bonifico bancario.<\/p>\n<p>Inoltre, quelle entit\u00e0 pubbliche o private a cui siamo obbligati a fornire i suoi dati personali nel rispetto di qualsiasi legge saranno a conoscenza delle sue informazioni. Per farle un esempio, la legge fiscale rende obbligatorio fornire all&#8217;Agenzia delle Entrate certe informazioni sulle operazioni economiche che superano un certo importo.<\/p>\n<p>Nel caso in cui, a parte i casi sopra citati, abbiamo bisogno di divulgare i suoi dati personali ad altre entit\u00e0, le chiederemo il suo consenso preventivo attraverso opzioni chiare che le permetteranno di decidere in merito.<\/p>\n<p><strong>2.2 Tempo di conservazione dei dati.<\/strong><\/p>\n<p>Conserveremo i suoi dati per tutta la durata del nostro rapporto e finch\u00e9 saremo tenuti a farlo per legge. Dopo la scadenza dei termini legali applicabili, li smaltiremo in modo sicuro ed ecologico.<\/p>\n<p><strong>2.3. Accettazione e Consenso.<\/strong><\/p>\n<p>Come Utente del Sito Web dichiara di essere stato informato in merito alle condizioni sulla protezione dei dati di carattere personale, accettando e acconsentendo al trattamento degli stessi da parte di CAMPING RIO TUS S.L. nella modalit\u00e0 e ai fini indicati in questa Informativa sulla Privacy.<\/p>\n<p>Pu\u00f2 ritirare il suo consenso in qualsiasi momento se cambia idea sull&#8217;uso dei suoi dati.<\/p>\n<p>Per esempio, se a suo tempo lei era interessato a ricevere pubblicit\u00e0 dei nostri prodotti o servizi ma attualmente non pi\u00f9, pu\u00f2 farcelo sapere compilando il modulo di opposizione al trattamento, disponibile presso gli uffici della nostra entit\u00e0.<\/p>\n<p>Cambiamenti nella politica sulla privacy.<\/p>\n<p>CAMPEGGIO RIO TUS S.L.., si riserva il diritto di modificare questa politica per adattarla alla nuova legislazione o giurisprudenza.<\/p>\n<p><strong>2.5 Diritti dell&#8217;utente che fornisce i suoi dati personali.<\/strong><\/p>\n<p>Pu\u00f2 contattarci in qualsiasi momento per sapere quali informazioni abbiamo su di lei, rettificarle se non sono corrette e cancellarle a fine rapporto, quando ci\u00f2 \u00e8 legalmente possibile.<\/p>\n<p>Ha anche il diritto di richiedere il trasferimento delle sue informazioni a un&#8217;altra entit\u00e0. Questo diritto \u00e8 chiamato &#8220;portabilit\u00e0&#8221; e pu\u00f2 essere utile in certe situazioni.<\/p>\n<p>Per richiedere uno di questi diritti, deve fare una richiesta scritta al nostro indirizzo, insieme a una fotocopia del suo documento d&#8217;identit\u00e0, per poterla identificare.<\/p>\n<p>Negli uffici della nostra entit\u00e0 abbiamo moduli specifici per richiedere tali diritti e le offriamo il nostro aiuto per compilarli.<\/p>\n<p>Per saperne di pi\u00f9 sui suoi diritti in materia di protezione dei dati, pu\u00f2 consultare il sito web dell&#8217;Agenzia spagnola per la protezione dei dati (www.agpd.es).<\/p>\n<p><strong>2.6 Profilazione degli utenti.<\/strong><\/p>\n<p>La nostra politica \u00e8 quella di non profilare gli utenti dei nostri servizi. Tuttavia, ci possono essere situazioni in cui, per la fornitura di servizi, di marketing o\u00a0 per altri scopi, abbiamo bisogno di profilare informazioni su di lei. Un esempio potrebbe essere l&#8217;uso della cronologia dei suoi acquisti o servizi per offrirle prodotti o servizi su misura adattati ai suoi gusti o esigenze.<\/p>\n<p>In tal caso, la terremo sempre informato in anticipo e implementeremo misure di sicurezza efficaci per proteggere in ogni momento le sue informazioni\u00a0 da persone non autorizzate che pretendano usarle a proprio vantaggio.<\/p>\n<p>Uso dei dati per altri scopi.<\/p>\n<p>La nostra politica \u00e8 di non usare le sue informazioni per scopi diversi da quelli che le abbiamo elencato. Se, tuttavia, dovessimo aver bisogno di utilizzare i suoi dati per altre attivit\u00e0, le chiederemo sempre il suo permesso in anticipo, fornendole opzioni chiare che le consentano di decidere.<\/p>\n<p>Qualit\u00e0 dei dati trattati.<\/p>\n<p>La nostra politica \u00e8 di non raccogliere dati da persone di et\u00e0 inferiore ai tredici anni e nel caso in cui una persona di et\u00e0 inferiore ai tredici anni ce li fornisse, li distruggeremo immediatamente.<\/p>\n<p>Non deve fornirci dati falsi o di terzi senza il loro consenso. Lei \u00e8 responsabile della veridicit\u00e0 e dell&#8217;esattezza dei dati forniti.<\/p>\n<p><strong>2.7 Autorit\u00e0 davanti alla quale pu\u00f2 esercitare i suoi diritti.<\/strong><\/p>\n<p>\u00a0\u00c8 possibile presentare un reclamo al CAMPING RIO TUS S.L.,\u00a0 per poter soddisfare i suoi diritti in tale materia. In ogni caso, potr\u00e0 sempre rivolgersi all&#8217;Agenzia spagnola per la protezione dei dati in C\/ Jorge Juan n\u00ba 6, Madrid, l&#8217;autorit\u00e0 di controllo in materia di protezione dei dati.<\/p>\n<p>In conformit\u00e0 con le disposizioni del RGPD, l&#8217;utente pu\u00f2 esercitare i suoi diritti di accesso, rettifica, cancellazione, eliminazione, opposizione, limitazione o portabilit\u00e0, al seguente indirizzo: Cuesta de San Bartolom\u00e9 n\u00ba 11, 02480, Yeste, Albacete.<\/p>\n<p>[\/et_pb_text][\/et_pb_column][\/et_pb_row][\/et_pb_section]<\/p>\n","protected":false},"excerpt":{"rendered":"<p>1.- INFORMAZIONI SULLA PROTEZIONE DEI DATI: \u00a0In Europa e in Spagna ci sono delle norme di protezione dei dati, destinate a proteggere i suoi dati personali, il cui compimento \u00e8 obbligatorio per la nostra azienda. \u00c8 quindi molto importante per noi che lei comprenda pienamente cosa faremo con i dati personali che le chiediamo. Saremo [&hellip;]<\/p>\n","protected":false},"author":1,"featured_media":0,"parent":0,"menu_order":0,"comment_status":"closed","ping_status":"closed","template":"","meta":{"_acf_changed":false,"_et_pb_use_builder":"on","_et_pb_old_content":"","_et_gb_content_width":"","footnotes":""},"class_list":["post-14601","page","type-page","status-publish","hentry"],"acf":[],"yoast_head":"<!-- This site is optimized with the Yoast SEO plugin v27.5 - https:\/\/yoast.com\/product\/yoast-seo-wordpress\/ -->\n<title>Politica di Confidenzialit\u00e0<\/title>\n<meta name=\"robots\" content=\"noindex, follow\" \/>\n<meta property=\"og:locale\" content=\"it_IT\" \/>\n<meta property=\"og:type\" content=\"article\" \/>\n<meta property=\"og:title\" content=\"Politica di Confidenzialit\u00e0\" \/>\n<meta property=\"og:url\" content=\"https:\/\/campingriotus.net\/it\/politica-di-confidenzialita\/\" \/>\n<meta property=\"og:site_name\" content=\"CAMPING RIO TUS\" \/>\n<meta name=\"twitter:card\" content=\"summary_large_image\" \/>\n<meta name=\"twitter:label1\" content=\"Tempo di lettura stimato\" \/>\n\t<meta name=\"twitter:data1\" content=\"5 minuti\" \/>\n<script type=\"application\/ld+json\" class=\"yoast-schema-graph\">{\"@context\":\"https:\\\/\\\/schema.org\",\"@graph\":[{\"@type\":\"WebPage\",\"@id\":\"https:\\\/\\\/campingriotus.net\\\/it\\\/politica-di-confidenzialita\\\/\",\"url\":\"https:\\\/\\\/campingriotus.net\\\/it\\\/politica-di-confidenzialita\\\/\",\"name\":\"Politica di Confidenzialit\u00e0\",\"isPartOf\":{\"@id\":\"https:\\\/\\\/campingriotus.net\\\/it\\\/#website\"},\"datePublished\":\"2021-09-22T15:22:52+00:00\",\"breadcrumb\":{\"@id\":\"https:\\\/\\\/campingriotus.net\\\/it\\\/politica-di-confidenzialita\\\/#breadcrumb\"},\"inLanguage\":\"it-IT\",\"potentialAction\":[{\"@type\":\"ReadAction\",\"target\":[\"https:\\\/\\\/campingriotus.net\\\/it\\\/politica-di-confidenzialita\\\/\"]}]},{\"@type\":\"BreadcrumbList\",\"@id\":\"https:\\\/\\\/campingriotus.net\\\/it\\\/politica-di-confidenzialita\\\/#breadcrumb\",\"itemListElement\":[{\"@type\":\"ListItem\",\"position\":1,\"name\":\"Portada\",\"item\":\"https:\\\/\\\/campingriotus.net\\\/it\\\/\"},{\"@type\":\"ListItem\",\"position\":2,\"name\":\"Politica di Confidenzialit\u00e0\"}]},{\"@type\":\"WebSite\",\"@id\":\"https:\\\/\\\/campingriotus.net\\\/it\\\/#website\",\"url\":\"https:\\\/\\\/campingriotus.net\\\/it\\\/\",\"name\":\"CAMPING RIO TUS\",\"description\":\"CAMPING RIO TUS\",\"publisher\":{\"@id\":\"https:\\\/\\\/campingriotus.net\\\/it\\\/#organization\"},\"potentialAction\":[{\"@type\":\"SearchAction\",\"target\":{\"@type\":\"EntryPoint\",\"urlTemplate\":\"https:\\\/\\\/campingriotus.net\\\/it\\\/?s={search_term_string}\"},\"query-input\":{\"@type\":\"PropertyValueSpecification\",\"valueRequired\":true,\"valueName\":\"search_term_string\"}}],\"inLanguage\":\"it-IT\"},{\"@type\":\"Organization\",\"@id\":\"https:\\\/\\\/campingriotus.net\\\/it\\\/#organization\",\"name\":\"CAMPING RIO TUS S.L.\",\"url\":\"https:\\\/\\\/campingriotus.net\\\/it\\\/\",\"logo\":{\"@type\":\"ImageObject\",\"inLanguage\":\"it-IT\",\"@id\":\"https:\\\/\\\/campingriotus.net\\\/it\\\/#\\\/schema\\\/logo\\\/image\\\/\",\"url\":\"https:\\\/\\\/campingriotus.net\\\/wp-content\\\/uploads\\\/2018\\\/12\\\/camping-rio-tus-logo.png\",\"contentUrl\":\"https:\\\/\\\/campingriotus.net\\\/wp-content\\\/uploads\\\/2018\\\/12\\\/camping-rio-tus-logo.png\",\"width\":382,\"height\":247,\"caption\":\"CAMPING RIO TUS S.L.\"},\"image\":{\"@id\":\"https:\\\/\\\/campingriotus.net\\\/it\\\/#\\\/schema\\\/logo\\\/image\\\/\"}}]}<\/script>\n<!-- \/ Yoast SEO plugin. -->","yoast_head_json":{"title":"Politica di Confidenzialit\u00e0","robots":{"index":"noindex","follow":"follow"},"og_locale":"it_IT","og_type":"article","og_title":"Politica di Confidenzialit\u00e0","og_url":"https:\/\/campingriotus.net\/it\/politica-di-confidenzialita\/","og_site_name":"CAMPING RIO TUS","twitter_card":"summary_large_image","twitter_misc":{"Tempo di lettura stimato":"5 minuti"},"schema":{"@context":"https:\/\/schema.org","@graph":[{"@type":"WebPage","@id":"https:\/\/campingriotus.net\/it\/politica-di-confidenzialita\/","url":"https:\/\/campingriotus.net\/it\/politica-di-confidenzialita\/","name":"Politica di Confidenzialit\u00e0","isPartOf":{"@id":"https:\/\/campingriotus.net\/it\/#website"},"datePublished":"2021-09-22T15:22:52+00:00","breadcrumb":{"@id":"https:\/\/campingriotus.net\/it\/politica-di-confidenzialita\/#breadcrumb"},"inLanguage":"it-IT","potentialAction":[{"@type":"ReadAction","target":["https:\/\/campingriotus.net\/it\/politica-di-confidenzialita\/"]}]},{"@type":"BreadcrumbList","@id":"https:\/\/campingriotus.net\/it\/politica-di-confidenzialita\/#breadcrumb","itemListElement":[{"@type":"ListItem","position":1,"name":"Portada","item":"https:\/\/campingriotus.net\/it\/"},{"@type":"ListItem","position":2,"name":"Politica di Confidenzialit\u00e0"}]},{"@type":"WebSite","@id":"https:\/\/campingriotus.net\/it\/#website","url":"https:\/\/campingriotus.net\/it\/","name":"CAMPING RIO TUS","description":"CAMPING RIO TUS","publisher":{"@id":"https:\/\/campingriotus.net\/it\/#organization"},"potentialAction":[{"@type":"SearchAction","target":{"@type":"EntryPoint","urlTemplate":"https:\/\/campingriotus.net\/it\/?s={search_term_string}"},"query-input":{"@type":"PropertyValueSpecification","valueRequired":true,"valueName":"search_term_string"}}],"inLanguage":"it-IT"},{"@type":"Organization","@id":"https:\/\/campingriotus.net\/it\/#organization","name":"CAMPING RIO TUS S.L.","url":"https:\/\/campingriotus.net\/it\/","logo":{"@type":"ImageObject","inLanguage":"it-IT","@id":"https:\/\/campingriotus.net\/it\/#\/schema\/logo\/image\/","url":"https:\/\/campingriotus.net\/wp-content\/uploads\/2018\/12\/camping-rio-tus-logo.png","contentUrl":"https:\/\/campingriotus.net\/wp-content\/uploads\/2018\/12\/camping-rio-tus-logo.png","width":382,"height":247,"caption":"CAMPING RIO TUS S.L."},"image":{"@id":"https:\/\/campingriotus.net\/it\/#\/schema\/logo\/image\/"}}]}},"_links":{"self":[{"href":"https:\/\/campingriotus.net\/it\/wp-json\/wp\/v2\/pages\/14601","targetHints":{"allow":["GET"]}}],"collection":[{"href":"https:\/\/campingriotus.net\/it\/wp-json\/wp\/v2\/pages"}],"about":[{"href":"https:\/\/campingriotus.net\/it\/wp-json\/wp\/v2\/types\/page"}],"author":[{"embeddable":true,"href":"https:\/\/campingriotus.net\/it\/wp-json\/wp\/v2\/users\/1"}],"replies":[{"embeddable":true,"href":"https:\/\/campingriotus.net\/it\/wp-json\/wp\/v2\/comments?post=14601"}],"version-history":[{"count":2,"href":"https:\/\/campingriotus.net\/it\/wp-json\/wp\/v2\/pages\/14601\/revisions"}],"predecessor-version":[{"id":14603,"href":"https:\/\/campingriotus.net\/it\/wp-json\/wp\/v2\/pages\/14601\/revisions\/14603"}],"wp:attachment":[{"href":"https:\/\/campingriotus.net\/it\/wp-json\/wp\/v2\/media?parent=14601"}],"curies":[{"name":"wp","href":"https:\/\/api.w.org\/{rel}","templated":true}]}}